{"id":24192,"date":"2025-04-13T17:41:13","date_gmt":"2025-04-13T17:41:13","guid":{"rendered":"https:\/\/onderzoekschemicals.com\/?post_type=product&#038;p=24192"},"modified":"2025-10-12T20:43:01","modified_gmt":"2025-10-12T20:43:01","slug":"3-fpm-kopen","status":"publish","type":"product","link":"https:\/\/onderzoekschemicals.com\/cs\/shop\/b2b\/3-fpm-kopen\/","title":{"rendered":"Krabi\u010dka RC+ Fluor 3-FPM 50 mg"},"content":{"rendered":"<h3 data-start=\"4920\" data-end=\"4939\"><strong data-start=\"4924\" data-end=\"4939\">Zaveden\u00ed<\/strong><\/h3>\n<p data-start=\"4940\" data-end=\"5222\">The <strong data-start=\"4943\" data-end=\"4971\">Krabi\u010dka RC+ Fluor 3-FPM 50 mg<\/strong> je a <strong data-start=\"4979\" data-end=\"5009\">vysoce \u010dist\u00e1 v\u00fdzkumn\u00e1 l\u00e1tka<\/strong> z <strong data-start=\"5017\" data-end=\"5054\">fenethylaminu a stimulant\u016f<\/strong>Chemicky zn\u00e1m\u00fd jako <strong data-start=\"5076\" data-end=\"5099\">3-Fluorfenmetrazin<\/strong>, je tohle <strong data-start=\"5112\" data-end=\"5153\">fluorovan\u00e1 varianta fenmetrazinu<\/strong>, vyvinut\u00fd pro <strong data-start=\"5171\" data-end=\"5219\">neurochemick\u00fd a psychostimula\u010dn\u00ed v\u00fdzkum<\/strong>. 3 fpm koupit<\/p>\n<p data-start=\"5224\" data-end=\"5556\">D\u00edky struktu\u0159e m\u00e1 vliv na <strong data-start=\"5263\" data-end=\"5302\">zp\u011btn\u00e9 vychyt\u00e1v\u00e1n\u00ed dopaminu a noradrenalinu<\/strong> jsou rozs\u00e1hle studov\u00e1ny. D\u00edky tomu je cenn\u00fdm materi\u00e1lem pro <strong data-start=\"5375\" data-end=\"5449\">behavior\u00e1ln\u00ed neurov\u011bda, farmakologick\u00fd v\u00fdzkum a analytick\u00e1 chemie<\/strong>Ka\u017ed\u00e1 50mg tableta je pe\u010dliv\u011b vyrobena pro maxim\u00e1ln\u00ed <strong data-start=\"5509\" data-end=\"5555\">p\u0159esnost, \u010distota a konzistence<\/strong>.<\/p>\n<hr data-start=\"5558\" data-end=\"5561\" \/>\n<h3 data-start=\"5563\" data-end=\"5594\"><strong data-start=\"5567\" data-end=\"5594\">Kl\u00ed\u010dov\u00e9 vlastnosti<\/strong><\/h3>\n<ul data-start=\"5595\" data-end=\"6109\">\n<li data-start=\"5595\" data-end=\"5680\">\n<p data-start=\"5597\" data-end=\"5680\"><strong data-start=\"5597\" data-end=\"5623\">Analytick\u00e1 kvalita:<\/strong> Obsahuje <strong data-start=\"5630\" data-end=\"5666\">50 mg 3-fluorfenmetrazinu (3-FPM)<\/strong> na tabletu.<\/p>\n<\/li>\n<li data-start=\"5681\" data-end=\"5763\">\n<p data-start=\"5683\" data-end=\"5763\"><strong data-start=\"5683\" data-end=\"5708\">\u010cistota v\u00fdzkumu:<\/strong> Testov\u00e1no na <strong data-start=\"5719\" data-end=\"5760\">chemick\u00e1 konzistence a stabilita<\/strong>.<\/p>\n<\/li>\n<li data-start=\"5764\" data-end=\"5889\">\n<p data-start=\"5766\" data-end=\"5889\"><strong data-start=\"5766\" data-end=\"5799\">Profesion\u00e1ln\u00ed RC+ balen\u00ed:<\/strong> Doru\u010deno v <strong data-start=\"5812\" data-end=\"5849\">vlhkostot\u011bsn\u00e9, uzav\u0159en\u00e9 krabice<\/strong> s jasn\u00fdmi laboratorn\u00edmi \u0161t\u00edtky.<\/p>\n<\/li>\n<li data-start=\"5890\" data-end=\"5982\">\n<p data-start=\"5892\" data-end=\"5982\"><strong data-start=\"5892\" data-end=\"5924\">Sledovateln\u00e9 informace o \u0161ar\u017ei:<\/strong> Ka\u017ed\u00e1 v\u00e1rka obsahuje <strong data-start=\"5942\" data-end=\"5979\">\u010d\u00edsla \u0161ar\u017e\u00ed a certifik\u00e1ty anal\u00fdzy<\/strong>.<\/p>\n<\/li>\n<li data-start=\"5983\" data-end=\"6109\">\n<p data-start=\"5985\" data-end=\"6109\"><strong data-start=\"5985\" data-end=\"6021\">Spolehliv\u00e1 reprodukovatelnost:<\/strong> Navr\u017eeno pro <strong data-start=\"6037\" data-end=\"6061\">konzistentn\u00ed v\u00fdsledky<\/strong> v kontrolovan\u00fdch laboratorn\u00edch podm\u00ednk\u00e1ch.<\/p>\n<\/li>\n<\/ul>\n<hr data-start=\"6111\" data-end=\"6114\" \/>\n<h3 data-start=\"6116\" data-end=\"6133\"><strong data-start=\"6120\" data-end=\"6133\">V\u00fdhody<\/strong><\/h3>\n<ul data-start=\"6134\" data-end=\"6559\">\n<li data-start=\"6134\" data-end=\"6209\">\n<p data-start=\"6136\" data-end=\"6209\">Vhodn\u00e9 pro <strong data-start=\"6150\" data-end=\"6177\">neurochemick\u00e9 vy\u0161et\u0159en\u00ed<\/strong> k stimuluj\u00edc\u00ed aktivit\u011b.<\/p>\n<\/li>\n<li data-start=\"6210\" data-end=\"6299\">\n<p data-start=\"6212\" data-end=\"6299\">Podporuje <strong data-start=\"6224\" data-end=\"6250\">srovn\u00e1vac\u00ed anal\u00fdzy<\/strong> s fenmetrazinem a podobn\u00fdmi slou\u010deninami.<\/p>\n<\/li>\n<li data-start=\"6300\" data-end=\"6380\">\n<p data-start=\"6302\" data-end=\"6380\">Pou\u017eiteln\u00e9 v <strong data-start=\"6316\" data-end=\"6351\">behavior\u00e1ln\u00ed a kognitivn\u00ed v\u00fdzkum<\/strong> na stimula\u010dn\u00ed mechanismy.<\/p>\n<\/li>\n<li data-start=\"6381\" data-end=\"6455\">\n<p data-start=\"6383\" data-end=\"6455\">Nab\u00eddky <strong data-start=\"6389\" data-end=\"6431\">stabiln\u00ed farmakologick\u00e9 vlastnosti<\/strong> pro opakovan\u00e9 testov\u00e1n\u00ed.<\/p>\n<\/li>\n<li data-start=\"6456\" data-end=\"6559\">\n<p data-start=\"6458\" data-end=\"6559\">Ide\u00e1ln\u00ed pro <strong data-start=\"6470\" data-end=\"6520\">akademick\u00fd, forenzn\u00ed a analytick\u00fd v\u00fdzkum<\/strong> zam\u011b\u0159en\u00e9 na <strong data-start=\"6532\" data-end=\"6556\">dopaminergn\u00ed syst\u00e9my<\/strong>. 3 fpm koupit<\/p>\n<\/li>\n<\/ul>\n<hr data-start=\"6561\" data-end=\"6564\" \/>\n<h3 data-start=\"6566\" data-end=\"6581\"><strong data-start=\"6570\" data-end=\"6581\">Pou\u017e\u00edv\u00e1n\u00ed<\/strong><\/h3>\n<p data-start=\"6582\" data-end=\"6706\">The <strong data-start=\"6585\" data-end=\"6613\">Krabi\u010dka RC+ Fluor 3-FPM 50 mg<\/strong> je ur\u010den v\u00fdhradn\u011b pro <strong data-start=\"6642\" data-end=\"6680\">v\u00fdzkumn\u00e9 a analytick\u00e9 aplikace<\/strong>.<br data-start=\"6681\" data-end=\"6684\" \/>V\u00fdzkumn\u00edci by m\u011bli:<\/p>\n<ul data-start=\"6707\" data-end=\"6979\">\n<li data-start=\"6707\" data-end=\"6784\">\n<p data-start=\"6709\" data-end=\"6784\">Noste ochrann\u00fd od\u011bv (<strong data-start=\"6741\" data-end=\"6780\">rukavice, ochrann\u00e9 br\u00fdle, laboratorn\u00ed pl\u00e1\u0161\u0165<\/strong>).<\/p>\n<\/li>\n<li data-start=\"6785\" data-end=\"6857\">\n<p data-start=\"6787\" data-end=\"6857\">Skladovat pod <strong data-start=\"6804\" data-end=\"6812\">25 \u00b0C<\/strong> na <strong data-start=\"6820\" data-end=\"6854\">chladn\u00e9m, such\u00e9m a tmav\u00e9m m\u00edst\u011b<\/strong>.<\/p>\n<\/li>\n<li data-start=\"6858\" data-end=\"6913\">\n<p data-start=\"6860\" data-end=\"6913\">Kontakt s <strong data-start=\"6872\" data-end=\"6897\">sv\u011btlo, vzduch a vlhkost<\/strong> vyhnout se.<\/p>\n<\/li>\n<li data-start=\"6914\" data-end=\"6979\">\n<p data-start=\"6916\" data-end=\"6979\"><strong data-start=\"6916\" data-end=\"6950\">Kalibrovan\u00e9 m\u011b\u0159ic\u00ed p\u0159\u00edstroje<\/strong> k pou\u017eit\u00ed pro anal\u00fdzu.<\/p>\n<\/li>\n<\/ul>\n<hr data-start=\"6981\" data-end=\"6984\" \/>\n<h3 data-start=\"6986\" data-end=\"7015\"><strong data-start=\"6990\" data-end=\"7015\">Bezpe\u010dnostn\u00ed informace<\/strong><\/h3>\n<ul data-start=\"7016\" data-end=\"7225\">\n<li data-start=\"7016\" data-end=\"7056\">\n<p data-start=\"7018\" data-end=\"7056\">Pouze pro <strong data-start=\"7030\" data-end=\"7053\">laboratorn\u00ed pou\u017eit\u00ed<\/strong>.<\/p>\n<\/li>\n<li data-start=\"7057\" data-end=\"7110\">\n<p data-start=\"7059\" data-end=\"7110\"><strong data-start=\"7059\" data-end=\"7107\">Nen\u00ed ur\u010deno ke konzumaci lidmi nebo zv\u00ed\u0159aty<\/strong>.<\/p>\n<\/li>\n<li data-start=\"7111\" data-end=\"7167\">\n<p data-start=\"7113\" data-end=\"7167\">V\u017edy dodr\u017eujte <strong data-start=\"7128\" data-end=\"7164\">standardn\u00ed bezpe\u010dnostn\u00ed pokyny<\/strong>.<\/p>\n<\/li>\n<li data-start=\"7168\" data-end=\"7225\">\n<p data-start=\"7170\" data-end=\"7225\">Mimo dosah <strong data-start=\"7188\" data-end=\"7215\">d\u011bti a neopr\u00e1vn\u011bn\u00e9 osoby<\/strong> udr\u017eet.<\/p>\n<\/li>\n<\/ul>\n<hr data-start=\"7227\" data-end=\"7230\" \/>\n<h3 data-start=\"7232\" data-end=\"7265\"><strong data-start=\"7236\" data-end=\"7265\">\u010casto kladen\u00e9 ot\u00e1zky (FAQ)<\/strong><\/h3>\n<p data-start=\"7267\" data-end=\"7465\"><strong data-start=\"7267\" data-end=\"7323\">1. K \u010demu se pou\u017e\u00edv\u00e1 RC+ Fluor 3-FPM 50mg krabi\u010dka?<\/strong><br data-start=\"7323\" data-end=\"7326\" \/>Pou\u017e\u00edv\u00e1 se pro <strong data-start=\"7350\" data-end=\"7380\">v\u011bdeck\u00fd v\u00fdzkum<\/strong> o vlivu stimulant\u016f na transport\u00e9ry dopaminu a noradrenalinu.<\/p>\n<p data-start=\"7467\" data-end=\"7660\"><strong data-start=\"7467\" data-end=\"7523\">2. Jak\u00fd je rozd\u00edl mezi 3-FPM a fenmetrazinem?<\/strong><br data-start=\"7523\" data-end=\"7526\" \/>3-FPM obsahuje <strong data-start=\"7542\" data-end=\"7568\">substituce atomu fluoru<\/strong>, co\u017e zaji\u0161\u0165uje <strong data-start=\"7585\" data-end=\"7629\">zm\u011bn\u011bn\u00e9 farmakologick\u00e9 vlastnosti<\/strong> ve srovn\u00e1n\u00ed s fenmetrazinem.<\/p>\n<p data-start=\"7662\" data-end=\"7834\"><strong data-start=\"7662\" data-end=\"7697\">3. Jak by se to m\u011blo skladovat?<\/strong><br data-start=\"7697\" data-end=\"7700\" \/>U\u0161et\u0159ete na <strong data-start=\"7714\" data-end=\"7748\">chladn\u00e9m, such\u00e9m a tmav\u00e9m m\u00edst\u011b<\/strong>, nejl\u00e9pe v <strong data-start=\"7769\" data-end=\"7804\">origin\u00e1ln\u00ed uzav\u0159en\u00fd obal<\/strong> aby si zachovala \u010distotu.<\/p>\n<hr data-start=\"7836\" data-end=\"7839\" \/>\n<h3 data-start=\"7841\" data-end=\"7858\"><strong data-start=\"7845\" data-end=\"7858\">Z\u00e1v\u011br<\/strong><\/h3>\n<p data-start=\"7859\" data-end=\"8185\">The <strong data-start=\"7862\" data-end=\"7890\">Krabi\u010dka RC+ Fluor 3-FPM 50 mg<\/strong> je a <strong data-start=\"7898\" data-end=\"7952\">spolehliv\u00e1 volba pro laborato\u0159e a v\u00fdzkumn\u00edky<\/strong> kte\u0159\u00ed se zaj\u00edmaj\u00ed o <strong data-start=\"7978\" data-end=\"8042\">stimuluj\u00edc\u00ed v\u00fdzkum v oblasti farmakologie a neurov\u011bdy<\/strong>D\u00edky <strong data-start=\"8055\" data-end=\"8122\">vysok\u00e1 \u010distota, p\u0159esn\u00e9 d\u00e1vkov\u00e1n\u00ed a bezpe\u010dn\u00e9 balen\u00ed RC+<\/strong> nab\u00edz\u00ed to <strong data-start=\"8133\" data-end=\"8184\">konzistentn\u00ed a reprodukovateln\u00e9 v\u00fdsledky v\u00fdzkumu<\/strong>.<\/p>","protected":false},"excerpt":{"rendered":"<p>\u00davod: RC+ Fluor 3-FPM 50mg Box je vysoce \u010dist\u00e1 v\u00fdzkumn\u00e1 chemik\u00e1lie ze skupiny fenethylaminu a stimulant\u016f. Chemicky zn\u00e1m\u00e1 jako 3-fluorfenmetrazin.<\/p>","protected":false},"featured_media":20535,"comment_status":"closed","ping_status":"closed","template":"","meta":[],"product_brand":[82],"product_cat":[555],"product_tag":[881,606,601,605,326],"class_list":{"0":"post-24192","1":"product","2":"type-product","3":"status-publish","4":"has-post-thumbnail","6":"product_brand-research-chemical","7":"product_cat-b2b","8":"product_tag-3-fpm-kopen","9":"product_tag-3-fluorophenmetrazine","10":"product_tag-3-fpm","11":"product_tag-3fpm","12":"product_tag-nl","14":"first","15":"instock","16":"taxable","17":"shipping-taxable","18":"purchasable","19":"product-type-variable"},"_links":{"self":[{"href":"https:\/\/onderzoekschemicals.com\/cs\/wp-json\/wp\/v2\/product\/24192","targetHints":{"allow":["GET"]}}],"collection":[{"href":"https:\/\/onderzoekschemicals.com\/cs\/wp-json\/wp\/v2\/product"}],"about":[{"href":"https:\/\/onderzoekschemicals.com\/cs\/wp-json\/wp\/v2\/types\/product"}],"replies":[{"embeddable":true,"href":"https:\/\/onderzoekschemicals.com\/cs\/wp-json\/wp\/v2\/comments?post=24192"}],"version-history":[{"count":4,"href":"https:\/\/onderzoekschemicals.com\/cs\/wp-json\/wp\/v2\/product\/24192\/revisions"}],"predecessor-version":[{"id":27845,"href":"https:\/\/onderzoekschemicals.com\/cs\/wp-json\/wp\/v2\/product\/24192\/revisions\/27845"}],"wp:featuredmedia":[{"embeddable":true,"href":"https:\/\/onderzoekschemicals.com\/cs\/wp-json\/wp\/v2\/media\/20535"}],"wp:attachment":[{"href":"https:\/\/onderzoekschemicals.com\/cs\/wp-json\/wp\/v2\/media?parent=24192"}],"wp:term":[{"taxonomy":"product_brand","embeddable":true,"href":"https:\/\/onderzoekschemicals.com\/cs\/wp-json\/wp\/v2\/product_brand?post=24192"},{"taxonomy":"product_cat","embeddable":true,"href":"https:\/\/onderzoekschemicals.com\/cs\/wp-json\/wp\/v2\/product_cat?post=24192"},{"taxonomy":"product_tag","embeddable":true,"href":"https:\/\/onderzoekschemicals.com\/cs\/wp-json\/wp\/v2\/product_tag?post=24192"}],"curies":[{"name":"wp","href":"https:\/\/api.w.org\/{rel}","templated":true}]}}