{"id":24148,"date":"2025-04-13T17:41:08","date_gmt":"2025-04-13T17:41:08","guid":{"rendered":"https:\/\/onderzoekschemicals.com\/?post_type=product&#038;p=24148"},"modified":"2025-10-14T07:52:32","modified_gmt":"2025-10-14T07:52:32","slug":"purple-mandala","status":"publish","type":"product","link":"https:\/\/onderzoekschemicals.com\/cs\/shop\/b2b\/purple-mandala\/","title":{"rendered":"Fialov\u00e1 mandala"},"content":{"rendered":"<h3 data-start=\"4465\" data-end=\"4486\"><strong data-start=\"4469\" data-end=\"4484\">Zaveden\u00ed<\/strong><\/h3>\n<p data-start=\"4487\" data-end=\"4863\">The <strong data-start=\"4490\" data-end=\"4508\">Fialov\u00e1 mandala<\/strong> Fialov\u00e1 mandala je v\u00edce ne\u017e jen um\u011bleck\u00e9 d\u00edlo, je nad\u010dasov\u00fdm symbolem harmonie, rovnov\u00e1hy a duchovn\u00edho uv\u011bdom\u011bn\u00ed. D\u00edky sv\u00fdm jemn\u00fdm vzor\u016fm a syt\u00fdm fialov\u00fdm odst\u00edn\u016fm tento design vyza\u0159uje klid, kreativitu a pozitivitu. A\u0165 u\u017e je pou\u017eita jako n\u00e1st\u011bnn\u00e1 dekorace, medita\u010dn\u00ed pom\u016fcka nebo ozdoba pro j\u00f3gu, Fialov\u00e1 mandala p\u0159in\u00e1\u0161\u00ed klid a inspiraci do jak\u00e9hokoli prostoru.<\/p>\n<p data-start=\"4865\" data-end=\"5126\">Mandala, hluboce zako\u0159en\u011bn\u00e1 ve starov\u011bk\u00fdch duchovn\u00edch tradic\u00edch, symbolizuje vesm\u00edr a cestu k sebeuv\u011bdom\u011bn\u00ed. Barva <strong data-start=\"4996\" data-end=\"5005\">fialov\u00e1<\/strong> \u2013 spojov\u00e1n s moudrost\u00ed, intuic\u00ed a osv\u00edcen\u00edm \u2013 zesiluje uklid\u0148uj\u00edc\u00ed a meditativn\u00ed \u00fa\u010dinek tohoto um\u011bleck\u00e9ho d\u00edla.<\/p>\n<hr data-start=\"5128\" data-end=\"5131\" \/>\n<h3 data-start=\"5133\" data-end=\"5166\"><strong data-start=\"5137\" data-end=\"5164\">Kl\u00ed\u010dov\u00e9 vlastnosti<\/strong><\/h3>\n<ul data-start=\"5167\" data-end=\"5812\">\n<li data-start=\"5167\" data-end=\"5257\">\n<p data-start=\"5169\" data-end=\"5257\"><strong data-start=\"5169\" data-end=\"5189\">Hlubok\u00fd symbolismus:<\/strong> P\u0159edstavuje duchovn\u00ed r\u016fst, rovnov\u00e1hu a univerz\u00e1ln\u00ed harmonii.<\/p>\n<\/li>\n<li data-start=\"5258\" data-end=\"5357\">\n<p data-start=\"5260\" data-end=\"5357\"><strong data-start=\"5260\" data-end=\"5281\">\u017div\u00fd design:<\/strong> Kombinuje tmav\u011b fialov\u00e9 a \u0161e\u0159\u00edkov\u00e9 odst\u00edny, kter\u00e9 evokuj\u00ed kreativitu a klid.<\/p>\n<\/li>\n<li data-start=\"5358\" data-end=\"5483\">\n<p data-start=\"5360\" data-end=\"5483\"><strong data-start=\"5360\" data-end=\"5388\">Vysoce kvalitn\u00ed materi\u00e1ly:<\/strong> K dispozici jako tisk, pl\u00e1tno, n\u00e1st\u011bnn\u00e1 dekorace nebo digit\u00e1ln\u00ed soubor (v z\u00e1vislosti na typu produktu).<\/p>\n<\/li>\n<li data-start=\"5484\" data-end=\"5593\">\n<p data-start=\"5486\" data-end=\"5593\"><strong data-start=\"5486\" data-end=\"5509\">V\u0161estrann\u00e9 pou\u017eit\u00ed:<\/strong> Ide\u00e1ln\u00ed pro n\u00e1st\u011bnn\u00e9 dekorace, medita\u010dn\u00ed koutky, j\u00f3gov\u00e1 studia nebo prostory pro v\u0161\u00edmavost.<\/p>\n<\/li>\n<li data-start=\"5594\" data-end=\"5699\">\n<p data-start=\"5596\" data-end=\"5699\"><strong data-start=\"5596\" data-end=\"5629\">Udr\u017eiteln\u00e9 a \u0161etrn\u00e9 k \u017eivotn\u00edmu prost\u0159ed\u00ed:<\/strong> Poti\u0161t\u011bno netoxick\u00fdmi, barevn\u011b st\u00e1lobarevn\u00fdmi inkousty na odoln\u00fdch materi\u00e1lech.<\/p>\n<\/li>\n<li data-start=\"5700\" data-end=\"5812\">\n<p data-start=\"5702\" data-end=\"5812\"><strong data-start=\"5702\" data-end=\"5726\">Smyslupln\u00fd d\u00e1rek:<\/strong> Kr\u00e1sn\u00fd d\u00e1rek pro duchovn\u011b hledaj\u00edc\u00ed, um\u011blce a milovn\u00edky meditace.<\/p>\n<\/li>\n<\/ul>\n<hr data-start=\"5814\" data-end=\"5817\" \/>\n<h3 data-start=\"5819\" data-end=\"5838\"><strong data-start=\"5823\" data-end=\"5836\">V\u00fdhody<\/strong><\/h3>\n<p data-start=\"5839\" data-end=\"5980\">\u2705 <strong data-start=\"5841\" data-end=\"5874\">Podporuje relaxaci a soust\u0159ed\u011bn\u00ed<\/strong> \u2013 Symetrick\u00e1 geometrie mandaly pom\u00e1h\u00e1 uklidnit mysl a zlep\u0161it soust\u0159ed\u011bn\u00ed.<\/p>\n<p data-start=\"5982\" data-end=\"6127\">\u2705 <strong data-start=\"5984\" data-end=\"6008\">Obohacuje ka\u017ed\u00fd prostor<\/strong> \u2013 Fialov\u00e9 t\u00f3ny dodaj\u00ed ka\u017ed\u00e9mu interi\u00e9ru eleganci a klid \u2013 ide\u00e1ln\u00ed do ob\u00fdvac\u00edch pokoj\u016f, lo\u017enic a ateli\u00e9r\u016f.<\/p>\n<p data-start=\"6129\" data-end=\"6241\">\u2705 <strong data-start=\"6131\" data-end=\"6151\">Siln\u00e1 symbolika<\/strong> \u2013 Fialov\u00e1 mandala je ka\u017edodenn\u00ed p\u0159ipom\u00ednkou rovnov\u00e1hy, v\u0161\u00edmavosti a vnit\u0159n\u00ed harmonie.<\/p>\n<p data-start=\"6243\" data-end=\"6349\">\u2705 <strong data-start=\"6245\" data-end=\"6269\">Odoln\u00e9 a barevn\u011b st\u00e1l\u00e9<\/strong> \u2013 Vyrobeno z vysoce kvalitn\u00edch materi\u00e1l\u016f, kter\u00e9 zaji\u0161\u0165uj\u00ed dlouhotrvaj\u00edc\u00ed z\u00e1\u0159ivost.<\/p>\n<p data-start=\"6351\" data-end=\"6463\">\u2705 <strong data-start=\"6353\" data-end=\"6389\">Stimuluje duchovn\u00ed spojen\u00ed<\/strong> \u2013 Hloubka designu povzbuzuje k sebereflexi a uv\u011bdom\u011bn\u00ed si. Fialov\u00e1 mandala<\/p>\n<hr data-start=\"6465\" data-end=\"6468\" \/>\n<h3 data-start=\"6470\" data-end=\"6496\"><strong data-start=\"6474\" data-end=\"6494\">Jak pou\u017e\u00edvat<\/strong><\/h3>\n<blockquote data-start=\"6497\" data-end=\"6608\">\n<p data-start=\"6499\" data-end=\"6608\">\ud83e\udeb7 <em data-start=\"6502\" data-end=\"6608\">Pou\u017eijte Fialovou mandalu k vytvo\u0159en\u00ed uklid\u0148uj\u00edc\u00ed a pozitivn\u00ed atmosf\u00e9ry doma nebo b\u011bhem meditace.<\/em><\/p>\n<\/blockquote>\n<ol data-start=\"6610\" data-end=\"7053\">\n<li data-start=\"6610\" data-end=\"6730\">\n<p data-start=\"6613\" data-end=\"6730\"><strong data-start=\"6613\" data-end=\"6635\">Jako dekorace na ze\u010f:<\/strong> Zav\u011bste mandalu v medita\u010dn\u00ed m\u00edstnosti, j\u00f3gov\u00e9m studiu nebo lo\u017enici pro uklid\u0148uj\u00edc\u00ed efekt.<\/p>\n<\/li>\n<li data-start=\"6731\" data-end=\"6839\">\n<p data-start=\"6734\" data-end=\"6839\"><strong data-start=\"6734\" data-end=\"6752\">V meditaci:<\/strong> Soust\u0159e\u010fte sv\u016fj pohled na st\u0159ed mandaly a nechte sv\u00e9 my\u0161lenky pomalu uti\u0161it.<\/p>\n<\/li>\n<li data-start=\"6840\" data-end=\"6939\">\n<p data-start=\"6843\" data-end=\"6939\"><strong data-start=\"6843\" data-end=\"6862\">V m\u00edstnostech pro j\u00f3gu:<\/strong> Pou\u017eijte mandalu jako dekorativn\u00ed pozad\u00ed pro uklid\u0148uj\u00edc\u00ed atmosf\u00e9ru.<\/p>\n<\/li>\n<li data-start=\"6940\" data-end=\"7053\">\n<p data-start=\"6943\" data-end=\"7053\"><strong data-start=\"6943\" data-end=\"6958\">Jako d\u00e1rek:<\/strong> Zvl\u00e1\u0161tn\u00ed a symbolick\u00fd d\u00e1rek pro ka\u017ed\u00e9ho, kdo si cen\u00ed klidu, rovnov\u00e1hy a kr\u00e1sy.<\/p>\n<\/li>\n<\/ol>\n<hr data-start=\"7055\" data-end=\"7058\" \/>\n<h3 data-start=\"7060\" data-end=\"7095\"><strong data-start=\"7064\" data-end=\"7093\">\u010casto kladen\u00e9 ot\u00e1zky (FAQ)<\/strong><\/h3>\n<p data-start=\"7097\" data-end=\"7332\"><strong data-start=\"7097\" data-end=\"7139\">1. Co symbolizuje fialov\u00e1 mandala?<\/strong><br data-start=\"7139\" data-end=\"7142\" \/>Fialov\u00e1 mandala p\u0159edstavuje duchovn\u00ed uv\u011bdom\u011bn\u00ed, rovnov\u00e1hu a transformaci. Fialov\u00e1 je barvou moudrosti a osv\u00edcen\u00ed, zat\u00edmco kruh p\u0159edstavuje nekone\u010dno a harmonii.<\/p>\n<p data-start=\"7334\" data-end=\"7504\"><strong data-start=\"7334\" data-end=\"7382\">2. Hod\u00ed se fialov\u00e1 mandala do ka\u017ed\u00e9ho interi\u00e9ru?<\/strong><br data-start=\"7382\" data-end=\"7385\" \/>Ano. D\u00edky nad\u010dasov\u00e9mu, symetrick\u00e9mu designu a jemn\u00fdm t\u00f3n\u016fm se hod\u00ed do modern\u00edho i boh\u00e9msk\u00e9ho interi\u00e9ru.<\/p>\n<p data-start=\"7506\" data-end=\"7682\"><strong data-start=\"7506\" data-end=\"7550\">3. Jak si m\u00e1m udr\u017eovat svou fialovou mandalu?<\/strong><br data-start=\"7550\" data-end=\"7553\" \/>Chra\u0148te p\u0159ed p\u0159\u00edm\u00fdm slune\u010dn\u00edm z\u00e1\u0159en\u00edm a vlhkost\u00ed. Pl\u00e1tno nebo l\u00e1tku jemn\u011b \u010dist\u011bte such\u00fdm, m\u011bkk\u00fdm had\u0159\u00edkem, abyste zachovali barvu a detaily.<\/p>\n<p><a href=\"https:\/\/onderzoekschemicals.com\/cs\/shop\/lysergamides\/1cp-lsd-150-mcg\/\"><span dir=\"auto\" style=\"vertical-align: inherit;\"><span dir=\"auto\" style=\"vertical-align: inherit;\">Um\u011bleck\u00e9 blottery 1cP-LSD 150 MCG <\/span><\/span><\/a><a href=\"https:\/\/onderzoekschemicals.com\/cs\/shop\/pellets\/o-dsmt-50mg-pellets\/\"><span dir=\"auto\" style=\"vertical-align: inherit;\"><span dir=\"auto\" style=\"vertical-align: inherit;\">O-DSMT 50 mg pelety <\/span><\/span><\/a><a href=\"https:\/\/onderzoekschemicals.com\/cs\/shop\/lysergamides\/1v-lsd-150-mcg-blotters\/\"><span dir=\"auto\" style=\"vertical-align: inherit;\"><span dir=\"auto\" style=\"vertical-align: inherit;\">1V-LSD 150 MCG saje <\/span><\/span><\/a><a href=\"https:\/\/onderzoekschemicals.com\/cs\/shop\/bijna-verboden\/6-cl-adba\/\"><span dir=\"auto\" style=\"vertical-align: inherit;\"><span dir=\"auto\" style=\"vertical-align: inherit;\">6-CL-ADBA <\/span><\/span><\/a><a href=\"https:\/\/onderzoekschemicals.com\/cs\/shop\/cathinonen\/2-cmc-kopen\/\"><span dir=\"auto\" style=\"vertical-align: inherit;\"><span dir=\"auto\" style=\"vertical-align: inherit;\">2-CMC 250 mg pelety<\/span><\/span><\/a><\/p>","protected":false},"excerpt":{"rendered":"<p>Introductie De Paarse Mandala is meer dan een kunstwerk \u2013 het is een tijdloos symbool van harmonie, balans en spiritueel<\/p>","protected":false},"featured_media":20635,"comment_status":"closed","ping_status":"closed","template":"","meta":[],"product_brand":[],"product_cat":[555],"product_tag":[629,644,326],"class_list":{"0":"post-24148","1":"product","2":"type-product","3":"status-publish","4":"has-post-thumbnail","6":"product_cat-b2b","7":"product_tag-4-fma-kopen","8":"product_tag-4-fma","9":"product_tag-nl","11":"first","12":"instock","13":"taxable","14":"shipping-taxable","15":"purchasable","16":"product-type-variable"},"_links":{"self":[{"href":"https:\/\/onderzoekschemicals.com\/cs\/wp-json\/wp\/v2\/product\/24148","targetHints":{"allow":["GET"]}}],"collection":[{"href":"https:\/\/onderzoekschemicals.com\/cs\/wp-json\/wp\/v2\/product"}],"about":[{"href":"https:\/\/onderzoekschemicals.com\/cs\/wp-json\/wp\/v2\/types\/product"}],"replies":[{"embeddable":true,"href":"https:\/\/onderzoekschemicals.com\/cs\/wp-json\/wp\/v2\/comments?post=24148"}],"version-history":[{"count":4,"href":"https:\/\/onderzoekschemicals.com\/cs\/wp-json\/wp\/v2\/product\/24148\/revisions"}],"predecessor-version":[{"id":27873,"href":"https:\/\/onderzoekschemicals.com\/cs\/wp-json\/wp\/v2\/product\/24148\/revisions\/27873"}],"wp:featuredmedia":[{"embeddable":true,"href":"https:\/\/onderzoekschemicals.com\/cs\/wp-json\/wp\/v2\/media\/20635"}],"wp:attachment":[{"href":"https:\/\/onderzoekschemicals.com\/cs\/wp-json\/wp\/v2\/media?parent=24148"}],"wp:term":[{"taxonomy":"product_brand","embeddable":true,"href":"https:\/\/onderzoekschemicals.com\/cs\/wp-json\/wp\/v2\/product_brand?post=24148"},{"taxonomy":"product_cat","embeddable":true,"href":"https:\/\/onderzoekschemicals.com\/cs\/wp-json\/wp\/v2\/product_cat?post=24148"},{"taxonomy":"product_tag","embeddable":true,"href":"https:\/\/onderzoekschemicals.com\/cs\/wp-json\/wp\/v2\/product_tag?post=24148"}],"curies":[{"name":"wp","href":"https:\/\/api.w.org\/{rel}","templated":true}]}}