{"id":24119,"date":"2025-04-13T17:41:04","date_gmt":"2025-04-13T17:41:04","guid":{"rendered":"https:\/\/onderzoekschemicals.com\/?post_type=product&#038;p=24119"},"modified":"2025-10-14T08:34:47","modified_gmt":"2025-10-14T08:34:47","slug":"rc-metocin-blister","status":"publish","type":"product","link":"https:\/\/onderzoekschemicals.com\/cs\/shop\/b2b\/rc-metocin-blister\/","title":{"rendered":"RC+ Metocin Blister"},"content":{"rendered":"<h3 data-start=\"5633\" data-end=\"5654\"><strong data-start=\"5637\" data-end=\"5652\">Zaveden\u00ed<\/strong><\/h3>\n<p data-start=\"5655\" data-end=\"6097\">The <strong data-start=\"5658\" data-end=\"5681\">RC+ Metocin Blister<\/strong> je profesion\u00e1ln\u00ed v\u00fdzkumn\u00e1 chemick\u00e1 formulace ur\u010den\u00e1 pro laboratorn\u00ed a analytick\u00e9 aplikace. Obsahuje <strong data-start=\"5803\" data-end=\"5878\">4-hydroxy-N-methyl-N-ethyltryptamin (4-HO-MET, tak\u00e9 zn\u00e1m\u00fd jako Metocin)<\/strong> v jednotliv\u011b uzav\u0159en\u00fdch pelet\u00e1ch. Tyto pelety jsou baleny v blistrech (obvykle 10 pelet), aby se usnadnila regenerace d\u00e1vky, kontrola kontaminace a sledovateln\u00e1 manipulace. metocin<\/p>\n<p data-start=\"6099\" data-end=\"6290\">4-HO-MET je tryptaminov\u00e1 slou\u010denina p\u0159\u00edbuzn\u00e1 psilocinu, kter\u00e1 je zkoum\u00e1na ve farmakologii serotoninov\u00fdch receptor\u016f a psychoaktivn\u00edch l\u00e1tek.<\/p>\n<p data-start=\"6292\" data-end=\"6497\">Tento produkt je ur\u010den pouze k pou\u017eit\u00ed <strong data-start=\"6332\" data-end=\"6346\">laboratorn\u00ed pou\u017eit\u00ed<\/strong> \u2014 nap\u0159\u00edklad vazba na receptory, analytick\u00e1 kalibrace nebo studie struktury a aktivity \u2014 a je <strong data-start=\"6444\" data-end=\"6496\">nen\u00ed vhodn\u00e9 pro pou\u017eit\u00ed lidmi ani zv\u00ed\u0159aty<\/strong>.<\/p>\n<hr data-start=\"6499\" data-end=\"6502\" \/>\n<h3 data-start=\"6504\" data-end=\"6537\"><strong data-start=\"6508\" data-end=\"6535\">Kl\u00ed\u010dov\u00e9 vlastnosti<\/strong><\/h3>\n<ul data-start=\"6538\" data-end=\"7152\">\n<li data-start=\"6538\" data-end=\"6592\">\n<p data-start=\"6540\" data-end=\"6592\"><strong data-start=\"6540\" data-end=\"6557\">Aktivn\u00ed slo\u017eka:<\/strong> 4-HO-MET (Metocin) ve form\u011b pelet<\/p>\n<\/li>\n<li data-start=\"6593\" data-end=\"6712\">\n<p data-start=\"6595\" data-end=\"6712\"><strong data-start=\"6595\" data-end=\"6619\">D\u00e1vkov\u00e1n\u00ed na peletu:<\/strong> O <strong data-start=\"6629\" data-end=\"6638\">21 mg<\/strong> (jak uv\u00e1d\u011bj\u00ed dodavatel\u00e9)<\/p>\n<\/li>\n<li data-start=\"6713\" data-end=\"6839\">\n<p data-start=\"6715\" data-end=\"6839\"><strong data-start=\"6715\" data-end=\"6743\">Vysok\u00e1 \u010distota (\u2265 98 %)<\/strong>Ozna\u010deno jako vysoce \u010dist\u00fd v\u00fdzkumn\u00fd materi\u00e1l<\/p>\n<\/li>\n<li data-start=\"6840\" data-end=\"6931\">\n<p data-start=\"6842\" data-end=\"6931\"><strong data-start=\"6842\" data-end=\"6864\">Blistrov\u00e9 balen\u00ed:<\/strong> Ka\u017ed\u00e1 peleta je jednotliv\u011b uzav\u0159ena, aby se sn\u00ed\u017eila kontaminace<\/p>\n<\/li>\n<li data-start=\"6932\" data-end=\"7070\">\n<p data-start=\"6934\" data-end=\"7070\"><strong data-start=\"6934\" data-end=\"6966\">Sledovatelnost \u0161ar\u017e\u00ed a \u0161ar\u017e\u00ed:<\/strong> Ka\u017ed\u00fd blistr obsahuje identifika\u010dn\u00ed k\u00f3dy pro kontrolu kvality<\/p>\n<\/li>\n<li data-start=\"7071\" data-end=\"7152\">\n<p data-start=\"7073\" data-end=\"7152\"><strong data-start=\"7073\" data-end=\"7097\">Kompaktn\u00ed a chr\u00e1n\u011bn\u00fd:<\/strong> Obal chr\u00e1n\u00ed p\u0159ed sv\u011btlem, vlhkost\u00ed a degradac\u00ed<\/p>\n<\/li>\n<\/ul>\n<hr data-start=\"7154\" data-end=\"7157\" \/>\n<h3 data-start=\"7159\" data-end=\"7178\"><strong data-start=\"7163\" data-end=\"7176\">V\u00fdhody<\/strong><\/h3>\n<p data-start=\"7179\" data-end=\"7723\">\u2705 <strong data-start=\"7181\" data-end=\"7210\">Reprodukovateln\u00e9 d\u00e1vkov\u00e1n\u00ed:<\/strong> Ka\u017ed\u00e1 peleta obsahuje konzistentn\u00ed, odm\u011b\u0159en\u00e9 mno\u017estv\u00ed 4-HO-MET, co\u017e sni\u017euje rozptyl v experimentech.<br data-start=\"7319\" data-end=\"7322\" \/>\u2705 <strong data-start=\"7324\" data-end=\"7351\">Vylep\u0161en\u00e1 stabilita:<\/strong> Blistrov\u00e9 balen\u00ed chr\u00e1n\u00ed vzorek p\u0159ed vlivy prost\u0159ed\u00ed.<br data-start=\"7423\" data-end=\"7426\" \/>\u2705 <strong data-start=\"7428\" data-end=\"7462\">Sn\u00ed\u017een\u00e9 riziko kontaminace:<\/strong> Individu\u00e1ln\u00ed ut\u011bsn\u011bn\u00ed pelet omezuje k\u0159\u00ed\u017eovou kontaminaci.<br data-start=\"7517\" data-end=\"7520\" \/>\u2705 <strong data-start=\"7522\" data-end=\"7548\">Form\u00e1t \u0161et\u0159\u00edc\u00ed \u010das:<\/strong> P\u0159\u00edmo pou\u017eiteln\u00e9 bez slo\u017eit\u00e9 p\u0159\u00edpravy vzorku nebo v\u00e1\u017een\u00ed. metocin<br data-start=\"7610\" data-end=\"7613\" \/>\u2705 <strong data-start=\"7615\" data-end=\"7657\">Lep\u0161\u00ed dokumentace a sledovatelnost:<\/strong> K\u00f3dy \u0161ar\u017e\u00ed a identifika\u010dn\u00ed \u010d\u00edslo pelet usnad\u0148uj\u00ed administraci a audity.<\/p>\n<hr data-start=\"7725\" data-end=\"7728\" \/>\n<h3 data-start=\"7730\" data-end=\"7790\"><strong data-start=\"7734\" data-end=\"7788\">N\u00e1vod k pou\u017eit\u00ed (pouze pro v\u00fdzkum\/anal\u00fdzu)<\/strong><\/h3>\n<blockquote data-start=\"7791\" data-end=\"7973\">\n<p data-start=\"7793\" data-end=\"7973\">\u26a0\ufe0f <strong data-start=\"7796\" data-end=\"7810\">Pozn\u00e1mka:<\/strong> Tento produkt je <strong data-start=\"7826\" data-end=\"7869\">NEN\u00cd ur\u010deno pro pou\u017eit\u00ed lidmi ani zv\u00ed\u0159aty<\/strong>Pou\u017e\u00edvejte pouze za kontrolovan\u00fdch laboratorn\u00edch podm\u00ednek s vhodn\u00fdm bezpe\u010dnostn\u00edm vybaven\u00edm.<\/p>\n<\/blockquote>\n<ol data-start=\"7975\" data-end=\"9041\">\n<li data-start=\"7975\" data-end=\"8186\">\n<p data-start=\"7978\" data-end=\"8016\"><strong data-start=\"7978\" data-end=\"8014\">Zkontrolujte blistr a pelety<\/strong><\/p>\n<ul data-start=\"8020\" data-end=\"8186\">\n<li data-start=\"8020\" data-end=\"8069\">\n<p data-start=\"8022\" data-end=\"8069\">Zkontrolujte, zda je blistr neporu\u0161en\u00fd.<\/p>\n<\/li>\n<li data-start=\"8073\" data-end=\"8118\">\n<p data-start=\"8075\" data-end=\"8118\">Porovnejte \u010d\u00edslo \u0161ar\u017ee s dokumentac\u00ed.<\/p>\n<\/li>\n<li data-start=\"8122\" data-end=\"8186\">\n<p data-start=\"8124\" data-end=\"8186\">Zkontrolujte, zda pelety nejsou po\u0161kozen\u00e9 a zda nezm\u011bnily barvu.<\/p>\n<\/li>\n<\/ul>\n<\/li>\n<li data-start=\"8188\" data-end=\"8357\">\n<p data-start=\"8191\" data-end=\"8212\"><strong data-start=\"8191\" data-end=\"8210\">Extrakce pelet<\/strong><\/p>\n<ul data-start=\"8216\" data-end=\"8357\">\n<li data-start=\"8216\" data-end=\"8309\">\n<p data-start=\"8218\" data-end=\"8309\">Pomoc\u00ed steriln\u00edch n\u00e1stroj\u016f nebo rukavic jemn\u011b vytla\u010dte jednu peletu z blistru.<\/p>\n<\/li>\n<li data-start=\"8313\" data-end=\"8357\">\n<p data-start=\"8315\" data-end=\"8357\">Zabra\u0148te p\u0159\u00edm\u00e9mu kontaktu s povrchem.<\/p>\n<\/li>\n<\/ul>\n<\/li>\n<li data-start=\"8359\" data-end=\"8559\">\n<p data-start=\"8362\" data-end=\"8391\"><strong data-start=\"8362\" data-end=\"8389\">Vy\u0159e\u0161it \/ P\u0159ipravit<\/strong><\/p>\n<ul data-start=\"8395\" data-end=\"8559\">\n<li data-start=\"8395\" data-end=\"8486\">\n<p data-start=\"8397\" data-end=\"8486\">Peletu rozpus\u0165te nebo suspendujte ve vhodn\u00e9m rozpou\u0161t\u011bdle (nap\u0159. pufr, ethanol, voda).<\/p>\n<\/li>\n<li data-start=\"8490\" data-end=\"8559\">\n<p data-start=\"8492\" data-end=\"8559\">Jemn\u011b m\u00edchejte, dokud se zcela nerozpust\u00ed a rovnom\u011brn\u011b nerozlo\u017e\u00ed.<\/p>\n<\/li>\n<\/ul>\n<\/li>\n<li data-start=\"8561\" data-end=\"8795\">\n<p data-start=\"8564\" data-end=\"8594\"><strong data-start=\"8564\" data-end=\"8592\">Experiment\u00e1ln\u00ed aplikace<\/strong><\/p>\n<ul data-start=\"8598\" data-end=\"8795\">\n<li data-start=\"8598\" data-end=\"8716\">\n<p data-start=\"8600\" data-end=\"8716\">P\u0159ipraven\u00fd roztok pou\u017eijte v chromatografii, vazebn\u00fdch testech, receptorov\u00fdch studi\u00edch nebo jin\u00fdch autorizovan\u00fdch metod\u00e1ch.<\/p>\n<\/li>\n<li data-start=\"8720\" data-end=\"8795\">\n<p data-start=\"8722\" data-end=\"8795\">Zaznamenejte ID pelety, koncentraci, objem rozpu\u0161t\u011bn\u00ed a v\u0161echny relevantn\u00ed parametry.<\/p>\n<\/li>\n<\/ul>\n<\/li>\n<li data-start=\"8797\" data-end=\"9041\">\n<p data-start=\"8800\" data-end=\"8827\"><strong data-start=\"8800\" data-end=\"8825\">Skladov\u00e1n\u00ed a st\u011bhov\u00e1n\u00ed<\/strong><\/p>\n<ul data-start=\"8831\" data-end=\"9041\">\n<li data-start=\"8831\" data-end=\"8882\">\n<p data-start=\"8833\" data-end=\"8882\">Nepou\u017eit\u00e9 pelety vlo\u017ete zp\u011bt do blistru.<\/p>\n<\/li>\n<li data-start=\"8886\" data-end=\"8949\">\n<p data-start=\"8888\" data-end=\"8949\">Skladujte ve svisl\u00e9 poloze v <strong data-start=\"8910\" data-end=\"8937\">chladn\u00e9m, tmav\u00e9m a such\u00e9m<\/strong> prost\u0159ed\u00ed.<\/p>\n<\/li>\n<li data-start=\"8953\" data-end=\"9041\">\n<p data-start=\"8955\" data-end=\"9041\">Pou\u017eit\u00e9 pelety, rozpou\u0161t\u011bdla a obaly zlikvidujte v souladu s p\u0159edpisy pro nakl\u00e1d\u00e1n\u00ed s chemick\u00fdmi l\u00e1tkami.<\/p>\n<\/li>\n<\/ul>\n<\/li>\n<\/ol>\n<hr data-start=\"9043\" data-end=\"9046\" \/>\n<h3 data-start=\"9048\" data-end=\"9083\"><strong data-start=\"9052\" data-end=\"9081\">\u010casto kladen\u00e9 ot\u00e1zky (FAQ)<\/strong><\/h3>\n<p data-start=\"9085\" data-end=\"9354\"><strong data-start=\"9085\" data-end=\"9118\">1. Co je 4-HO-MET (Metocin)?<\/strong><br data-start=\"9118\" data-end=\"9121\" \/>4-HO-MET (4-hydroxy-N-methyl-N-ethyltryptamin), tak\u00e9 zn\u00e1m\u00fd jako Metocin, je psychoaktivn\u00ed tryptaminov\u00fd analog p\u0159\u00edbuzn\u00fd psilocinu, pou\u017e\u00edvan\u00fd ve farmakologick\u00e9m v\u00fdzkumu serotoninov\u00fdch receptor\u016f.<\/p>\n<p data-start=\"9356\" data-end=\"9535\"><strong data-start=\"9356\" data-end=\"9413\">2. Kolik mg obsahuje ka\u017ed\u00e1 peleta v blistru Metocinu?<\/strong><br data-start=\"9413\" data-end=\"9416\" \/>Podle informac\u00ed dodavatele obsahuje ka\u017ed\u00e1 peleta p\u0159ibli\u017en\u011b <strong data-start=\"9474\" data-end=\"9483\">21 mg<\/strong> 4-HO-MET.<\/p>\n<p data-start=\"9537\" data-end=\"9741\"><strong data-start=\"9537\" data-end=\"9619\">3. Lze RC+ Metocin Blister pou\u017e\u00edt u lid\u00ed nebo zv\u00ed\u0159at?<\/strong><br data-start=\"9619\" data-end=\"9622\" \/>Ne. Produkt je ozna\u010den jako <strong data-start=\"9655\" data-end=\"9680\">pouze pro v\u00fdzkum<\/strong>a je <strong data-start=\"9688\" data-end=\"9704\">nen\u00ed zam\u00fd\u0161leno<\/strong> pro pou\u017eit\u00ed u lid\u00ed nebo zv\u00ed\u0159at.<\/p>\n<p>&nbsp;<\/p>","protected":false},"excerpt":{"rendered":"<p><span style=\"vertical-align: inherit;\"><span style=\"vertical-align: inherit;\"><span dir=\"auto\" style=\"vertical-align: inherit;\"><span dir=\"auto\" style=\"vertical-align: inherit;\"><span dir=\"auto\" style=\"vertical-align: inherit;\"><span dir=\"auto\" style=\"vertical-align: inherit;\">\u010c\u00edslo CAS: 77872-41-4 <\/span><\/span><\/span><\/span><\/span><\/span><br \/>\n<span style=\"vertical-align: inherit;\"><span style=\"vertical-align: inherit;\"><span dir=\"auto\" style=\"vertical-align: inherit;\"><span dir=\"auto\" style=\"vertical-align: inherit;\"><span dir=\"auto\" style=\"vertical-align: inherit;\"><span dir=\"auto\" style=\"vertical-align: inherit;\">Vzorec: C13H18N2O <\/span><\/span><\/span><\/span><\/span><\/span><br \/>\n<span style=\"vertical-align: inherit;\"><span style=\"vertical-align: inherit;\"><span dir=\"auto\" style=\"vertical-align: inherit;\"><span dir=\"auto\" style=\"vertical-align: inherit;\"><span dir=\"auto\" style=\"vertical-align: inherit;\"><span dir=\"auto\" style=\"vertical-align: inherit;\">Mol\u00e1rn\u00ed hmotnost: 218,3 g\/mol <\/span><\/span><\/span><\/span><\/span><\/span><br \/>\n<span style=\"vertical-align: inherit;\"><span style=\"vertical-align: inherit;\"><span dir=\"auto\" style=\"vertical-align: inherit;\"><span dir=\"auto\" style=\"vertical-align: inherit;\"><span dir=\"auto\" style=\"vertical-align: inherit;\"><span dir=\"auto\" style=\"vertical-align: inherit;\">\u010cistota: \u226598%<\/span><\/span><\/span><\/span><\/span><\/span><\/p>","protected":false},"featured_media":21164,"comment_status":"closed","ping_status":"closed","template":"","meta":[],"product_brand":[],"product_cat":[555],"product_tag":[636,635,326],"class_list":{"0":"post-24119","1":"product","2":"type-product","3":"status-publish","4":"has-post-thumbnail","6":"product_cat-b2b","7":"product_tag-metocin","8":"product_tag-metocin-kopen","9":"product_tag-nl","11":"first","12":"instock","13":"taxable","14":"shipping-taxable","15":"purchasable","16":"product-type-variable"},"_links":{"self":[{"href":"https:\/\/onderzoekschemicals.com\/cs\/wp-json\/wp\/v2\/product\/24119","targetHints":{"allow":["GET"]}}],"collection":[{"href":"https:\/\/onderzoekschemicals.com\/cs\/wp-json\/wp\/v2\/product"}],"about":[{"href":"https:\/\/onderzoekschemicals.com\/cs\/wp-json\/wp\/v2\/types\/product"}],"replies":[{"embeddable":true,"href":"https:\/\/onderzoekschemicals.com\/cs\/wp-json\/wp\/v2\/comments?post=24119"}],"version-history":[{"count":5,"href":"https:\/\/onderzoekschemicals.com\/cs\/wp-json\/wp\/v2\/product\/24119\/revisions"}],"predecessor-version":[{"id":26511,"href":"https:\/\/onderzoekschemicals.com\/cs\/wp-json\/wp\/v2\/product\/24119\/revisions\/26511"}],"wp:featuredmedia":[{"embeddable":true,"href":"https:\/\/onderzoekschemicals.com\/cs\/wp-json\/wp\/v2\/media\/21164"}],"wp:attachment":[{"href":"https:\/\/onderzoekschemicals.com\/cs\/wp-json\/wp\/v2\/media?parent=24119"}],"wp:term":[{"taxonomy":"product_brand","embeddable":true,"href":"https:\/\/onderzoekschemicals.com\/cs\/wp-json\/wp\/v2\/product_brand?post=24119"},{"taxonomy":"product_cat","embeddable":true,"href":"https:\/\/onderzoekschemicals.com\/cs\/wp-json\/wp\/v2\/product_cat?post=24119"},{"taxonomy":"product_tag","embeddable":true,"href":"https:\/\/onderzoekschemicals.com\/cs\/wp-json\/wp\/v2\/product_tag?post=24119"}],"curies":[{"name":"wp","href":"https:\/\/api.w.org\/{rel}","templated":true}]}}