{"id":24111,"date":"2025-04-13T17:41:04","date_gmt":"2025-04-13T17:41:04","guid":{"rendered":"https:\/\/onderzoekschemicals.com\/?post_type=product&#038;p=24111"},"modified":"2025-10-14T07:59:11","modified_gmt":"2025-10-14T07:59:11","slug":"2-fea-3-fea","status":"publish","type":"product","link":"https:\/\/onderzoekschemicals.com\/cs\/shop\/b2b\/2-fea-3-fea\/","title":{"rendered":"RC+ Newphoria Blister"},"content":{"rendered":"<h3 data-start=\"5056\" data-end=\"5077\"><strong data-start=\"5060\" data-end=\"5075\">Zaveden\u00ed<\/strong><\/h3>\n<p data-start=\"5078\" data-end=\"5387\">The <strong data-start=\"5081\" data-end=\"5106\">RC+ Newphoria Blister<\/strong> je vysoce kvalitn\u00ed <strong data-start=\"5127\" data-end=\"5152\">formulace v\u00fdzkumu<\/strong>, speci\u00e1ln\u011b vyvinuto pro profesion\u00e1ln\u00ed laboratorn\u00ed a analytick\u00fd v\u00fdzkum. Ka\u017ed\u00fd blistr obsahuje <strong data-start=\"5251\" data-end=\"5288\">10 jednotliv\u011b uzav\u0159en\u00fdch pelet<\/strong>, ur\u010den\u00fd pro <strong data-start=\"5305\" data-end=\"5384\">p\u0159esn\u00e9 d\u00e1vkov\u00e1n\u00ed, konzistentn\u00ed v\u00fdsledky a manipulace bez kontaminace<\/strong>2 fea 3 fea<\/p>\n<p data-start=\"5389\" data-end=\"5687\">S kontrolovanou kombinac\u00ed <strong data-start=\"5427\" data-end=\"5477\">2-FEA a 3-FEA (izomery fluorethamphamfetaminu)<\/strong> je tento produkt ide\u00e1ln\u00ed pro <strong data-start=\"5505\" data-end=\"5567\">farmakologick\u00fd, receptorov\u00fd a analytick\u00fd chemick\u00fd v\u00fdzkum<\/strong>Blistrov\u00e9 balen\u00ed zaru\u010duje <strong data-start=\"5601\" data-end=\"5651\">stabilita, sledovatelnost a bezpe\u010dn\u00e9 skladov\u00e1n\u00ed<\/strong> za laboratorn\u00edch podm\u00ednek.<\/p>\n<p data-start=\"5689\" data-end=\"5804\"><em data-start=\"5689\" data-end=\"5804\">(Tento produkt je ur\u010den pouze pro v\u00fdzkumn\u00e9 \u00fa\u010dely. Nen\u00ed vhodn\u00fd pro pou\u017eit\u00ed u lid\u00ed ani zv\u00ed\u0159at.)<\/em><\/p>\n<hr data-start=\"5806\" data-end=\"5809\" \/>\n<h3 data-start=\"5811\" data-end=\"5844\"><strong data-start=\"5815\" data-end=\"5842\">Kl\u00ed\u010dov\u00e9 vlastnosti<\/strong><\/h3>\n<ul data-start=\"5845\" data-end=\"6426\">\n<li data-start=\"5845\" data-end=\"5952\">\n<p data-start=\"5847\" data-end=\"5952\"><strong data-start=\"5847\" data-end=\"5873\">Slo\u017een\u00ed 2\/3-FEA:<\/strong> Obsahuje kontrolovanou sm\u011bs 2-FEA a 3-FEA pro srovn\u00e1vac\u00ed v\u00fdzkum.<\/p>\n<\/li>\n<li data-start=\"5953\" data-end=\"6043\">\n<p data-start=\"5955\" data-end=\"6043\"><strong data-start=\"5955\" data-end=\"5982\">Vysok\u00e1 \u010distota (\u226598%):<\/strong> Laboratorn\u00ed kvalita potvrzen\u00e1 anal\u00fdzou dodavatele.<\/p>\n<\/li>\n<li data-start=\"6044\" data-end=\"6149\">\n<p data-start=\"6046\" data-end=\"6149\"><strong data-start=\"6046\" data-end=\"6084\">10 jednotliv\u011b balen\u00fdch pelet:<\/strong> Ka\u017ed\u00e1 peleta je jednotliv\u011b zabalena pro maxim\u00e1ln\u00ed integritu.<\/p>\n<\/li>\n<li data-start=\"6150\" data-end=\"6238\">\n<p data-start=\"6152\" data-end=\"6238\"><strong data-start=\"6152\" data-end=\"6174\">Blistrov\u00e9 balen\u00ed:<\/strong> Snadno se s n\u00edm manipuluje a chr\u00e1n\u00ed p\u0159ed vlivy prost\u0159ed\u00ed.<\/p>\n<\/li>\n<li data-start=\"6239\" data-end=\"6341\">\n<p data-start=\"6241\" data-end=\"6341\"><strong data-start=\"6241\" data-end=\"6273\">Sledovatelnost \u0161ar\u017e\u00ed a \u0161ar\u017e\u00ed:<\/strong> Ka\u017ed\u00fd bal\u00ed\u010dek obsahuje jedine\u010dn\u00e9 identifika\u010dn\u00ed \u010d\u00edslo pro \u00fa\u010dely dokumentace.<\/p>\n<\/li>\n<li data-start=\"6342\" data-end=\"6426\">\n<p data-start=\"6344\" data-end=\"6426\"><strong data-start=\"6344\" data-end=\"6375\">Konzistentn\u00ed tvar a hmotnost:<\/strong> Zaji\u0161\u0165uje reprodukovateln\u00e9 v\u00fdsledky v\u00fdzkumu.<\/p>\n<\/li>\n<\/ul>\n<hr data-start=\"6428\" data-end=\"6431\" \/>\n<h3 data-start=\"6433\" data-end=\"6481\"><strong data-start=\"6437\" data-end=\"6479\">V\u00fdhody (pro laboratorn\u00ed v\u00fdzkum)<\/strong><\/h3>\n<p data-start=\"6482\" data-end=\"6577\">\u2705 <strong data-start=\"6484\" data-end=\"6514\">P\u0159esnost a spolehlivost<\/strong> \u2013 Ka\u017ed\u00e1 peleta dod\u00e1v\u00e1 p\u0159esnou d\u00e1vku pro konzistentn\u00ed data.<\/p>\n<p data-start=\"6579\" data-end=\"6668\">\u2705 <strong data-start=\"6581\" data-end=\"6606\">Zv\u00fd\u0161en\u00e1 bezpe\u010dnost<\/strong> \u2013 Individu\u00e1ln\u00ed balen\u00ed zabra\u0148uje kontaminaci a degradaci.<\/p>\n<p data-start=\"6670\" data-end=\"6764\">\u2705 <strong data-start=\"6672\" data-end=\"6698\">Rychlej\u0161\u00ed pracovn\u00ed procesy<\/strong> \u2013 P\u0159ipraveno k pou\u017eit\u00ed, nen\u00ed nutn\u00e9 v\u00e1\u017een\u00ed ani dal\u0161\u00ed p\u0159\u00edprava.<\/p>\n<p data-start=\"6766\" data-end=\"6851\">\u2705 <strong data-start=\"6768\" data-end=\"6790\">Dlouh\u00e1 trvanlivost<\/strong> \u2013 Ochrann\u00e9 balen\u00ed zachov\u00e1v\u00e1 \u010distotu a stabilitu.<\/p>\n<p data-start=\"6853\" data-end=\"6959\">\u2705 <strong data-start=\"6855\" data-end=\"6882\">Jednoduch\u00e1 dokumentace<\/strong> \u2013 K\u00f3dy \u0161ar\u017e\u00ed umo\u017e\u0148uj\u00ed snadnou sledovatelnost a kontrolu kvality.<\/p>\n<hr data-start=\"6961\" data-end=\"6964\" \/>\n<h3 data-start=\"6966\" data-end=\"7018\"><strong data-start=\"6970\" data-end=\"7016\">Pou\u017eit\u00ed (pouze pro v\u00fdzkumn\u00e9 \u00fa\u010dely)<\/strong><\/h3>\n<blockquote data-start=\"7019\" data-end=\"7204\">\n<p data-start=\"7021\" data-end=\"7204\">\u26a0\ufe0f <strong data-start=\"7024\" data-end=\"7039\">D\u016fle\u017eit\u00e9:<\/strong> RC+ Newphoria Blister je ur\u010den pouze pro v\u011bdeck\u00fd a analytick\u00fd v\u00fdzkum. V\u017edy pou\u017e\u00edvejte osobn\u00ed ochrann\u00e9 prost\u0159edky a dodr\u017eujte bezpe\u010dnostn\u00ed pokyny pro laborato\u0159.<\/p>\n<\/blockquote>\n<ol data-start=\"7206\" data-end=\"7975\">\n<li data-start=\"7206\" data-end=\"7322\">\n<p data-start=\"7209\" data-end=\"7224\"><strong data-start=\"7209\" data-end=\"7222\">Inspekce<\/strong><\/p>\n<ul data-start=\"7228\" data-end=\"7322\">\n<li data-start=\"7228\" data-end=\"7276\">\n<p data-start=\"7230\" data-end=\"7276\">Zkontrolujte obal a \u010d\u00edslo \u0161ar\u017ee.<\/p>\n<\/li>\n<li data-start=\"7280\" data-end=\"7322\">\n<p data-start=\"7282\" data-end=\"7322\">Ujist\u011bte se, \u017ee pelety nejsou po\u0161kozen\u00e9.<\/p>\n<\/li>\n<\/ul>\n<\/li>\n<li data-start=\"7324\" data-end=\"7463\">\n<p data-start=\"7327\" data-end=\"7351\"><strong data-start=\"7327\" data-end=\"7349\">Odstran\u011bn\u00ed pelet<\/strong><\/p>\n<ul data-start=\"7355\" data-end=\"7463\">\n<li data-start=\"7355\" data-end=\"7428\">\n<p data-start=\"7357\" data-end=\"7428\">Pomoc\u00ed steriln\u00edho n\u00e1stroje opatrn\u011b vytla\u010dte jednu peletu z blistru.<\/p>\n<\/li>\n<li data-start=\"7432\" data-end=\"7463\">\n<p data-start=\"7434\" data-end=\"7463\">Zabra\u0148te p\u0159\u00edm\u00e9mu kontaktu s k\u016f\u017e\u00ed.<\/p>\n<\/li>\n<\/ul>\n<\/li>\n<li data-start=\"7465\" data-end=\"7640\">\n<p data-start=\"7468\" data-end=\"7494\"><strong data-start=\"7468\" data-end=\"7492\">P\u0159\u00edprava vzorku<\/strong><\/p>\n<ul data-start=\"7498\" data-end=\"7640\">\n<li data-start=\"7498\" data-end=\"7594\">\n<p data-start=\"7500\" data-end=\"7594\">Rozpus\u0165te peletu ve vhodn\u00e9m rozpou\u0161t\u011bdle (nap\u0159. ethanol, destilovan\u00e1 voda nebo pufr).<\/p>\n<\/li>\n<li data-start=\"7598\" data-end=\"7640\">\n<p data-start=\"7600\" data-end=\"7640\">Jemn\u011b m\u00edchejte, dokud se zcela nerozpust\u00ed.<\/p>\n<\/li>\n<\/ul>\n<\/li>\n<li data-start=\"7642\" data-end=\"7797\">\n<p data-start=\"7645\" data-end=\"7674\"><strong data-start=\"7645\" data-end=\"7672\">Pou\u017eit\u00ed v experimentech<\/strong><\/p>\n<ul data-start=\"7678\" data-end=\"7797\">\n<li data-start=\"7678\" data-end=\"7743\">\n<p data-start=\"7680\" data-end=\"7743\">Pou\u017eit\u00ed v analytick\u00fdch, receptorov\u00fdch nebo farmakologick\u00fdch studi\u00edch.<\/p>\n<\/li>\n<li data-start=\"7747\" data-end=\"7797\">\n<p data-start=\"7749\" data-end=\"7797\">Zaznamenejte ID pelety, koncentraci a objem rozpu\u0161t\u011bn\u00ed.<\/p>\n<\/li>\n<\/ul>\n<\/li>\n<li data-start=\"7799\" data-end=\"7975\">\n<p data-start=\"7802\" data-end=\"7829\"><strong data-start=\"7802\" data-end=\"7827\">Skladov\u00e1n\u00ed a st\u011bhov\u00e1n\u00ed<\/strong><\/p>\n<ul data-start=\"7833\" data-end=\"7975\">\n<li data-start=\"7833\" data-end=\"7908\">\n<p data-start=\"7835\" data-end=\"7908\">Nepou\u017eit\u00e9 pelety skladujte v <strong data-start=\"7869\" data-end=\"7896\">chladn\u00e9m, tmav\u00e9m a such\u00e9m<\/strong> prost\u0159ed\u00ed.<\/p>\n<\/li>\n<li data-start=\"7912\" data-end=\"7975\">\n<p data-start=\"7914\" data-end=\"7975\">Odpad zlikvidujte v souladu s p\u0159edpisy o chemick\u00e9 bezpe\u010dnosti. 2 3 t\u00fddny<\/p>\n<\/li>\n<\/ul>\n<\/li>\n<\/ol>\n<hr data-start=\"7977\" data-end=\"7980\" \/>\n<h3 data-start=\"7982\" data-end=\"8017\"><strong data-start=\"7986\" data-end=\"8015\">\u010casto kladen\u00e9 ot\u00e1zky (FAQ)<\/strong><\/h3>\n<p data-start=\"8019\" data-end=\"8189\"><strong data-start=\"8019\" data-end=\"8058\">1. Co obsahuje p\u0159\u00edpravek RC+ Newphoria Blister?<\/strong><br data-start=\"8058\" data-end=\"8061\" \/>Ka\u017ed\u00fd blistr obsahuje <strong data-start=\"8080\" data-end=\"8104\">10 v\u00fdzkumn\u00fdch pelet<\/strong> s kombinac\u00ed <strong data-start=\"8128\" data-end=\"8146\">2-FEA a 3-FEA<\/strong>, pouze pro laboratorn\u00ed testy.<\/p>\n<p data-start=\"8191\" data-end=\"8345\"><strong data-start=\"8191\" data-end=\"8239\">2. Jak\u00e1 je \u010distota slou\u010denin?<\/strong><br data-start=\"8239\" data-end=\"8242\" \/>Dodavatel garantuje <strong data-start=\"8272\" data-end=\"8295\">\u010distota \u226598%<\/strong>, co\u017e zaji\u0161\u0165uje spolehlivost a konzistenci.<\/p>\n<p data-start=\"8347\" data-end=\"8559\"><strong data-start=\"8347\" data-end=\"8431\">3. Lze RC+ Newphoria Blister pou\u017e\u00edt u lid\u00ed nebo zv\u00ed\u0159at?<\/strong><br data-start=\"8431\" data-end=\"8434\" \/>Ne \u2013 tento produkt je <strong data-start=\"8455\" data-end=\"8504\">ur\u010den\u00e9 pouze pro v\u00fdzkumn\u00e9 \u00fa\u010dely<\/strong> a <strong data-start=\"8508\" data-end=\"8556\">nen\u00ed ur\u010deno k lidsk\u00e9 ani zv\u00ed\u0159ec\u00ed spot\u0159eb\u011b<\/strong>.<\/p>","protected":false},"excerpt":{"rendered":"<p><strong>\u010c\u00edslo CAS<\/strong>: 1780004-19-4<br \/>\n<strong>Vzorec<\/strong>: C11H16FN<br \/>\n<strong>Mol\u00e1rn\u00ed hmotnost<\/strong>: 181,25 g\/mol<br \/>\n<strong>\u010cistota<\/strong>: \u226598%<\/p>","protected":false},"featured_media":21160,"comment_status":"closed","ping_status":"closed","template":"","meta":[],"product_brand":[82],"product_cat":[555],"product_tag":[757,755,753,756,326],"class_list":{"0":"post-24111","1":"product","2":"type-product","3":"status-publish","4":"has-post-thumbnail","6":"product_brand-research-chemical","7":"product_cat-b2b","8":"product_tag-2-3-fea-ervaringen","9":"product_tag-2-fea-3-fea","10":"product_tag-2-3-fea-pellets","11":"product_tag-2-3-fea","12":"product_tag-nl","14":"first","15":"instock","16":"taxable","17":"shipping-taxable","18":"purchasable","19":"product-type-variable"},"_links":{"self":[{"href":"https:\/\/onderzoekschemicals.com\/cs\/wp-json\/wp\/v2\/product\/24111","targetHints":{"allow":["GET"]}}],"collection":[{"href":"https:\/\/onderzoekschemicals.com\/cs\/wp-json\/wp\/v2\/product"}],"about":[{"href":"https:\/\/onderzoekschemicals.com\/cs\/wp-json\/wp\/v2\/types\/product"}],"replies":[{"embeddable":true,"href":"https:\/\/onderzoekschemicals.com\/cs\/wp-json\/wp\/v2\/comments?post=24111"}],"version-history":[{"count":4,"href":"https:\/\/onderzoekschemicals.com\/cs\/wp-json\/wp\/v2\/product\/24111\/revisions"}],"predecessor-version":[{"id":27876,"href":"https:\/\/onderzoekschemicals.com\/cs\/wp-json\/wp\/v2\/product\/24111\/revisions\/27876"}],"wp:featuredmedia":[{"embeddable":true,"href":"https:\/\/onderzoekschemicals.com\/cs\/wp-json\/wp\/v2\/media\/21160"}],"wp:attachment":[{"href":"https:\/\/onderzoekschemicals.com\/cs\/wp-json\/wp\/v2\/media?parent=24111"}],"wp:term":[{"taxonomy":"product_brand","embeddable":true,"href":"https:\/\/onderzoekschemicals.com\/cs\/wp-json\/wp\/v2\/product_brand?post=24111"},{"taxonomy":"product_cat","embeddable":true,"href":"https:\/\/onderzoekschemicals.com\/cs\/wp-json\/wp\/v2\/product_cat?post=24111"},{"taxonomy":"product_tag","embeddable":true,"href":"https:\/\/onderzoekschemicals.com\/cs\/wp-json\/wp\/v2\/product_tag?post=24111"}],"curies":[{"name":"wp","href":"https:\/\/api.w.org\/{rel}","templated":true}]}}