{"id":23975,"date":"2025-04-13T17:40:48","date_gmt":"2025-04-13T17:40:48","guid":{"rendered":"https:\/\/onderzoekschemicals.com\/?post_type=product&#038;p=23975"},"modified":"2025-11-28T07:11:00","modified_gmt":"2025-11-28T07:11:00","slug":"2-mmc-pelety","status":"publish","type":"product","link":"https:\/\/onderzoekschemicals.com\/cs\/nakupovat\/2-mmc-2-methylmethcathinone\/2-mmc-pelety\/","title":{"rendered":"2-MMC pelety 220 mg"},"content":{"rendered":"<h3 data-start=\"558\" data-end=\"577\"><strong data-start=\"562\" data-end=\"577\">Zaveden\u00ed<\/strong><\/h3>\n<p data-start=\"579\" data-end=\"915\"><strong data-start=\"579\" data-end=\"602\">2-MMC 220mg pelety<\/strong> jsou <strong data-start=\"608\" data-end=\"655\">v\u00fdzkumn\u00e9 l\u00e1tky laboratorn\u00ed kvality<\/strong>, ur\u010den\u00fd pro <strong data-start=\"672\" data-end=\"728\">v\u011bdeck\u00fd, analytick\u00fd a forenzn\u00ed v\u00fdzkum<\/strong>2mm pelety<br data-start=\"729\" data-end=\"732\" \/>Ka\u017ed\u00e1 peleta obsahuje <strong data-start=\"750\" data-end=\"772\">220 miligram\u016f (mg)<\/strong> <strong data-start=\"773\" data-end=\"805\">2-methylmethcathinon (2-MMC)<\/strong> \u2013 syntetick\u00e1 slou\u010denina z <strong data-start=\"843\" data-end=\"861\">t\u0159\u00edda kathinon\u016f<\/strong>, strukturn\u011b p\u0159\u00edbuzn\u00fd s jin\u00fdmi \u03b2-keto amfetaminy.<\/p>\n<p data-start=\"917\" data-end=\"1172\">Vyrobeno dle <strong data-start=\"938\" data-end=\"972\">Spr\u00e1vn\u00e1 laboratorn\u00ed praxe (GLP)<\/strong>-standardy, tyto pelety poskytuj\u00ed <strong data-start=\"1001\" data-end=\"1020\">\u010cistota \u226599%<\/strong>, <strong data-start=\"1022\" data-end=\"1047\">chemick\u00e1 stabilita<\/strong> a <strong data-start=\"1051\" data-end=\"1073\">konzistence d\u00e1vky<\/strong>.<br data-start=\"1074\" data-end=\"1077\" \/>Jsou ide\u00e1ln\u00ed pro <strong data-start=\"1097\" data-end=\"1169\">analytick\u00e1 chemie, strukturn\u00ed anal\u00fdzy a forenzn\u00ed aplikace<\/strong>.<\/p>\n<blockquote data-start=\"1174\" data-end=\"1318\">\n<p data-start=\"1176\" data-end=\"1318\">\u26a0\ufe0f <strong data-start=\"1179\" data-end=\"1190\">Pozn.:<\/strong> Tento produkt je <strong data-start=\"1206\" data-end=\"1256\">ur\u010den\u00e9 pouze pro laboratorn\u00ed v\u00fdzkum<\/strong> a <strong data-start=\"1260\" data-end=\"1317\">nen\u00ed vhodn\u00e9 pro lidskou ani zv\u00ed\u0159ec\u00ed spot\u0159ebu<\/strong>.<\/p>\n<\/blockquote>\n<hr data-start=\"1320\" data-end=\"1323\" \/>\n<h3 data-start=\"1325\" data-end=\"1356\"><strong data-start=\"1329\" data-end=\"1356\">Kl\u00ed\u010dov\u00e9 vlastnosti<\/strong><\/h3>\n<ul data-start=\"1358\" data-end=\"1960\">\n<li data-start=\"1358\" data-end=\"1470\">\n<p data-start=\"1360\" data-end=\"1470\"><strong data-start=\"1360\" data-end=\"1392\">Vysok\u00e1 analytick\u00e1 \u010distota:<\/strong> \u010cistota \u226599%, testov\u00e1na chromatografick\u00fdmi a spektroskopick\u00fdmi metodami.<\/p>\n<\/li>\n<li data-start=\"1471\" data-end=\"1573\">\n<p data-start=\"1473\" data-end=\"1573\"><strong data-start=\"1473\" data-end=\"1493\">P\u0159esn\u00e9 d\u00e1vkov\u00e1n\u00ed:<\/strong> Ka\u017ed\u00e1 peleta obsahuje <strong data-start=\"1512\" data-end=\"1527\">220 mg 2-MMC<\/strong>, co\u017e zaji\u0161\u0165uje reprodukovateln\u00e9 v\u00fdsledky.<\/p>\n<\/li>\n<li data-start=\"1574\" data-end=\"1668\">\n<p data-start=\"1576\" data-end=\"1668\"><strong data-start=\"1576\" data-end=\"1597\">Chemicky stabiln\u00ed:<\/strong> Navr\u017eeno pro dlouhou trvanlivost za spr\u00e1vn\u00fdch skladovac\u00edch podm\u00ednek.<\/p>\n<\/li>\n<li data-start=\"1669\" data-end=\"1775\">\n<p data-start=\"1671\" data-end=\"1775\"><strong data-start=\"1671\" data-end=\"1705\">V\u00fdroba s certifikac\u00ed GLP:<\/strong> Vyrobeno za p\u0159\u00edsn\u00fdch podm\u00ednek <strong data-start=\"1732\" data-end=\"1760\">Spr\u00e1vn\u00e1 laboratorn\u00ed praxe<\/strong>-pokyny.<\/p>\n<\/li>\n<li data-start=\"1776\" data-end=\"1865\">\n<p data-start=\"1778\" data-end=\"1865\"><strong data-start=\"1778\" data-end=\"1795\">Testov\u00e1no v d\u00e1vce:<\/strong> Ka\u017ed\u00e1 \u0161ar\u017ee byla kontrolov\u00e1na z hlediska identity, struktury a slo\u017een\u00ed.<\/p>\n<\/li>\n<li data-start=\"1866\" data-end=\"1960\">\n<p data-start=\"1868\" data-end=\"1960\"><strong data-start=\"1868\" data-end=\"1891\">Bezpe\u010dn\u00e9 balen\u00ed:<\/strong> Vzduchot\u011bsn\u00e9, vlhkuvzdorn\u00e9 n\u00e1doby pro optim\u00e1ln\u00ed ochranu.<\/p>\n<\/li>\n<\/ul>\n<hr data-start=\"1962\" data-end=\"1965\" \/>\n<h3 data-start=\"1967\" data-end=\"1984\"><strong data-start=\"1971\" data-end=\"1984\">V\u00fdhody<\/strong><\/h3>\n<ol data-start=\"1986\" data-end=\"2434\">\n<li data-start=\"1986\" data-end=\"2088\">\n<p data-start=\"1989\" data-end=\"2088\"><strong data-start=\"1989\" data-end=\"2026\">Spolehliv\u00e9 v\u00fdsledky v\u00fdzkumu:<\/strong> Vysok\u00e1 \u010distota zaji\u0161\u0165uje konzistentn\u00ed a p\u0159esn\u00e1 data.<\/p>\n<\/li>\n<li data-start=\"2089\" data-end=\"2164\">\n<p data-start=\"2092\" data-end=\"2164\"><strong data-start=\"2092\" data-end=\"2119\">Dlouhodob\u00e1 stabilita:<\/strong> Odoln\u00fd proti rozkladu p\u0159i spr\u00e1vn\u00e9m skladov\u00e1n\u00ed.<\/p>\n<\/li>\n<li data-start=\"2165\" data-end=\"2255\">\n<p data-start=\"2168\" data-end=\"2255\"><strong data-start=\"2168\" data-end=\"2190\">Bezpe\u010dn\u00e1 manipulace:<\/strong> Peletov\u00e1 forma minimalizuje riziko kontaminace b\u011bhem pou\u017e\u00edv\u00e1n\u00ed.<\/p>\n<\/li>\n<li data-start=\"2256\" data-end=\"2336\">\n<p data-start=\"2259\" data-end=\"2336\"><strong data-start=\"2259\" data-end=\"2283\">Jednoduch\u00e9 d\u00e1vkov\u00e1n\u00ed:<\/strong> 220 mg na peletu pro maxim\u00e1ln\u00ed p\u0159esnost m\u011b\u0159en\u00ed.<\/p>\n<\/li>\n<li data-start=\"2337\" data-end=\"2434\">\n<p data-start=\"2340\" data-end=\"2434\"><strong data-start=\"2340\" data-end=\"2368\">Profesion\u00e1ln\u00ed kvalita:<\/strong> Vhodn\u00e9 pro <strong data-start=\"2383\" data-end=\"2431\">analytick\u00fd, chemick\u00fd a forenzn\u00ed v\u00fdzkum<\/strong>.<\/p>\n<\/li>\n<\/ol>\n<hr data-start=\"2436\" data-end=\"2439\" \/>\n<h3 data-start=\"2441\" data-end=\"2480\"><strong data-start=\"2445\" data-end=\"2480\">Pou\u017eit\u00ed (pouze pro v\u00fdzkum)<\/strong><\/h3>\n<ol data-start=\"2482\" data-end=\"2853\">\n<li data-start=\"2482\" data-end=\"2568\">\n<p data-start=\"2485\" data-end=\"2568\"><strong data-start=\"2485\" data-end=\"2515\">Noste ochrann\u00fd od\u011bv<\/strong> jako jsou rukavice, ochrann\u00e9 br\u00fdle a laboratorn\u00ed pl\u00e1\u0161\u0165.<\/p>\n<\/li>\n<li data-start=\"2569\" data-end=\"2640\">\n<p data-start=\"2572\" data-end=\"2640\"><strong data-start=\"2572\" data-end=\"2614\">Pou\u017e\u00edvejte kalibrovan\u00e9 m\u011b\u0159ic\u00ed p\u0159\u00edstroje<\/strong> pro p\u0159esn\u00e9 v\u00fdsledky.<\/p>\n<\/li>\n<li data-start=\"2641\" data-end=\"2706\">\n<p data-start=\"2644\" data-end=\"2706\"><strong data-start=\"2644\" data-end=\"2682\">Zaznamen\u00e1n\u00ed informac\u00ed o \u0161ar\u017ei a vzorku<\/strong> pro sledovatelnost.<\/p>\n<\/li>\n<li data-start=\"2707\" data-end=\"2774\">\n<p data-start=\"2710\" data-end=\"2774\"><strong data-start=\"2710\" data-end=\"2728\">Spou\u0161t\u011bn\u00ed test\u016f<\/strong> v kontrolovan\u00e9m laboratorn\u00edm prost\u0159ed\u00ed.<\/p>\n<\/li>\n<li data-start=\"2775\" data-end=\"2853\">\n<p data-start=\"2778\" data-end=\"2853\"><strong data-start=\"2778\" data-end=\"2804\">Odstra\u0148te odpad<\/strong> v souladu s platn\u00fdmi bezpe\u010dnostn\u00edmi a environment\u00e1ln\u00edmi p\u0159edpisy.<\/p>\n<\/li>\n<\/ol>\n<blockquote data-start=\"2855\" data-end=\"2972\">\n<p data-start=\"2857\" data-end=\"2972\">\u2697\ufe0f <strong data-start=\"2860\" data-end=\"2972\">Pouze pro v\u011bdeck\u00fd a analytick\u00fd v\u00fdzkum \u2013 nikoli pro lidskou ani zv\u00ed\u0159ec\u00ed spot\u0159ebu.<\/strong><\/p>\n<\/blockquote>\n<hr data-start=\"2974\" data-end=\"2977\" \/>\n<h3 data-start=\"2979\" data-end=\"3004\"><strong data-start=\"2983\" data-end=\"3004\">Pokyny pro skladov\u00e1n\u00ed<\/strong><\/h3>\n<ul data-start=\"3006\" data-end=\"3234\">\n<li data-start=\"3006\" data-end=\"3074\">\n<p data-start=\"3008\" data-end=\"3074\">Ulo\u017eit na <strong data-start=\"3019\" data-end=\"3028\">2\u20138 \u00b0C<\/strong>, na <strong data-start=\"3037\" data-end=\"3071\">chladn\u00e9m, such\u00e9m a tmav\u00e9m m\u00edst\u011b<\/strong>.<\/p>\n<\/li>\n<li data-start=\"3075\" data-end=\"3144\">\n<p data-start=\"3077\" data-end=\"3144\">Uchov\u00e1vejte n\u00e1dobu <strong data-start=\"3095\" data-end=\"3114\">dob\u0159e uzav\u0159en\u00e9<\/strong> aby se zabr\u00e1nilo kontaminaci.<\/p>\n<\/li>\n<li data-start=\"3145\" data-end=\"3191\">\n<p data-start=\"3147\" data-end=\"3191\">Chra\u0148te p\u0159ed <strong data-start=\"3162\" data-end=\"3188\">sv\u011btlo, teplo a vlhkost<\/strong>.<\/p>\n<\/li>\n<li data-start=\"3192\" data-end=\"3234\">\n<p data-start=\"3194\" data-end=\"3234\">Uchov\u00e1vejte mimo dosah neopr\u00e1vn\u011bn\u00fdch osob.<\/p>\n<\/li>\n<\/ul>\n<hr data-start=\"3236\" data-end=\"3239\" \/>\n<h3 data-start=\"3241\" data-end=\"3276\"><strong data-start=\"3245\" data-end=\"3276\">\u010casto kladen\u00e9 ot\u00e1zky (FAQ)<\/strong><\/h3>\n<p data-start=\"3278\" data-end=\"3478\"><strong data-start=\"3278\" data-end=\"3321\">1. K \u010demu se 2-MMC 220 mg pou\u017e\u00edv\u00e1?<\/strong><br data-start=\"3321\" data-end=\"3324\" \/>Pelety 2-MMC 220 mg se pou\u017e\u00edvaj\u00ed k <strong data-start=\"3365\" data-end=\"3403\">analytick\u00fd a forenzn\u00ed v\u00fdzkum<\/strong>, zam\u011b\u0159en\u00fd p\u0159edev\u0161\u00edm na <strong data-start=\"3423\" data-end=\"3475\">deriv\u00e1ty kathinonu a studie chemick\u00fdch struktur<\/strong>2mm pelety<\/p>\n<p data-start=\"3480\" data-end=\"3674\"><strong data-start=\"3480\" data-end=\"3532\">2. Je 2-MMC vhodn\u00fd pro lidskou spot\u0159ebu?<\/strong><br data-start=\"3532\" data-end=\"3535\" \/>\u017d\u00e1dn\u00fd. <strong data-start=\"3540\" data-end=\"3563\">2-MMC 220mg pelety<\/strong> jsou <strong data-start=\"3569\" data-end=\"3619\">ur\u010den\u00e9 pouze pro laboratorn\u00ed v\u00fdzkum<\/strong> a <strong data-start=\"3623\" data-end=\"3671\">nen\u00ed ur\u010deno k lidsk\u00e9 ani zv\u00ed\u0159ec\u00ed spot\u0159eb\u011b<\/strong>.<\/p>\n<p data-start=\"3676\" data-end=\"3859\"><strong data-start=\"3676\" data-end=\"3709\">3. Jak m\u00e1m skladovat 2-MMC?<\/strong><br data-start=\"3709\" data-end=\"3712\" \/>Ulo\u017eit na <strong data-start=\"3723\" data-end=\"3732\">2\u20138 \u00b0C<\/strong>, na <strong data-start=\"3741\" data-end=\"3775\">chladn\u00e9m, such\u00e9m a tmav\u00e9m m\u00edst\u011b<\/strong>, v p\u016fvodn\u00ed vzduchot\u011bsn\u00e9 n\u00e1dob\u011b pro zachov\u00e1n\u00ed \u010distoty a stability.<\/p>\n<hr data-start=\"3861\" data-end=\"3864\" \/>\n<h3 data-start=\"3866\" data-end=\"3898\"><strong data-start=\"3870\" data-end=\"3898\">Technick\u00e9 specifikace<\/strong><\/h3>\n<div class=\"_tableContainer_1rjym_1\">\n<div class=\"group _tableWrapper_1rjym_13 flex w-fit flex-col-reverse\" tabindex=\"-1\">\n<table class=\"w-fit min-w-(--thread-content-width)\" data-start=\"3900\" data-end=\"4436\">\n<thead data-start=\"3900\" data-end=\"3932\">\n<tr data-start=\"3900\" data-end=\"3932\">\n<th data-start=\"3900\" data-end=\"3917\" data-col-size=\"sm\"><strong data-start=\"3902\" data-end=\"3916\">Charakteristick\u00fd<\/strong><\/th>\n<th data-start=\"3917\" data-end=\"3932\" data-col-size=\"sm\"><strong data-start=\"3919\" data-end=\"3930\">Podrobnosti<\/strong><\/th>\n<\/tr>\n<\/thead>\n<tbody data-start=\"3967\" data-end=\"4436\">\n<tr data-start=\"3967\" data-end=\"4008\">\n<td data-start=\"3967\" data-end=\"3985\" data-col-size=\"sm\"><strong data-start=\"3969\" data-end=\"3984\">N\u00e1zev produktu<\/strong><\/td>\n<td data-start=\"3985\" data-end=\"4008\" data-col-size=\"sm\">2-MMC 220mg pelety<\/td>\n<\/tr>\n<tr data-start=\"4009\" data-end=\"4054\">\n<td data-start=\"4009\" data-end=\"4030\" data-col-size=\"sm\"><strong data-start=\"4011\" data-end=\"4029\">Chemick\u00fd n\u00e1zev<\/strong><\/td>\n<td data-start=\"4030\" data-end=\"4054\" data-col-size=\"sm\">2-methylmethcathinon<\/td>\n<\/tr>\n<tr data-start=\"4055\" data-end=\"4091\">\n<td data-start=\"4055\" data-end=\"4079\" data-col-size=\"sm\"><strong data-start=\"4057\" data-end=\"4078\">Chemick\u00fd vzorec<\/strong><\/td>\n<td data-start=\"4079\" data-end=\"4091\" data-col-size=\"sm\">C11H15NO<\/td>\n<\/tr>\n<tr data-start=\"4092\" data-end=\"4130\">\n<td data-start=\"4092\" data-end=\"4114\" data-col-size=\"sm\"><strong data-start=\"4094\" data-end=\"4113\">Molekulov\u00e1 hmotnost<\/strong><\/td>\n<td data-start=\"4114\" data-end=\"4130\" data-col-size=\"sm\">177,24 g\/mol<\/td>\n<\/tr>\n<tr data-start=\"4131\" data-end=\"4166\">\n<td data-start=\"4131\" data-end=\"4157\" data-col-size=\"sm\"><strong data-start=\"4133\" data-end=\"4156\">D\u00e1vkov\u00e1n\u00ed na peletu<\/strong><\/td>\n<td data-start=\"4157\" data-end=\"4166\" data-col-size=\"sm\">220 mg<\/td>\n<\/tr>\n<tr data-start=\"4167\" data-end=\"4216\">\n<td data-start=\"4167\" data-end=\"4184\" data-col-size=\"sm\"><strong data-start=\"4169\" data-end=\"4183\">\u010cistota<\/strong><\/td>\n<td data-start=\"4184\" data-end=\"4216\" data-col-size=\"sm\">\u226599% (analytick\u00e1 kvalita)<\/td>\n<\/tr>\n<tr data-start=\"4217\" data-end=\"4272\">\n<td data-start=\"4217\" data-end=\"4240\" data-col-size=\"sm\"><strong data-start=\"4219\" data-end=\"4239\">Chemick\u00e1 t\u0159\u00edda<\/strong><\/td>\n<td data-start=\"4240\" data-end=\"4272\" data-col-size=\"sm\">Kathinon \/ \u03b2-keto amfetamin<\/td>\n<\/tr>\n<tr data-start=\"4273\" data-end=\"4333\">\n<td data-start=\"4273\" data-end=\"4290\" data-col-size=\"sm\"><strong data-start=\"4275\" data-end=\"4289\">Aplikace<\/strong><\/td>\n<td data-start=\"4290\" data-end=\"4333\" data-col-size=\"sm\">V\u011bdeck\u00fd \/ Analytick\u00fd v\u00fdzkum<\/td>\n<\/tr>\n<tr data-start=\"4334\" data-end=\"4381\">\n<td data-start=\"4334\" data-end=\"4356\" data-col-size=\"sm\"><strong data-start=\"4336\" data-end=\"4355\">Skladovac\u00ed podm\u00ednky<\/strong><\/td>\n<td data-start=\"4356\" data-end=\"4381\" data-col-size=\"sm\">2\u20138 \u00b0C, sucho a tma<\/td>\n<\/tr>\n<tr data-start=\"4382\" data-end=\"4436\">\n<td data-start=\"4382\" data-end=\"4399\" data-col-size=\"sm\"><strong data-start=\"4384\" data-end=\"4398\">Obal<\/strong><\/td>\n<td data-start=\"4399\" data-end=\"4436\" data-col-size=\"sm\">Vzduchot\u011bsn\u00e1, uzav\u0159en\u00e1 n\u00e1doba<\/td>\n<\/tr>\n<\/tbody>\n<\/table>\n<\/div>\n<\/div>\n<hr data-start=\"4438\" data-end=\"4441\" \/>\n<h3 data-start=\"4443\" data-end=\"4460\"><strong data-start=\"4447\" data-end=\"4460\">Z\u00e1v\u011br<\/strong><\/h3>\n<p data-start=\"4462\" data-end=\"4782\"><strong data-start=\"4462\" data-end=\"4485\">2-MMC 220mg pelety<\/strong> jsou <strong data-start=\"4491\" data-end=\"4537\">v\u00fdzkumn\u00e9 l\u00e1tky nejvy\u0161\u0161\u00ed kvality<\/strong>, vyvinut\u00fd pro <strong data-start=\"4555\" data-end=\"4607\">profesion\u00e1ln\u00ed analytick\u00fd a forenzn\u00ed v\u00fdzkum<\/strong>.<br data-start=\"4608\" data-end=\"4611\" \/>D\u00edky nim <strong data-start=\"4623\" data-end=\"4674\">stabilita, \u010distota a p\u0159esn\u00e9 d\u00e1vkov\u00e1n\u00ed<\/strong> Jsou ide\u00e1ln\u00ed pro laborato\u0159e, kter\u00e9 se zab\u00fdvaj\u00ed <strong data-start=\"4732\" data-end=\"4779\">chemick\u00e9 anal\u00fdzy katinonov\u00fdch slou\u010denin<\/strong>.<\/p>","protected":false},"excerpt":{"rendered":"<h2><span dir=\"auto\" style=\"vertical-align: inherit;\"><span dir=\"auto\" style=\"vertical-align: inherit;\"><span dir=\"auto\" style=\"vertical-align: inherit;\"><span dir=\"auto\" style=\"vertical-align: inherit;\">Vlastnosti 2-MMC<\/span><\/span><\/span><\/span><\/h2>\n<p><strong><span dir=\"auto\" style=\"vertical-align: inherit;\"><span dir=\"auto\" style=\"vertical-align: inherit;\"><span dir=\"auto\" style=\"vertical-align: inherit;\"><span dir=\"auto\" style=\"vertical-align: inherit;\">\u010c\u00edslo CAS<\/span><\/span><\/span><\/span><\/strong><span dir=\"auto\" style=\"vertical-align: inherit;\"><span dir=\"auto\" style=\"vertical-align: inherit;\"><span dir=\"auto\" style=\"vertical-align: inherit;\"><span dir=\"auto\" style=\"vertical-align: inherit;\"> : 1246911-71-6 <\/span><\/span><\/span><\/span><br \/>\n<strong><span dir=\"auto\" style=\"vertical-align: inherit;\"><span dir=\"auto\" style=\"vertical-align: inherit;\"><span dir=\"auto\" style=\"vertical-align: inherit;\"><span dir=\"auto\" style=\"vertical-align: inherit;\">Vzorec<\/span><\/span><\/span><\/span><\/strong><span dir=\"auto\" style=\"vertical-align: inherit;\"><span dir=\"auto\" style=\"vertical-align: inherit;\"><span dir=\"auto\" style=\"vertical-align: inherit;\"><span dir=\"auto\" style=\"vertical-align: inherit;\"> : C11h15NO \u2022 HCL <\/span><\/span><\/span><\/span><br \/>\n<strong><span dir=\"auto\" style=\"vertical-align: inherit;\"><span dir=\"auto\" style=\"vertical-align: inherit;\"><span dir=\"auto\" style=\"vertical-align: inherit;\"><span dir=\"auto\" style=\"vertical-align: inherit;\">Mol\u00e1rn\u00ed hmotnost<\/span><\/span><\/span><\/span><\/strong><span dir=\"auto\" style=\"vertical-align: inherit;\"><span dir=\"auto\" style=\"vertical-align: inherit;\"><span dir=\"auto\" style=\"vertical-align: inherit;\"><span dir=\"auto\" style=\"vertical-align: inherit;\"> : 177.247 <\/span><\/span><\/span><\/span><br \/>\n<strong><span dir=\"auto\" style=\"vertical-align: inherit;\"><span dir=\"auto\" style=\"vertical-align: inherit;\"><span dir=\"auto\" style=\"vertical-align: inherit;\"><span dir=\"auto\" style=\"vertical-align: inherit;\">\u010cistota<\/span><\/span><\/span><\/span><\/strong><span dir=\"auto\" style=\"vertical-align: inherit;\"><span dir=\"auto\" style=\"vertical-align: inherit;\"><span dir=\"auto\" style=\"vertical-align: inherit;\"><span dir=\"auto\" style=\"vertical-align: inherit;\"> : \u226599%<\/span><\/span><\/span><\/span><\/p>","protected":false},"featured_media":29200,"comment_status":"closed","ping_status":"closed","template":"","meta":[],"product_brand":[82],"product_cat":[372,463,322,79,324],"product_tag":[83,679,652,678,326],"class_list":{"0":"post-23975","1":"product","2":"type-product","3":"status-publish","4":"has-post-thumbnail","6":"product_brand-research-chemical","7":"product_cat-2-mmc-kopen","8":"product_cat-2-mmc-pellets","9":"product_cat-bijna-verboden","10":"product_cat-cathinonen","11":"product_cat-pellets-for-pellet","12":"product_tag-2-mmc-kopen","13":"product_tag-2-mmc-pellets","14":"product_tag-2-mmc-pellets-kopen","15":"product_tag-2mmc-pellets","16":"product_tag-nl","18":"first","19":"instock","20":"taxable","21":"shipping-taxable","22":"purchasable","23":"product-type-variable"},"_links":{"self":[{"href":"https:\/\/onderzoekschemicals.com\/cs\/wp-json\/wp\/v2\/product\/23975","targetHints":{"allow":["GET"]}}],"collection":[{"href":"https:\/\/onderzoekschemicals.com\/cs\/wp-json\/wp\/v2\/product"}],"about":[{"href":"https:\/\/onderzoekschemicals.com\/cs\/wp-json\/wp\/v2\/types\/product"}],"replies":[{"embeddable":true,"href":"https:\/\/onderzoekschemicals.com\/cs\/wp-json\/wp\/v2\/comments?post=23975"}],"version-history":[{"count":5,"href":"https:\/\/onderzoekschemicals.com\/cs\/wp-json\/wp\/v2\/product\/23975\/revisions"}],"predecessor-version":[{"id":25526,"href":"https:\/\/onderzoekschemicals.com\/cs\/wp-json\/wp\/v2\/product\/23975\/revisions\/25526"}],"wp:featuredmedia":[{"embeddable":true,"href":"https:\/\/onderzoekschemicals.com\/cs\/wp-json\/wp\/v2\/media\/29200"}],"wp:attachment":[{"href":"https:\/\/onderzoekschemicals.com\/cs\/wp-json\/wp\/v2\/media?parent=23975"}],"wp:term":[{"taxonomy":"product_brand","embeddable":true,"href":"https:\/\/onderzoekschemicals.com\/cs\/wp-json\/wp\/v2\/product_brand?post=23975"},{"taxonomy":"product_cat","embeddable":true,"href":"https:\/\/onderzoekschemicals.com\/cs\/wp-json\/wp\/v2\/product_cat?post=23975"},{"taxonomy":"product_tag","embeddable":true,"href":"https:\/\/onderzoekschemicals.com\/cs\/wp-json\/wp\/v2\/product_tag?post=23975"}],"curies":[{"name":"wp","href":"https:\/\/api.w.org\/{rel}","templated":true}]}}