{"id":23926,"date":"2025-04-13T17:40:43","date_gmt":"2025-04-13T17:40:43","guid":{"rendered":"https:\/\/onderzoekschemicals.com\/?post_type=product&#038;p=23926"},"modified":"2025-11-28T07:24:20","modified_gmt":"2025-11-28T07:24:20","slug":"adb-butinaca","status":"publish","type":"product","link":"https:\/\/onderzoekschemicals.com\/cs\/shop\/verboden\/adb-butinaca\/","title":{"rendered":"ADB-B \/ ADB-BUTINACA"},"content":{"rendered":"<h3 data-start=\"6150\" data-end=\"6169\"><strong data-start=\"6154\" data-end=\"6169\">Zaveden\u00ed<\/strong><\/h3>\n<p data-start=\"6171\" data-end=\"6493\"><strong data-start=\"6171\" data-end=\"6180\">ADB-B<\/strong>, tak\u00e9 zn\u00e1m\u00fd jako <strong data-start=\"6197\" data-end=\"6213\">ADB-BUTINACA<\/strong>, je <strong data-start=\"6222\" data-end=\"6277\">syntetick\u00fd kanabinoid analytick\u00e9 kvality<\/strong>, vyvinut\u00fd pro <strong data-start=\"6295\" data-end=\"6343\">forenzn\u00ed, analytick\u00fd a chemick\u00fd v\u00fdzkum<\/strong>adb butinaca<br data-start=\"6344\" data-end=\"6347\" \/>Spojen\u00ed pat\u0159\u00ed k <strong data-start=\"6376\" data-end=\"6410\">rodina indazol-3-karboxamid\u016f<\/strong> a je struktur\u00e1ln\u011b p\u0159\u00edbuzn\u00fd l\u00e1tk\u00e1m, jako je nap\u0159. <strong data-start=\"6455\" data-end=\"6469\">ADB-BINACA<\/strong> a <strong data-start=\"6473\" data-end=\"6490\">MDMB-BUTINACA<\/strong>.<\/p>\n<p data-start=\"6495\" data-end=\"6852\">Tato v\u00fdzkumn\u00e1 l\u00e1tka je \u0161iroce pou\u017e\u00edv\u00e1na v <strong data-start=\"6538\" data-end=\"6592\">studie vazby na receptory, toxikologick\u00e9 anal\u00fdzy<\/strong> a <strong data-start=\"6596\" data-end=\"6625\">forenzn\u00ed identifikace<\/strong>.<br data-start=\"6626\" data-end=\"6629\" \/>Vyrobeno dle <strong data-start=\"6650\" data-end=\"6691\">Standardy GLP (spr\u00e1vn\u00e1 laboratorn\u00ed praxe)<\/strong>, ADB-BUTINACA zaru\u010duje <strong data-start=\"6721\" data-end=\"6744\">\u010distota \u226599%<\/strong>, <strong data-start=\"6746\" data-end=\"6771\">chemick\u00e1 stabilita<\/strong> a <strong data-start=\"6775\" data-end=\"6797\">konzistence d\u00e1vky<\/strong> \u2013 ide\u00e1ln\u00ed pro kontrolovan\u00e9 laboratorn\u00ed prost\u0159ed\u00ed.<\/p>\n<blockquote data-start=\"6854\" data-end=\"6998\">\n<p data-start=\"6856\" data-end=\"6998\">\u26a0\ufe0f <strong data-start=\"6859\" data-end=\"6870\">Pozn.:<\/strong> Tento produkt je <strong data-start=\"6886\" data-end=\"6936\">ur\u010den\u00e9 pouze pro laboratorn\u00ed v\u00fdzkum<\/strong> a <strong data-start=\"6940\" data-end=\"6997\">nen\u00ed vhodn\u00e9 pro lidskou ani zv\u00ed\u0159ec\u00ed spot\u0159ebu<\/strong>.<\/p>\n<\/blockquote>\n<hr data-start=\"7000\" data-end=\"7003\" \/>\n<h3 data-start=\"7005\" data-end=\"7036\"><strong data-start=\"7009\" data-end=\"7036\">Kl\u00ed\u010dov\u00e9 vlastnosti<\/strong><\/h3>\n<ul data-start=\"7038\" data-end=\"7537\">\n<li data-start=\"7038\" data-end=\"7120\">\n<p data-start=\"7040\" data-end=\"7120\"><strong data-start=\"7040\" data-end=\"7072\">Vysok\u00e1 analytick\u00e1 \u010distota:<\/strong> \u226599% testov\u00e1no chromatografick\u00fdmi technikami.<\/p>\n<\/li>\n<li data-start=\"7121\" data-end=\"7215\">\n<p data-start=\"7123\" data-end=\"7215\"><strong data-start=\"7123\" data-end=\"7153\">Syntetick\u00fd kanabinoid:<\/strong> Odvozeno z indazol-3-karboxamidu pro v\u00fdzkum receptor\u016f.<\/p>\n<\/li>\n<li data-start=\"7216\" data-end=\"7285\">\n<p data-start=\"7218\" data-end=\"7285\"><strong data-start=\"7218\" data-end=\"7239\">Chemicky stabiln\u00ed:<\/strong> Odoln\u00fd v\u016f\u010di degradaci p\u0159i spr\u00e1vn\u00e9m skladov\u00e1n\u00ed.<\/p>\n<\/li>\n<li data-start=\"7286\" data-end=\"7372\">\n<p data-start=\"7288\" data-end=\"7372\"><strong data-start=\"7288\" data-end=\"7306\">Spr\u00e1vn\u00e1 laboratorn\u00ed v\u00fdroba:<\/strong> Vyrobeno za p\u0159\u00edsn\u00fdch podm\u00ednek <strong data-start=\"7334\" data-end=\"7362\">Spr\u00e1vn\u00e1 laboratorn\u00ed praxe<\/strong>-standardy.<\/p>\n<\/li>\n<li data-start=\"7373\" data-end=\"7459\">\n<p data-start=\"7375\" data-end=\"7459\"><strong data-start=\"7375\" data-end=\"7392\">Testov\u00e1no v d\u00e1vce:<\/strong> Ka\u017ed\u00e1 \u0161ar\u017ee je kontrolov\u00e1na z hlediska identity, struktury a \u010distoty. adb butinaca<\/p>\n<\/li>\n<li data-start=\"7460\" data-end=\"7537\">\n<p data-start=\"7462\" data-end=\"7537\"><strong data-start=\"7462\" data-end=\"7485\">Bezpe\u010dn\u00e9 balen\u00ed:<\/strong> Vzduchot\u011bsn\u00e9 a ut\u011bsn\u011bn\u00e9 pro zachov\u00e1n\u00ed kvality.<\/p>\n<\/li>\n<\/ul>\n<hr data-start=\"7539\" data-end=\"7542\" \/>\n<h3 data-start=\"7544\" data-end=\"7561\"><strong data-start=\"7548\" data-end=\"7561\">V\u00fdhody<\/strong><\/h3>\n<ol data-start=\"7563\" data-end=\"7988\">\n<li data-start=\"7563\" data-end=\"7650\">\n<p data-start=\"7566\" data-end=\"7650\"><strong data-start=\"7566\" data-end=\"7603\">Spolehliv\u00e9 v\u00fdsledky v\u00fdzkumu:<\/strong> Vysok\u00e1 \u010distota zaji\u0161\u0165uje konzistentn\u00ed data.<\/p>\n<\/li>\n<li data-start=\"7651\" data-end=\"7739\">\n<p data-start=\"7654\" data-end=\"7739\"><strong data-start=\"7654\" data-end=\"7681\">Dlouhodob\u00e1 stabilita:<\/strong> Odoln\u00fd v\u016f\u010di sv\u011btlu, vlhkosti a teplotn\u00edm v\u00fdkyv\u016fm.<\/p>\n<\/li>\n<li data-start=\"7740\" data-end=\"7808\">\n<p data-start=\"7743\" data-end=\"7808\"><strong data-start=\"7743\" data-end=\"7767\">P\u0159esn\u00e9 slo\u017een\u00ed:<\/strong> Snadn\u00e1 manipulace a d\u00e1vkov\u00e1n\u00ed.<\/p>\n<\/li>\n<li data-start=\"7809\" data-end=\"7897\">\n<p data-start=\"7812\" data-end=\"7897\"><strong data-start=\"7812\" data-end=\"7840\">Profesion\u00e1ln\u00ed kvalita:<\/strong> Vhodn\u00e9 pro forenzn\u00ed a analytick\u00e9 aplikace.<\/p>\n<\/li>\n<li data-start=\"7898\" data-end=\"7988\">\n<p data-start=\"7901\" data-end=\"7988\"><strong data-start=\"7901\" data-end=\"7935\">Ide\u00e1ln\u00ed pro v\u00fdzkum receptor\u016f:<\/strong> Ide\u00e1ln\u00ed pro <strong data-start=\"7949\" data-end=\"7985\">vazebn\u00e9 a strukturn\u00ed studie<\/strong>.<\/p>\n<\/li>\n<\/ol>\n<hr data-start=\"7990\" data-end=\"7993\" \/>\n<h3 data-start=\"7995\" data-end=\"8034\"><strong data-start=\"7999\" data-end=\"8034\">Pou\u017eit\u00ed (pouze pro v\u00fdzkum)<\/strong><\/h3>\n<ol data-start=\"8036\" data-end=\"8458\">\n<li data-start=\"8036\" data-end=\"8128\">\n<p data-start=\"8039\" data-end=\"8128\"><strong data-start=\"8039\" data-end=\"8070\">Noste ochrann\u00fd od\u011bv:<\/strong> Vy\u017eaduj\u00ed se rukavice, ochrann\u00e9 br\u00fdle a laboratorn\u00ed pl\u00e1\u0161\u0165.<\/p>\n<\/li>\n<li data-start=\"8129\" data-end=\"8207\">\n<p data-start=\"8132\" data-end=\"8207\"><strong data-start=\"8132\" data-end=\"8156\">Pou\u017eit\u00ed v digesto\u0159i:<\/strong> Zabra\u0148te p\u0159\u00edm\u00e9mu kontaktu nebo vdechov\u00e1n\u00ed l\u00e1tky.<\/p>\n<\/li>\n<li data-start=\"8208\" data-end=\"8294\">\n<p data-start=\"8211\" data-end=\"8294\"><strong data-start=\"8211\" data-end=\"8231\">P\u0159esn\u00e9 m\u011b\u0159en\u00ed:<\/strong> Pro p\u0159esn\u00e9 v\u00fdsledky pou\u017e\u00edvejte kalibrovan\u00e9 p\u0159\u00edstroje.<\/p>\n<\/li>\n<li data-start=\"8295\" data-end=\"8365\">\n<p data-start=\"8298\" data-end=\"8365\"><strong data-start=\"8298\" data-end=\"8323\">Podrobnosti o d\u00e1vce pozn\u00e1mky:<\/strong> Zaznamenejte \u010distotu a hmotnost vzorku.<\/p>\n<\/li>\n<li data-start=\"8366\" data-end=\"8458\">\n<p data-start=\"8369\" data-end=\"8458\"><strong data-start=\"8369\" data-end=\"8403\">Bezpe\u010dn\u011b zlikvidujte odpad:<\/strong> Dodr\u017eujte bezpe\u010dnostn\u00ed pokyny laborato\u0159e.<\/p>\n<\/li>\n<\/ol>\n<blockquote data-start=\"8460\" data-end=\"8545\">\n<p data-start=\"8462\" data-end=\"8545\">\u2697\ufe0f <strong data-start=\"8465\" data-end=\"8545\">Pouze pro laboratorn\u00ed testy \u2013 ne pro lidskou spot\u0159ebu.<\/strong><\/p>\n<\/blockquote>\n<hr data-start=\"8547\" data-end=\"8550\" \/>\n<h3 data-start=\"8552\" data-end=\"8577\"><strong data-start=\"8556\" data-end=\"8577\">Pokyny pro skladov\u00e1n\u00ed<\/strong><\/h3>\n<ul data-start=\"8579\" data-end=\"8773\">\n<li data-start=\"8579\" data-end=\"8647\">\n<p data-start=\"8581\" data-end=\"8647\">Ulo\u017eit na <strong data-start=\"8592\" data-end=\"8601\">2\u20138 \u00b0C<\/strong>, na <strong data-start=\"8610\" data-end=\"8644\">chladn\u00e9m, such\u00e9m a tmav\u00e9m m\u00edst\u011b<\/strong>.<\/p>\n<\/li>\n<li data-start=\"8648\" data-end=\"8684\">\n<p data-start=\"8650\" data-end=\"8684\">Uchov\u00e1vejte obal t\u011bsn\u011b uzav\u0159en\u00fd.<\/p>\n<\/li>\n<li data-start=\"8685\" data-end=\"8730\">\n<p data-start=\"8687\" data-end=\"8730\">Chra\u0148te p\u0159ed <strong data-start=\"8702\" data-end=\"8727\">sv\u011btlo, vlhkost a teplo<\/strong>.<\/p>\n<\/li>\n<li data-start=\"8731\" data-end=\"8773\">\n<p data-start=\"8733\" data-end=\"8773\">Uchov\u00e1vejte mimo dosah neopr\u00e1vn\u011bn\u00fdch osob.<\/p>\n<\/li>\n<\/ul>\n<hr data-start=\"8775\" data-end=\"8778\" \/>\n<h3 data-start=\"8780\" data-end=\"8815\"><strong data-start=\"8784\" data-end=\"8815\">\u010casto kladen\u00e9 ot\u00e1zky (FAQ)<\/strong><\/h3>\n<p data-start=\"8817\" data-end=\"9007\"><strong data-start=\"8817\" data-end=\"8869\">1. K \u010demu se pou\u017e\u00edv\u00e1 ADB-B (ADB-BUTINACA)?<\/strong><br data-start=\"8869\" data-end=\"8872\" \/>ADB-BUTINACA se pou\u017e\u00edv\u00e1 k <strong data-start=\"8905\" data-end=\"8943\">forenzn\u00ed a analytick\u00fd v\u00fdzkum<\/strong>, zejm\u00e9na v <strong data-start=\"8957\" data-end=\"9004\">studie vazby na receptory a toxikologick\u00e9 studie<\/strong>.<\/p>\n<p data-start=\"9009\" data-end=\"9210\"><strong data-start=\"9009\" data-end=\"9068\">2. Je ADB-BUTINACA vhodn\u00fd k lidsk\u00e9 spot\u0159eb\u011b?<\/strong><br data-start=\"9068\" data-end=\"9071\" \/>\u017d\u00e1dn\u00fd. <strong data-start=\"9076\" data-end=\"9092\">ADB-BUTINACA<\/strong> je <strong data-start=\"9096\" data-end=\"9146\">ur\u010den\u00e9 pouze pro laboratorn\u00ed v\u00fdzkum<\/strong> a <strong data-start=\"9150\" data-end=\"9207\">nen\u00ed vhodn\u00e9 pro lidskou ani zv\u00ed\u0159ec\u00ed spot\u0159ebu<\/strong>.<\/p>\n<p data-start=\"9212\" data-end=\"9333\"><strong data-start=\"9212\" data-end=\"9256\">3. Jak nejl\u00e9pe uchov\u00e1vat ADB-BUTINACA?<\/strong><br data-start=\"9256\" data-end=\"9259\" \/>Ulo\u017eit na <strong data-start=\"9270\" data-end=\"9279\">2\u20138 \u00b0C<\/strong>, v <strong data-start=\"9288\" data-end=\"9330\">such\u00e9, tmav\u00e9 a vzduchot\u011bsn\u00e9 prost\u0159ed\u00ed<\/strong>.<\/p>\n<hr data-start=\"9335\" data-end=\"9338\" \/>\n<h3 data-start=\"9340\" data-end=\"9357\"><strong data-start=\"9344\" data-end=\"9357\">Z\u00e1v\u011br<\/strong><\/h3>\n<p data-start=\"9359\" data-end=\"9628\"><strong data-start=\"9359\" data-end=\"9383\">ADB-B (ADB-BUTINACA)<\/strong> nab\u00eddky <strong data-start=\"9390\" data-end=\"9452\">vynikaj\u00edc\u00ed \u010distota, stabilita a reprodukovatelnost<\/strong>, ide\u00e1ln\u00ed pro <strong data-start=\"9466\" data-end=\"9504\">forenzn\u00ed a analytick\u00fd v\u00fdzkum<\/strong>.<br data-start=\"9505\" data-end=\"9508\" \/>Spolehliv\u00e1 volba pro laborato\u0159e zam\u011b\u0159en\u00e9 na <strong data-start=\"9567\" data-end=\"9625\">anal\u00fdza syntetick\u00fdch kanabinoid\u016f a v\u00fdzkum receptor\u016f<\/strong>.<\/p>\n<h1><a style=\"font-size: 16px;\" href=\"https:\/\/onderzoekschemicals.com\/cs\/shop\/iboga-ibogaine\/iboga-root-bark\/\"><span dir=\"auto\" style=\"vertical-align: inherit;\"><span dir=\"auto\" style=\"vertical-align: inherit;\">K\u016fra ko\u0159ene ibogy<\/span><\/span><\/a><a style=\"font-size: 16px;\" href=\"https:\/\/onderzoekschemicals.com\/cs\/shop\/iboga-ibogaine\/buy-ibogaine-hcl-online\/\"><span dir=\"auto\" style=\"vertical-align: inherit;\"><span dir=\"auto\" style=\"vertical-align: inherit;\">koupit ibogain hydrochlorid online<\/span><\/span><\/a><a style=\"font-size: 16px;\" href=\"https:\/\/onderzoekschemicals.com\/cs\/shop\/lysergamides\/1cp-lsd\/\"><span dir=\"auto\" style=\"vertical-align: inherit;\"><span dir=\"auto\" style=\"vertical-align: inherit;\">1cp LSD <\/span><\/span><\/a><a style=\"font-size: 16px;\" href=\"https:\/\/onderzoekschemicals.com\/cs\/shop\/pellets\/o-dsmt-50mg-pellets\/\"><span dir=\"auto\" style=\"vertical-align: inherit;\"><span dir=\"auto\" style=\"vertical-align: inherit;\">o-dsmt <\/span><\/span><\/a><a style=\"font-size: 16px;\" href=\"https:\/\/onderzoekschemicals.com\/cs\/shop\/lysergamides\/1vlsd\/\"><span dir=\"auto\" style=\"vertical-align: inherit;\"><span dir=\"auto\" style=\"vertical-align: inherit;\">1vlsd<\/span><\/span><\/a><\/h1>","protected":false},"excerpt":{"rendered":"<h3><span dir=\"auto\" style=\"vertical-align: inherit;\"><span dir=\"auto\" style=\"vertical-align: inherit;\">Vlastnosti ADB-B \/ ADB-BUTINACA<\/span><\/span><\/h3>\n<p><strong><span dir=\"auto\" style=\"vertical-align: inherit;\"><span dir=\"auto\" style=\"vertical-align: inherit;\">Synonymum:<\/span><\/span><\/strong><span dir=\"auto\" style=\"vertical-align: inherit;\"><span dir=\"auto\" style=\"vertical-align: inherit;\"> ADB-B \/ ADB-BUTINACA <\/span><\/span><br \/>\n<strong><span dir=\"auto\" style=\"vertical-align: inherit;\"><span dir=\"auto\" style=\"vertical-align: inherit;\">\u010c\u00edslo CAS:<\/span><\/span><\/strong><span dir=\"auto\" style=\"vertical-align: inherit;\"><span dir=\"auto\" style=\"vertical-align: inherit;\"> 2682867-55-4 <\/span><\/span><br \/>\n<strong><span dir=\"auto\" style=\"vertical-align: inherit;\"><span dir=\"auto\" style=\"vertical-align: inherit;\">Vzorec:<\/span><\/span><\/strong><span dir=\"auto\" style=\"vertical-align: inherit;\"><span dir=\"auto\" style=\"vertical-align: inherit;\"> C <\/span><\/span><sub><small><span dir=\"auto\" style=\"vertical-align: inherit;\"><span dir=\"auto\" style=\"vertical-align: inherit;\">18<\/span><\/span><\/small><\/sub><span dir=\"auto\" style=\"vertical-align: inherit;\"><span dir=\"auto\" style=\"vertical-align: inherit;\"> H <\/span><\/span><sub><small><span dir=\"auto\" style=\"vertical-align: inherit;\"><span dir=\"auto\" style=\"vertical-align: inherit;\">26<\/span><\/span><\/small><\/sub><span dir=\"auto\" style=\"vertical-align: inherit;\"><span dir=\"auto\" style=\"vertical-align: inherit;\"> N <\/span><\/span><sub><small><span dir=\"auto\" style=\"vertical-align: inherit;\"><span dir=\"auto\" style=\"vertical-align: inherit;\">4<\/span><\/span><\/small><\/sub><span dir=\"auto\" style=\"vertical-align: inherit;\"><span dir=\"auto\" style=\"vertical-align: inherit;\"> \u00d3 <\/span><\/span><sub><small><span dir=\"auto\" style=\"vertical-align: inherit;\"><span dir=\"auto\" style=\"vertical-align: inherit;\">2<\/span><\/span><\/small><\/sub><br \/>\n<strong><span dir=\"auto\" style=\"vertical-align: inherit;\"><span dir=\"auto\" style=\"vertical-align: inherit;\"> Mol\u00e1rn\u00ed hmotnost:<\/span><\/span><\/strong><span dir=\"auto\" style=\"vertical-align: inherit;\"><span dir=\"auto\" style=\"vertical-align: inherit;\"> 330.4 <\/span><\/span><br \/>\n<strong><span dir=\"auto\" style=\"vertical-align: inherit;\"><span dir=\"auto\" style=\"vertical-align: inherit;\">\u010cistota:<\/span><\/span><\/strong><span dir=\"auto\" style=\"vertical-align: inherit;\"><span dir=\"auto\" style=\"vertical-align: inherit;\"> &gt;98%<\/span><\/span><\/p>","protected":false},"featured_media":29284,"comment_status":"closed","ping_status":"closed","template":"","meta":[],"product_brand":[82],"product_cat":[488],"product_tag":[893,894,895,896],"class_list":{"0":"post-23926","1":"product","2":"type-product","3":"status-publish","4":"has-post-thumbnail","6":"product_brand-research-chemical","7":"product_cat-verboden","8":"product_tag-adb-butinaca","9":"product_tag-adb-butinaca-buy","10":"product_tag-adb-butinaca-psychonaut","11":"product_tag-adb-butinaca-wiki","13":"first","14":"instock","15":"taxable","16":"shipping-taxable","17":"purchasable","18":"product-type-variable"},"_links":{"self":[{"href":"https:\/\/onderzoekschemicals.com\/cs\/wp-json\/wp\/v2\/product\/23926","targetHints":{"allow":["GET"]}}],"collection":[{"href":"https:\/\/onderzoekschemicals.com\/cs\/wp-json\/wp\/v2\/product"}],"about":[{"href":"https:\/\/onderzoekschemicals.com\/cs\/wp-json\/wp\/v2\/types\/product"}],"replies":[{"embeddable":true,"href":"https:\/\/onderzoekschemicals.com\/cs\/wp-json\/wp\/v2\/comments?post=23926"}],"version-history":[{"count":6,"href":"https:\/\/onderzoekschemicals.com\/cs\/wp-json\/wp\/v2\/product\/23926\/revisions"}],"predecessor-version":[{"id":27919,"href":"https:\/\/onderzoekschemicals.com\/cs\/wp-json\/wp\/v2\/product\/23926\/revisions\/27919"}],"wp:featuredmedia":[{"embeddable":true,"href":"https:\/\/onderzoekschemicals.com\/cs\/wp-json\/wp\/v2\/media\/29284"}],"wp:attachment":[{"href":"https:\/\/onderzoekschemicals.com\/cs\/wp-json\/wp\/v2\/media?parent=23926"}],"wp:term":[{"taxonomy":"product_brand","embeddable":true,"href":"https:\/\/onderzoekschemicals.com\/cs\/wp-json\/wp\/v2\/product_brand?post=23926"},{"taxonomy":"product_cat","embeddable":true,"href":"https:\/\/onderzoekschemicals.com\/cs\/wp-json\/wp\/v2\/product_cat?post=23926"},{"taxonomy":"product_tag","embeddable":true,"href":"https:\/\/onderzoekschemicals.com\/cs\/wp-json\/wp\/v2\/product_tag?post=23926"}],"curies":[{"name":"wp","href":"https:\/\/api.w.org\/{rel}","templated":true}]}}