{"id":23878,"date":"2025-04-13T17:40:36","date_gmt":"2025-04-13T17:40:36","guid":{"rendered":"https:\/\/onderzoekschemicals.com\/?post_type=product&#038;p=23878"},"modified":"2025-11-28T07:28:30","modified_gmt":"2025-11-28T07:28:30","slug":"hxe-hydroxetamine","status":"publish","type":"product","link":"https:\/\/onderzoekschemicals.com\/cs\/shop\/arylcyclohexylamine\/hxe-hydroxetamine\/","title":{"rendered":"HXE (hydroxetamin)"},"content":{"rendered":"<p data-start=\"6163\" data-end=\"6541\"><strong data-start=\"6163\" data-end=\"6186\">HXE (hydroxetamin)<\/strong>, tak\u00e9 zn\u00e1m\u00fd jako <strong data-start=\"6203\" data-end=\"6226\">3-Hydroxy-2-oxo-PCE<\/strong>, je <strong data-start=\"6235\" data-end=\"6293\">disociativn\u00ed v\u00fdzkumn\u00e1 l\u00e1tka analytick\u00e9 kvality<\/strong> kter\u00e1 pat\u0159\u00ed k <strong data-start=\"6313\" data-end=\"6342\">t\u0159\u00edda arylcyklohexylamin\u016f<\/strong>HXE<br data-start=\"6343\" data-end=\"6346\" \/>Struktur\u00e1ln\u011b to souvis\u00ed s <strong data-start=\"6377\" data-end=\"6386\">O-PCE<\/strong> a <strong data-start=\"6390\" data-end=\"6402\">ketamin<\/strong>, ale vyzna\u010duje se t\u00edm, <strong data-start=\"6436\" data-end=\"6468\">hydroxylov\u00e1 skupina v poloze 3<\/strong>, co\u017e ovliv\u0148uje jeho chemick\u00e9 vlastnosti a vazebn\u00fd profil.<\/p>\n<p data-start=\"6543\" data-end=\"6821\">HXE se pou\u017e\u00edv\u00e1 v <strong data-start=\"6565\" data-end=\"6620\">forenzn\u00ed, analytick\u00fd a receptorov\u011b vazebn\u00fd v\u00fdzkum<\/strong>, zejm\u00e9na p\u0159i studiu <strong data-start=\"6649\" data-end=\"6681\">analogy arylcyklohexylaminu<\/strong>.<br data-start=\"6682\" data-end=\"6685\" \/>Vyrobeno pod <strong data-start=\"6704\" data-end=\"6738\">Spr\u00e1vn\u00e1 laboratorn\u00ed praxe (GLP)<\/strong>, zaru\u010duje to <strong data-start=\"6759\" data-end=\"6782\">\u010distota \u226599%<\/strong> a konzistentn\u00ed v\u00fdsledky v\u00fdzkumu.<\/p>\n<blockquote data-start=\"6823\" data-end=\"6967\">\n<p data-start=\"6825\" data-end=\"6967\">\u26a0\ufe0f <strong data-start=\"6828\" data-end=\"6839\">Pozn.:<\/strong> Tento produkt je <strong data-start=\"6855\" data-end=\"6905\">ur\u010den\u00e9 pouze pro laboratorn\u00ed v\u00fdzkum<\/strong> a <strong data-start=\"6909\" data-end=\"6966\">nen\u00ed vhodn\u00e9 pro lidskou ani zv\u00ed\u0159ec\u00ed spot\u0159ebu<\/strong>.<\/p>\n<\/blockquote>\n<hr data-start=\"6969\" data-end=\"6972\" \/>\n<h3 data-start=\"6974\" data-end=\"7005\"><strong data-start=\"6978\" data-end=\"7005\">Kl\u00ed\u010dov\u00e9 vlastnosti<\/strong><\/h3>\n<ul data-start=\"7007\" data-end=\"7510\">\n<li data-start=\"7007\" data-end=\"7108\">\n<p data-start=\"7009\" data-end=\"7108\"><strong data-start=\"7009\" data-end=\"7041\">Vysok\u00e1 analytick\u00e1 \u010distota:<\/strong> \u226599%, testov\u00e1no chromatografick\u00fdmi a spektroskopick\u00fdmi metodami.<\/p>\n<\/li>\n<li data-start=\"7109\" data-end=\"7189\">\n<p data-start=\"7111\" data-end=\"7189\"><strong data-start=\"7111\" data-end=\"7144\">Deriv\u00e1t arylcyklohexylaminu:<\/strong> Struktur\u00e1ln\u011b p\u0159\u00edbuzn\u00fd ketaminu a O-PCE.<\/p>\n<\/li>\n<li data-start=\"7190\" data-end=\"7256\">\n<p data-start=\"7192\" data-end=\"7256\"><strong data-start=\"7192\" data-end=\"7213\">Chemicky stabiln\u00ed:<\/strong> Odoln\u00fd proti rozkladu p\u0159i spr\u00e1vn\u00e9m skladov\u00e1n\u00ed.<\/p>\n<\/li>\n<li data-start=\"7257\" data-end=\"7342\">\n<p data-start=\"7259\" data-end=\"7342\"><strong data-start=\"7259\" data-end=\"7277\">Spr\u00e1vn\u00e1 laboratorn\u00ed v\u00fdroba:<\/strong> Vyrobeno dle <strong data-start=\"7299\" data-end=\"7327\">Spr\u00e1vn\u00e1 laboratorn\u00ed praxe<\/strong>-pokyny.<\/p>\n<\/li>\n<li data-start=\"7343\" data-end=\"7432\">\n<p data-start=\"7345\" data-end=\"7432\"><strong data-start=\"7345\" data-end=\"7362\">Testov\u00e1no v d\u00e1vce:<\/strong> Ka\u017ed\u00e1 \u0161ar\u017ee byla kontrolov\u00e1na na identitu, \u010distotu a konzistenci.<\/p>\n<\/li>\n<li data-start=\"7433\" data-end=\"7510\">\n<p data-start=\"7435\" data-end=\"7510\"><strong data-start=\"7435\" data-end=\"7458\">Bezpe\u010dn\u00e9 balen\u00ed:<\/strong> Vzduchot\u011bsn\u00e9 a ut\u011bsn\u011bn\u00e9 pro zachov\u00e1n\u00ed kvality.<\/p>\n<\/li>\n<\/ul>\n<hr data-start=\"7512\" data-end=\"7515\" \/>\n<h3 data-start=\"7517\" data-end=\"7534\"><strong data-start=\"7521\" data-end=\"7534\">V\u00fdhody<\/strong><\/h3>\n<ol data-start=\"7536\" data-end=\"7981\">\n<li data-start=\"7536\" data-end=\"7623\">\n<p data-start=\"7539\" data-end=\"7623\"><strong data-start=\"7539\" data-end=\"7576\">Spolehliv\u00e9 v\u00fdsledky v\u00fdzkumu:<\/strong> Vysok\u00e1 \u010distota zaji\u0161\u0165uje p\u0159esn\u00e1 data.<\/p>\n<\/li>\n<li data-start=\"7624\" data-end=\"7719\">\n<p data-start=\"7627\" data-end=\"7719\"><strong data-start=\"7627\" data-end=\"7647\">\u0160iroce pou\u017eiteln\u00e9:<\/strong> Vhodn\u00e9 pro <strong data-start=\"7662\" data-end=\"7716\">chromatografie, spektroskopie a v\u00fdzkum receptor\u016f<\/strong>.<\/p>\n<\/li>\n<li data-start=\"7720\" data-end=\"7800\">\n<p data-start=\"7723\" data-end=\"7800\"><strong data-start=\"7723\" data-end=\"7750\">Dlouhodob\u00e1 stabilita:<\/strong> P\u0159i spr\u00e1vn\u00e9m skladov\u00e1n\u00ed odoln\u00fd v\u016f\u010di sv\u011btlu a vlhkosti.<\/p>\n<\/li>\n<li data-start=\"7801\" data-end=\"7895\">\n<p data-start=\"7804\" data-end=\"7895\"><strong data-start=\"7804\" data-end=\"7833\">Forenzn\u00ed aplikace:<\/strong> Pou\u017e\u00edv\u00e1 se v <strong data-start=\"7853\" data-end=\"7892\">toxikologick\u00fd a chemick\u00fd v\u00fdzkum<\/strong>.<\/p>\n<\/li>\n<li data-start=\"7896\" data-end=\"7981\">\n<p data-start=\"7899\" data-end=\"7981\"><strong data-start=\"7899\" data-end=\"7927\">Profesion\u00e1ln\u00ed kvalita:<\/strong> Ur\u010deno pro pou\u017eit\u00ed v pokro\u010dil\u00fdch laborato\u0159\u00edch.<\/p>\n<\/li>\n<\/ol>\n<hr data-start=\"7983\" data-end=\"7986\" \/>\n<h3 data-start=\"7988\" data-end=\"8027\"><strong data-start=\"7992\" data-end=\"8027\">Pou\u017eit\u00ed (pouze pro v\u00fdzkum)<\/strong><\/h3>\n<ol data-start=\"8029\" data-end=\"8437\">\n<li data-start=\"8029\" data-end=\"8116\">\n<p data-start=\"8032\" data-end=\"8116\"><strong data-start=\"8032\" data-end=\"8063\">Noste ochrann\u00fd od\u011bv:<\/strong> Vy\u017eadov\u00e1ny jsou rukavice, ochrann\u00e9 br\u00fdle a laboratorn\u00ed pl\u00e1\u0161\u0165.<\/p>\n<\/li>\n<li data-start=\"8117\" data-end=\"8205\">\n<p data-start=\"8120\" data-end=\"8205\"><strong data-start=\"8120\" data-end=\"8156\">Pr\u00e1ce v kontrolovan\u00e9m prost\u0159ed\u00ed:<\/strong> Nap\u0159\u00edklad v digesto\u0159i nebo na steriln\u00edm pracovn\u00edm stole.<\/p>\n<\/li>\n<li data-start=\"8206\" data-end=\"8265\">\n<p data-start=\"8209\" data-end=\"8265\"><strong data-start=\"8209\" data-end=\"8229\">P\u0159esn\u00e9 m\u011b\u0159en\u00ed:<\/strong> Pou\u017e\u00edvejte kalibrovan\u00e9 vybaven\u00ed.<\/p>\n<\/li>\n<li data-start=\"8266\" data-end=\"8345\">\n<p data-start=\"8269\" data-end=\"8345\"><strong data-start=\"8269\" data-end=\"8296\">Pozn\u00e1mka k informac\u00edm o d\u00e1vce:<\/strong> Zaznamenejte \u010d\u00edslo \u0161ar\u017ee a zku\u0161ebn\u00ed podm\u00ednky.<\/p>\n<\/li>\n<li data-start=\"8346\" data-end=\"8437\">\n<p data-start=\"8349\" data-end=\"8437\"><strong data-start=\"8349\" data-end=\"8382\">Bezpe\u010dn\u011b zlikvidujte odpad:<\/strong> Dodr\u017eujte bezpe\u010dnostn\u00ed pokyny laborato\u0159e.<\/p>\n<\/li>\n<\/ol>\n<blockquote data-start=\"8439\" data-end=\"8524\">\n<p data-start=\"8441\" data-end=\"8524\">\u2697\ufe0f <strong data-start=\"8444\" data-end=\"8524\">Pouze pro laboratorn\u00ed testy \u2013 ne pro lidskou spot\u0159ebu.<\/strong><\/p>\n<\/blockquote>\n<hr data-start=\"8526\" data-end=\"8529\" \/>\n<h3 data-start=\"8531\" data-end=\"8556\"><strong data-start=\"8535\" data-end=\"8556\">Pokyny pro skladov\u00e1n\u00ed<\/strong><\/h3>\n<ul data-start=\"8558\" data-end=\"8769\">\n<li data-start=\"8558\" data-end=\"8626\">\n<p data-start=\"8560\" data-end=\"8626\">Ulo\u017eit na <strong data-start=\"8571\" data-end=\"8580\">2\u20138 \u00b0C<\/strong>, na <strong data-start=\"8589\" data-end=\"8623\">chladn\u00e9m, such\u00e9m a tmav\u00e9m m\u00edst\u011b<\/strong>.<\/p>\n<\/li>\n<li data-start=\"8627\" data-end=\"8663\">\n<p data-start=\"8629\" data-end=\"8663\">Uchov\u00e1vejte obal t\u011bsn\u011b uzav\u0159en\u00fd.<\/p>\n<\/li>\n<li data-start=\"8664\" data-end=\"8709\">\n<p data-start=\"8666\" data-end=\"8709\">Chra\u0148te p\u0159ed <strong data-start=\"8681\" data-end=\"8706\">sv\u011btlo, vlhkost a teplo<\/strong>.<\/p>\n<\/li>\n<li data-start=\"8710\" data-end=\"8769\">\n<p data-start=\"8712\" data-end=\"8769\">P\u0159\u00edstupn\u00e9 pouze autorizovan\u00e9mu person\u00e1lu laborato\u0159e.<\/p>\n<\/li>\n<\/ul>\n<hr data-start=\"8771\" data-end=\"8774\" \/>\n<h3 data-start=\"8776\" data-end=\"8811\"><strong data-start=\"8780\" data-end=\"8811\">\u010casto kladen\u00e9 ot\u00e1zky (FAQ)<\/strong><\/h3>\n<p data-start=\"8813\" data-end=\"9027\"><strong data-start=\"8813\" data-end=\"8864\">1. K \u010demu se pou\u017e\u00edv\u00e1 HXE (hydroxetamin)?<\/strong><br data-start=\"8864\" data-end=\"8867\" \/>HXE se pou\u017e\u00edv\u00e1 pro <strong data-start=\"8891\" data-end=\"8929\">analytick\u00fd a forenzn\u00ed v\u00fdzkum<\/strong>, zejm\u00e9na v <strong data-start=\"8943\" data-end=\"8987\">studie vazby na receptory a struktury<\/strong> arylcyklohexylaminov\u00fdch slou\u010denin.<\/p>\n<p data-start=\"9029\" data-end=\"9233\"><strong data-start=\"9029\" data-end=\"9079\">2. Je HXE vhodn\u00fd pro lidskou spot\u0159ebu?<\/strong><br data-start=\"9079\" data-end=\"9082\" \/>\u017d\u00e1dn\u00fd. <strong data-start=\"9087\" data-end=\"9110\">HXE (hydroxetamin)<\/strong> je <strong data-start=\"9114\" data-end=\"9169\">ur\u010den\u00e9 pouze pro v\u011bdeck\u00fd v\u00fdzkum<\/strong> a <strong data-start=\"9173\" data-end=\"9230\">nen\u00ed vhodn\u00e9 pro lidskou ani zv\u00ed\u0159ec\u00ed spot\u0159ebu<\/strong>.<\/p>\n<p data-start=\"9235\" data-end=\"9410\"><strong data-start=\"9235\" data-end=\"9270\">3. Jak by se m\u011bl HXE skladovat?<\/strong><br data-start=\"9270\" data-end=\"9273\" \/>U\u0161et\u0159ete na <strong data-start=\"9287\" data-end=\"9329\">chladn\u00e9m, such\u00e9m a tmav\u00e9m m\u00edst\u011b (2\u20138 \u00b0C)<\/strong> v <strong data-start=\"9337\" data-end=\"9363\">vzduchot\u011bsn\u00e9 balen\u00ed<\/strong> k zachov\u00e1n\u00ed stability a \u010distoty.<\/p>\n<hr data-start=\"9412\" data-end=\"9415\" \/>\n<h3 data-start=\"9417\" data-end=\"9434\"><strong data-start=\"9421\" data-end=\"9434\">Z\u00e1v\u011br<\/strong><\/h3>\n<p data-start=\"9436\" data-end=\"9714\"><strong data-start=\"9436\" data-end=\"9459\">HXE (hydroxetamin)<\/strong> je a <strong data-start=\"9467\" data-end=\"9511\">vysoce kvalitn\u00ed analytick\u00fd v\u00fdzkumn\u00fd materi\u00e1l<\/strong> s vynikaj\u00edc\u00edm <strong data-start=\"9528\" data-end=\"9578\">stabilita, \u010distota a reprodukovatelnost<\/strong>.<br data-start=\"9579\" data-end=\"9582\" \/>Je to ide\u00e1ln\u00ed volba pro laborato\u0159e zam\u011b\u0159en\u00e9 na <strong data-start=\"9642\" data-end=\"9711\">anal\u00fdza arylcyklohexylaminu, toxikologick\u00e9 a strukturn\u00ed studie<\/strong>.<\/p>","protected":false},"excerpt":{"rendered":"<h3><span style=\"vertical-align: inherit;\"><span style=\"vertical-align: inherit;\"><span dir=\"auto\" style=\"vertical-align: inherit;\"><span dir=\"auto\" style=\"vertical-align: inherit;\">Vlastnosti HXE<\/span><\/span><\/span><\/span><\/h3>\n<p><strong><span style=\"vertical-align: inherit;\"><span style=\"vertical-align: inherit;\"><span dir=\"auto\" style=\"vertical-align: inherit;\"><span dir=\"auto\" style=\"vertical-align: inherit;\">Synonymum: <\/span><\/span><\/span><\/span><\/strong> <b><span style=\"vertical-align: inherit;\"><span style=\"vertical-align: inherit;\"><span dir=\"auto\" style=\"vertical-align: inherit;\"><span dir=\"auto\" style=\"vertical-align: inherit;\">3&#039;-hydroxy-2-oxo-PCE<\/span><\/span><\/span><\/span><\/b><span style=\"vertical-align: inherit;\"><span style=\"vertical-align: inherit;\"><span dir=\"auto\" style=\"vertical-align: inherit;\"><span dir=\"auto\" style=\"vertical-align: inherit;\"> , <\/span><\/span><\/span><\/span><b><span style=\"vertical-align: inherit;\"><span style=\"vertical-align: inherit;\"><span dir=\"auto\" style=\"vertical-align: inherit;\"><span dir=\"auto\" style=\"vertical-align: inherit;\">O-desmethylmethoxetamin<\/span><\/span><\/span><\/span><\/b><span style=\"vertical-align: inherit;\"><span style=\"vertical-align: inherit;\"><span dir=\"auto\" style=\"vertical-align: inherit;\"><span dir=\"auto\" style=\"vertical-align: inherit;\"> , <\/span><\/span><\/span><\/span><b><span style=\"vertical-align: inherit;\"><span style=\"vertical-align: inherit;\"><span dir=\"auto\" style=\"vertical-align: inherit;\"><span dir=\"auto\" style=\"vertical-align: inherit;\">HXE <\/span><\/span><\/span><\/span><\/b><br \/>\n<strong><span style=\"vertical-align: inherit;\"><span style=\"vertical-align: inherit;\"><span dir=\"auto\" style=\"vertical-align: inherit;\"><span dir=\"auto\" style=\"vertical-align: inherit;\">\u010c\u00edslo CAS:<\/span><\/span><\/span><\/span><\/strong><span style=\"vertical-align: inherit;\"><span style=\"vertical-align: inherit;\"><span dir=\"auto\" style=\"vertical-align: inherit;\"><span dir=\"auto\" style=\"vertical-align: inherit;\"> 1620054-73-0 <\/span><\/span><\/span><\/span><br \/>\n<strong><span style=\"vertical-align: inherit;\"><span style=\"vertical-align: inherit;\"><span dir=\"auto\" style=\"vertical-align: inherit;\"><span dir=\"auto\" style=\"vertical-align: inherit;\">Vzorec:<\/span><\/span><\/span><\/span><\/strong><span style=\"vertical-align: inherit;\"><span style=\"vertical-align: inherit;\"><span dir=\"auto\" style=\"vertical-align: inherit;\"><span dir=\"auto\" style=\"vertical-align: inherit;\"> C14H19NO2 <\/span><\/span><\/span><\/span><br \/>\n<strong><span style=\"vertical-align: inherit;\"><span style=\"vertical-align: inherit;\"><span dir=\"auto\" style=\"vertical-align: inherit;\"><span dir=\"auto\" style=\"vertical-align: inherit;\">Mol\u00e1rn\u00ed hmotnost:<\/span><\/span><\/span><\/span><\/strong><span style=\"vertical-align: inherit;\"><span style=\"vertical-align: inherit;\"><span dir=\"auto\" style=\"vertical-align: inherit;\"><span dir=\"auto\" style=\"vertical-align: inherit;\"> 233,311 g mol\u22121 <\/span><\/span><\/span><\/span><br \/>\n<strong><span style=\"vertical-align: inherit;\"><span style=\"vertical-align: inherit;\"><span dir=\"auto\" style=\"vertical-align: inherit;\"><span dir=\"auto\" style=\"vertical-align: inherit;\">\u010cistota:<\/span><\/span><\/span><\/span><\/strong><span style=\"vertical-align: inherit;\"><span style=\"vertical-align: inherit;\"><span dir=\"auto\" style=\"vertical-align: inherit;\"><span dir=\"auto\" style=\"vertical-align: inherit;\"> &gt;99%<\/span><\/span><\/span><\/span><\/p>","protected":false},"featured_media":29354,"comment_status":"closed","ping_status":"closed","template":"","meta":[],"product_brand":[],"product_cat":[71,492],"product_tag":[287,326],"class_list":{"0":"post-23878","1":"product","2":"type-product","3":"status-publish","4":"has-post-thumbnail","6":"product_cat-arylcyclohexylamine","7":"product_cat-hxe","8":"product_tag-hxe","9":"product_tag-nl","11":"first","12":"instock","13":"taxable","14":"shipping-taxable","15":"purchasable","16":"product-type-variable"},"_links":{"self":[{"href":"https:\/\/onderzoekschemicals.com\/cs\/wp-json\/wp\/v2\/product\/23878","targetHints":{"allow":["GET"]}}],"collection":[{"href":"https:\/\/onderzoekschemicals.com\/cs\/wp-json\/wp\/v2\/product"}],"about":[{"href":"https:\/\/onderzoekschemicals.com\/cs\/wp-json\/wp\/v2\/types\/product"}],"replies":[{"embeddable":true,"href":"https:\/\/onderzoekschemicals.com\/cs\/wp-json\/wp\/v2\/comments?post=23878"}],"version-history":[{"count":5,"href":"https:\/\/onderzoekschemicals.com\/cs\/wp-json\/wp\/v2\/product\/23878\/revisions"}],"predecessor-version":[{"id":27929,"href":"https:\/\/onderzoekschemicals.com\/cs\/wp-json\/wp\/v2\/product\/23878\/revisions\/27929"}],"wp:featuredmedia":[{"embeddable":true,"href":"https:\/\/onderzoekschemicals.com\/cs\/wp-json\/wp\/v2\/media\/29354"}],"wp:attachment":[{"href":"https:\/\/onderzoekschemicals.com\/cs\/wp-json\/wp\/v2\/media?parent=23878"}],"wp:term":[{"taxonomy":"product_brand","embeddable":true,"href":"https:\/\/onderzoekschemicals.com\/cs\/wp-json\/wp\/v2\/product_brand?post=23878"},{"taxonomy":"product_cat","embeddable":true,"href":"https:\/\/onderzoekschemicals.com\/cs\/wp-json\/wp\/v2\/product_cat?post=23878"},{"taxonomy":"product_tag","embeddable":true,"href":"https:\/\/onderzoekschemicals.com\/cs\/wp-json\/wp\/v2\/product_tag?post=23878"}],"curies":[{"name":"wp","href":"https:\/\/api.w.org\/{rel}","templated":true}]}}