{"id":23869,"date":"2025-04-13T17:40:36","date_gmt":"2025-04-13T17:40:36","guid":{"rendered":"https:\/\/onderzoekschemicals.com\/?post_type=product&#038;p=23869"},"modified":"2025-11-28T07:27:56","modified_gmt":"2025-11-28T07:27:56","slug":"34-dmmc-kopen","status":"publish","type":"product","link":"https:\/\/onderzoekschemicals.com\/cs\/shop\/3\/34-dmmc-kopen\/","title":{"rendered":"3,4-DMMC (3,4-dimethylmethcathinone)"},"content":{"rendered":"<p data-start=\"4596\" data-end=\"4908\"><strong data-start=\"4596\" data-end=\"4636\">3,4-DMMC (3,4-dimethylmethcathinone)<\/strong> je a <strong data-start=\"4644\" data-end=\"4679\">designov\u00e1 stimula\u010dn\u00ed sm\u011bs<\/strong> v r\u00e1mci t\u0159\u00eddy <strong data-start=\"4701\" data-end=\"4725\">nahradit katinony<\/strong>.\u00a0<br data-start=\"4764\" data-end=\"4767\" \/>Poprv\u00e9 byl detekov\u00e1n kolem roku 2010 jako analog mefedronu a dal\u0161\u00edch katinon\u016f. <span class=\"___SBox_epc1q-ko_ ___SText_zko9t-ko_\" data-ui-name=\"Link.Text\">Koupit 34 dmmc<\/span><\/p>\n<p data-start=\"4910\" data-end=\"5190\">Jako v\u00fdzkumn\u00e1 chemik\u00e1lie se 3,4-DMMC pou\u017e\u00edv\u00e1 v <strong data-start=\"4966\" data-end=\"5017\">analytick\u00e9, struktur\u00e1ln\u00ed a forenzn\u00ed studie<\/strong> nov\u00fdch psychoaktivn\u00edch l\u00e1tek (NPS). Slou\u017e\u00ed jako referen\u010dn\u00ed standard v laborato\u0159\u00edch zkoumaj\u00edc\u00edch interakce transport\u00e9r\u016f, metabolity a spektr\u00e1ln\u00ed identifikaci.<\/p>\n<hr data-start=\"5192\" data-end=\"5195\" \/>\n<h3 data-start=\"5197\" data-end=\"5228\"><strong data-start=\"5201\" data-end=\"5228\">Kl\u00ed\u010dov\u00e9 vlastnosti<\/strong><\/h3>\n<ul data-start=\"5230\" data-end=\"6038\">\n<li data-start=\"5230\" data-end=\"5319\">\n<p data-start=\"5232\" data-end=\"5319\"><strong data-start=\"5232\" data-end=\"5264\">Vysok\u00e1 analytick\u00e1 \u010distota:<\/strong> Typick\u00e1 \u010distota \u2265 98\u201399% (z\u00e1vis\u00ed na \u0161ar\u017ei).<\/p>\n<\/li>\n<li data-start=\"5320\" data-end=\"5456\">\n<p data-start=\"5322\" data-end=\"5456\"><strong data-start=\"5322\" data-end=\"5346\">Struktur\u00e1ln\u011b analogick\u00e9:<\/strong> Kathinon s methylov\u00fdmi skupinami v poloh\u00e1ch 3 a 4 fenylov\u00e9ho kruhu.<\/p>\n<\/li>\n<li data-start=\"5457\" data-end=\"5650\">\n<p data-start=\"5459\" data-end=\"5650\"><strong data-start=\"5459\" data-end=\"5495\">Aktivita monoaminov\u00e9ho transport\u00e9ru:<\/strong> P\u016fsob\u00ed jako substr\u00e1t\/inhibitor transport\u00e9r\u016f serotoninu a noradrenalinu; men\u0161\u00ed vliv na zp\u011btn\u00e9 vychyt\u00e1v\u00e1n\u00ed dopaminu.<\/p>\n<\/li>\n<li data-start=\"5651\" data-end=\"5785\">\n<p data-start=\"5653\" data-end=\"5785\"><strong data-start=\"5653\" data-end=\"5689\">Robustn\u00ed charakteriza\u010dn\u00ed data:<\/strong> Pln\u011b charakterizov\u00e1no pomoc\u00ed GC\/MS, IR, NMR, UV\/Vis.<\/p>\n<\/li>\n<li data-start=\"5786\" data-end=\"5946\">\n<p data-start=\"5788\" data-end=\"5946\"><strong data-start=\"5788\" data-end=\"5815\">Unik\u00e1tn\u00ed reten\u010dn\u00ed \u010das plynov\u00e9 chromatografie:<\/strong> A\u010dkoli se IR\/UV profily podobaj\u00ed mefedronu, reten\u010dn\u00ed \u010dasy a fragmentace se li\u0161\u00ed.<\/p>\n<\/li>\n<li data-start=\"5947\" data-end=\"6038\">\n<p data-start=\"5949\" data-end=\"6038\"><strong data-start=\"5949\" data-end=\"5979\">Stabiln\u00ed p\u0159i spr\u00e1vn\u00e9m skladov\u00e1n\u00ed:<\/strong> Zachov\u00e1v\u00e1 si integritu, pokud je \u0159\u00e1dn\u011b zakryt a chr\u00e1n\u011bn.<\/p>\n<\/li>\n<\/ul>\n<hr data-start=\"6040\" data-end=\"6043\" \/>\n<h3 data-start=\"6045\" data-end=\"6062\"><strong data-start=\"6049\" data-end=\"6062\">V\u00fdhody<\/strong><\/h3>\n<ol data-start=\"6064\" data-end=\"6583\">\n<li data-start=\"6064\" data-end=\"6166\">\n<p data-start=\"6067\" data-end=\"6166\"><strong data-start=\"6067\" data-end=\"6098\">Spolehliv\u00e1 referen\u010dn\u00ed l\u00e1tka:<\/strong> Pou\u017eit\u00ed jako kalibra\u010dn\u00ed a srovn\u00e1vac\u00ed n\u00e1stroj ve forenzn\u00edch laborato\u0159\u00edch.<\/p>\n<\/li>\n<li data-start=\"6167\" data-end=\"6262\">\n<p data-start=\"6170\" data-end=\"6262\"><strong data-start=\"6170\" data-end=\"6194\">Spektr\u00e1ln\u00ed v\u00fdzva:<\/strong> Slou\u017e\u00ed jako n\u00e1ro\u010dn\u00fd analog pro testov\u00e1n\u00ed selektivity p\u0159\u00edstroje.<\/p>\n<\/li>\n<li data-start=\"6263\" data-end=\"6359\">\n<p data-start=\"6266\" data-end=\"6359\"><strong data-start=\"6266\" data-end=\"6291\">V\u00fdzkum transport\u00e9r\u016f:<\/strong> Cenn\u00e9 ve farmakologick\u00e9m v\u00fdzkumu serotoninu\/noradrenalinu.<\/p>\n<\/li>\n<li data-start=\"6360\" data-end=\"6468\">\n<p data-start=\"6363\" data-end=\"6468\"><strong data-start=\"6363\" data-end=\"6387\">V\u00fdzkum metabolit\u016f:<\/strong> Pom\u00e1h\u00e1 p\u0159i mapov\u00e1n\u00ed metabolick\u00fdch drah v biologick\u00fdch vzorc\u00edch.<\/p>\n<\/li>\n<li data-start=\"6469\" data-end=\"6583\">\n<p data-start=\"6472\" data-end=\"6583\"><strong data-start=\"6472\" data-end=\"6509\">Podporuje forenzn\u00ed vy\u0161et\u0159ov\u00e1n\u00ed:<\/strong> Usnad\u0148uje vytv\u00e1\u0159en\u00ed spektr\u00e1ln\u00edch datab\u00e1z\u00ed pro nov\u011b vznikaj\u00edc\u00ed l\u00e1tky.<\/p>\n<\/li>\n<\/ol>\n<hr data-start=\"6585\" data-end=\"6588\" \/>\n<h3 data-start=\"6590\" data-end=\"6650\"><strong data-start=\"6594\" data-end=\"6650\">N\u00e1vod k pou\u017eit\u00ed (pouze pro laboratorn\u00ed pou\u017eit\u00ed)<\/strong><\/h3>\n<ol data-start=\"6652\" data-end=\"7071\">\n<li data-start=\"6652\" data-end=\"6737\">\n<p data-start=\"6655\" data-end=\"6737\"><strong data-start=\"6655\" data-end=\"6696\">Pou\u017e\u00edvejte kompletn\u00ed ochrann\u00e9 vybaven\u00ed:<\/strong> rukavice, ochrann\u00e9 br\u00fdle, laboratorn\u00ed pl\u00e1\u0161\u0165.<\/p>\n<\/li>\n<li data-start=\"6738\" data-end=\"6819\">\n<p data-start=\"6741\" data-end=\"6819\"><strong data-start=\"6741\" data-end=\"6781\">Pr\u00e1ce v kontrolovan\u00e9m prost\u0159ed\u00ed:<\/strong> nap\u0159. digesto\u0159, \u010dist\u00e9 pracovn\u00ed m\u00edsto.<\/p>\n<\/li>\n<li data-start=\"6820\" data-end=\"6896\">\n<p data-start=\"6823\" data-end=\"6896\"><strong data-start=\"6823\" data-end=\"6857\">Pou\u017e\u00edvejte p\u0159esn\u00e9 n\u00e1stroje:<\/strong> v\u00e1hy, pipety, spektrometry atd.<\/p>\n<\/li>\n<li data-start=\"6897\" data-end=\"6984\">\n<p data-start=\"6900\" data-end=\"6984\"><strong data-start=\"6900\" data-end=\"6932\">Uk\u00e1zkov\u00e1 data dokumentu:<\/strong> \u010d\u00edslo \u0161ar\u017ee, hmotnost, \u010distota, podm\u00ednky.<\/p>\n<\/li>\n<li data-start=\"6985\" data-end=\"7071\">\n<p data-start=\"6988\" data-end=\"7071\"><strong data-start=\"6988\" data-end=\"7018\">Bezpe\u010dn\u011b odstra\u0148te zbytky:<\/strong> v souladu s bezpe\u010dnostn\u00edmi protokoly va\u0161\u00ed instituce.<\/p>\n<\/li>\n<\/ol>\n<blockquote data-start=\"7073\" data-end=\"7189\">\n<p data-start=\"7075\" data-end=\"7189\">\u2697\ufe0f <strong data-start=\"7078\" data-end=\"7189\">Pouze pro analytick\u00e9\/v\u011bdeck\u00e9 v\u00fdzkumn\u00e9 \u00fa\u010dely \u2013 ne pro lidskou ani zv\u00ed\u0159ec\u00ed spot\u0159ebu.<\/strong><\/p>\n<\/blockquote>\n<hr data-start=\"7191\" data-end=\"7194\" \/>\n<h3 data-start=\"7196\" data-end=\"7221\"><strong data-start=\"7200\" data-end=\"7221\">Pokyny pro skladov\u00e1n\u00ed<\/strong><\/h3>\n<ul data-start=\"7223\" data-end=\"7494\">\n<li data-start=\"7223\" data-end=\"7283\">\n<p data-start=\"7225\" data-end=\"7283\">Ulo\u017eit na <strong data-start=\"7236\" data-end=\"7246\">2\u20138 \u00b0C<\/strong> na chladn\u00e9m, such\u00e9m a tmav\u00e9m m\u00edst\u011b.<\/p>\n<\/li>\n<li data-start=\"7284\" data-end=\"7370\">\n<p data-start=\"7286\" data-end=\"7370\">Pou\u017e\u00edvejte inertn\u00ed, vzduchot\u011bsn\u00e9 n\u00e1doby (nap\u0159. jantarov\u00e9 lahvi\u010dky) k ochran\u011b p\u0159ed vlhkost\u00ed a sv\u011btlem.<\/p>\n<\/li>\n<li data-start=\"7371\" data-end=\"7430\">\n<p data-start=\"7373\" data-end=\"7430\">Zabra\u0148te opakovan\u00e9mu vystaven\u00ed teplu nebo sv\u011btlu.<\/p>\n<\/li>\n<li data-start=\"7431\" data-end=\"7494\">\n<p data-start=\"7433\" data-end=\"7494\">P\u0159\u00edstupn\u00e9 pouze kvalifikovan\u00fdm analytick\u00fdm pracovn\u00edk\u016fm. <span class=\"___SBox_epc1q-ko_ ___SText_zko9t-ko_\" data-ui-name=\"Link.Text\">Koupit 34 dmmc<\/span><\/p>\n<\/li>\n<\/ul>\n<hr data-start=\"7496\" data-end=\"7499\" \/>\n<h3 data-start=\"7501\" data-end=\"7536\"><strong data-start=\"7505\" data-end=\"7536\">\u010casto kladen\u00e9 ot\u00e1zky (FAQ)<\/strong><\/h3>\n<p data-start=\"7538\" data-end=\"7781\"><strong data-start=\"7538\" data-end=\"7587\">1. Jak\u00fd je mechanismus \u00fa\u010dinku 3,4-DMMC?<\/strong><br data-start=\"7587\" data-end=\"7590\" \/>In vitro funguje jako substr\u00e1t\/inhibitor transport\u00e9r\u016f serotoninu a noradrenalinu; jeho vliv na zp\u011btn\u00e9 vychyt\u00e1v\u00e1n\u00ed dopaminu je relativn\u011b slab\u0161\u00ed.<\/p>\n<p data-start=\"7783\" data-end=\"8013\"><strong data-start=\"7783\" data-end=\"7850\">2. Lze analyticky odli\u0161it 3,4-DMMC od mefedronu?<\/strong><br data-start=\"7850\" data-end=\"7853\" \/>Ano. I kdy\u017e se IR\/UV profily mohou p\u0159ekr\u00fdvat, rozhoduj\u00edc\u00ed jsou reten\u010dn\u00ed \u010dasy plynov\u00e9 chromatografie (GC) a fragmentace hmoty.<\/p>\n<p data-start=\"8015\" data-end=\"8234\"><strong data-start=\"8015\" data-end=\"8058\">3. Je 3,4-DMMC regulovan\u00fd nebo neleg\u00e1ln\u00ed?<\/strong><br data-start=\"8058\" data-end=\"8061\" \/>V mnoha zem\u00edch je 3,4-DMMC regulov\u00e1n jako designov\u00fd kathinon. V USA je klasifikov\u00e1n jako droga Seznamu I jako pozi\u010dn\u00ed izomer 4-MEC. <a href=\"https:\/\/onderzoekschemicals.com\/cs\/shop\/pellets-for-pellet\/1p-lsd-microdose\/\">1P-LSD mikrod\u00e1vka<\/a><\/p>","protected":false},"excerpt":{"rendered":"<h3><span style=\"vertical-align: inherit;\"><span style=\"vertical-align: inherit;\">3,4-DMMC je l\u00e1tka p\u0159\u00edbuzn\u00e1 3-MMC\/3-CMC.<\/span><\/span><\/h3>\n<p><span style=\"vertical-align: inherit;\"><span style=\"vertical-align: inherit;\">3,4-DMMC \/3,4-Dimethylmethcathinon je l\u00e1tka, kterou prod\u00e1v\u00e1me pouze pro v\u00fdzkumn\u00e9 \u00fa\u010dely, a proto nen\u00ed ur\u010dena ke konzumaci. L\u00e1tka pat\u0159\u00ed do kategorie katinon\u016f. 3,4-DMMC se dod\u00e1v\u00e1 ve form\u011b pr\u00e1\u0161ku a p\u0159i skladov\u00e1n\u00ed ve spr\u00e1vn\u00e9m prost\u0159ed\u00ed jej lze zkoumat a\u017e 2 roky.<\/span><\/span><\/p>","protected":false},"featured_media":29203,"comment_status":"closed","ping_status":"closed","template":"","meta":[],"product_brand":[],"product_cat":[493,494,322,79],"product_tag":[1105,326],"class_list":{"0":"post-23869","1":"product","2":"type-product","3":"status-publish","4":"has-post-thumbnail","6":"product_cat-493","7":"product_cat-4-dmmc","8":"product_cat-bijna-verboden","9":"product_cat-cathinonen","10":"product_tag-34-dmmc-kopen","11":"product_tag-nl","13":"first","14":"instock","15":"taxable","16":"shipping-taxable","17":"purchasable","18":"product-type-variable"},"_links":{"self":[{"href":"https:\/\/onderzoekschemicals.com\/cs\/wp-json\/wp\/v2\/product\/23869","targetHints":{"allow":["GET"]}}],"collection":[{"href":"https:\/\/onderzoekschemicals.com\/cs\/wp-json\/wp\/v2\/product"}],"about":[{"href":"https:\/\/onderzoekschemicals.com\/cs\/wp-json\/wp\/v2\/types\/product"}],"replies":[{"embeddable":true,"href":"https:\/\/onderzoekschemicals.com\/cs\/wp-json\/wp\/v2\/comments?post=23869"}],"version-history":[{"count":5,"href":"https:\/\/onderzoekschemicals.com\/cs\/wp-json\/wp\/v2\/product\/23869\/revisions"}],"predecessor-version":[{"id":27928,"href":"https:\/\/onderzoekschemicals.com\/cs\/wp-json\/wp\/v2\/product\/23869\/revisions\/27928"}],"wp:featuredmedia":[{"embeddable":true,"href":"https:\/\/onderzoekschemicals.com\/cs\/wp-json\/wp\/v2\/media\/29203"}],"wp:attachment":[{"href":"https:\/\/onderzoekschemicals.com\/cs\/wp-json\/wp\/v2\/media?parent=23869"}],"wp:term":[{"taxonomy":"product_brand","embeddable":true,"href":"https:\/\/onderzoekschemicals.com\/cs\/wp-json\/wp\/v2\/product_brand?post=23869"},{"taxonomy":"product_cat","embeddable":true,"href":"https:\/\/onderzoekschemicals.com\/cs\/wp-json\/wp\/v2\/product_cat?post=23869"},{"taxonomy":"product_tag","embeddable":true,"href":"https:\/\/onderzoekschemicals.com\/cs\/wp-json\/wp\/v2\/product_tag?post=23869"}],"curies":[{"name":"wp","href":"https:\/\/api.w.org\/{rel}","templated":true}]}}