{"id":23813,"date":"2025-04-13T17:40:27","date_gmt":"2025-04-13T17:40:27","guid":{"rendered":"https:\/\/onderzoekschemicals.com\/?post_type=product&#038;p=23813"},"modified":"2025-11-28T07:36:53","modified_gmt":"2025-11-28T07:36:53","slug":"4c-mar-4-chlorine-4-methylaminorex","status":"publish","type":"product","link":"https:\/\/onderzoekschemicals.com\/cs\/shop\/aminorex\/4c-mar-4-chlorine-4-methylaminorex\/","title":{"rendered":"4C-MAR (4-Chlor-4-methylaminorex)"},"content":{"rendered":"<p data-start=\"4910\" data-end=\"5181\"><strong data-start=\"4910\" data-end=\"4948\">4C-MAR (4-chlor-4-methylaminorex)<\/strong> je a <strong data-start=\"4956\" data-end=\"4989\">syntetick\u00fd deriv\u00e1t aminorexu<\/strong> kter\u00fd pat\u0159\u00ed k <strong data-start=\"5009\" data-end=\"5046\">t\u0159\u00edda slou\u010denin oxazolin\u016f<\/strong>Studuje se to v r\u00e1mci <strong data-start=\"5076\" data-end=\"5113\">forenzn\u00ed a analytick\u00e1 chemie<\/strong> kv\u016fli jeho struktur\u00e1ln\u00ed podobnosti s jin\u00fdmi analogy aminorexu. 4c B\u0159ezen<\/p>\n<p data-start=\"5183\" data-end=\"5453\">4C-MAR se pou\u017e\u00edv\u00e1 pouze jako <strong data-start=\"5221\" data-end=\"5239\">referen\u010dn\u00ed l\u00e1tka<\/strong> a <strong data-start=\"5243\" data-end=\"5267\">analytick\u00fd materi\u00e1l<\/strong> pro v\u011bdeck\u00e9 \u00fa\u010dely. Je to <strong data-start=\"5310\" data-end=\"5367\">nen\u00ed vhodn\u00e9 pro lidskou ani zv\u00ed\u0159ec\u00ed spot\u0159ebu<\/strong> a m\u011bly by b\u00fdt manipulov\u00e1ny pouze kvalifikovan\u00fdmi pracovn\u00edky v akreditovan\u00fdch laborato\u0159\u00edch.<\/p>\n<hr data-start=\"5455\" data-end=\"5458\" \/>\n<h3 data-start=\"5460\" data-end=\"5491\"><strong data-start=\"5464\" data-end=\"5491\">Kl\u00ed\u010dov\u00e9 vlastnosti<\/strong><\/h3>\n<ul data-start=\"5493\" data-end=\"6020\">\n<li data-start=\"5493\" data-end=\"5606\">\n<p data-start=\"5495\" data-end=\"5606\"><strong data-start=\"5495\" data-end=\"5515\">Vysok\u00e1 \u010distota:<\/strong> Vyrobeno pod p\u0159\u00edsnou kontrolou kvality pro reprodukovateln\u00e9 v\u00fdsledky v\u00fdzkumu.<\/p>\n<\/li>\n<li data-start=\"5607\" data-end=\"5720\">\n<p data-start=\"5609\" data-end=\"5720\"><strong data-start=\"5609\" data-end=\"5642\">Hodnota struktur\u00e1ln\u00edho v\u00fdzkumu:<\/strong> Vhodn\u00e9 pro studium analog\u016f aminorexu a jejich spektr\u00e1ln\u00edch vlastnost\u00ed.<\/p>\n<\/li>\n<li data-start=\"5721\" data-end=\"5814\">\n<p data-start=\"5723\" data-end=\"5814\"><strong data-start=\"5723\" data-end=\"5762\">Certifikovan\u00fd referen\u010dn\u00ed materi\u00e1l:<\/strong> Dod\u00e1v\u00e1no s certifik\u00e1ty anal\u00fdzy specifick\u00fdmi pro danou \u0161ar\u017ei.<\/p>\n<\/li>\n<li data-start=\"5815\" data-end=\"5911\">\n<p data-start=\"5817\" data-end=\"5911\"><strong data-start=\"5817\" data-end=\"5849\">Analytick\u00e1 kompatibilita:<\/strong> Vhodn\u00e9 pro pou\u017eit\u00ed s <strong data-start=\"5876\" data-end=\"5885\">GC-MS<\/strong>, <strong data-start=\"5887\" data-end=\"5896\">LC-MS<\/strong> a <strong data-start=\"5900\" data-end=\"5908\">HPLC<\/strong>.<\/p>\n<\/li>\n<li data-start=\"5912\" data-end=\"6020\">\n<p data-start=\"5914\" data-end=\"6020\"><strong data-start=\"5914\" data-end=\"5941\">Stabiln\u00ed slo\u017een\u00ed:<\/strong> Ur\u010deno pro dlouhodob\u00e9 skladov\u00e1n\u00ed za standardn\u00edch laboratorn\u00edch podm\u00ednek.<\/p>\n<\/li>\n<\/ul>\n<hr data-start=\"6022\" data-end=\"6025\" \/>\n<h3 data-start=\"6027\" data-end=\"6044\"><strong data-start=\"6031\" data-end=\"6044\">V\u00fdhody<\/strong><\/h3>\n<ul data-start=\"6046\" data-end=\"6551\">\n<li data-start=\"6046\" data-end=\"6180\">\n<p data-start=\"6048\" data-end=\"6180\"><strong data-start=\"6048\" data-end=\"6085\">Podporuje analytick\u00fd v\u00fdzkum:<\/strong> Pom\u00e1h\u00e1 s v\u00fdvojem metod detekce a kvantifikace slou\u010denin aminorexu.<\/p>\n<\/li>\n<li data-start=\"6181\" data-end=\"6276\">\n<p data-start=\"6183\" data-end=\"6276\"><strong data-start=\"6183\" data-end=\"6205\">Forenzn\u00ed v\u00fdznam:<\/strong> Pou\u017e\u00edv\u00e1 se k identifikaci nov\u00fdch syntetick\u00fdch l\u00e1tek.<\/p>\n<\/li>\n<li data-start=\"6277\" data-end=\"6352\">\n<p data-start=\"6279\" data-end=\"6352\"><strong data-start=\"6279\" data-end=\"6306\">Spolehliv\u00e9 v\u00fdsledky:<\/strong> Vysok\u00e1 \u010distota sni\u017euje odchylky m\u011b\u0159en\u00ed.<\/p>\n<\/li>\n<li data-start=\"6353\" data-end=\"6455\">\n<p data-start=\"6355\" data-end=\"6455\"><strong data-start=\"6355\" data-end=\"6393\">Kompatibiln\u00ed s modern\u00edm vybaven\u00edm:<\/strong> Spolehliv\u00fd v\u00fdkon v chromatografii a spektrometrii.<\/p>\n<\/li>\n<li data-start=\"6456\" data-end=\"6551\">\n<p data-start=\"6458\" data-end=\"6551\"><strong data-start=\"6458\" data-end=\"6484\">Vzd\u011bl\u00e1vac\u00ed aplikace:<\/strong> Vhodn\u00e9 pro akademick\u00e9 a toxikologick\u00e9 v\u00fdzkumn\u00e9 projekty. 4c b\u0159ezen<\/p>\n<\/li>\n<\/ul>\n<hr data-start=\"6553\" data-end=\"6556\" \/>\n<h3 data-start=\"6558\" data-end=\"6619\"><strong data-start=\"6562\" data-end=\"6619\">N\u00e1vod k pou\u017eit\u00ed (pouze pro v\u00fdzkumn\u00e9 \u00fa\u010dely)<\/strong><\/h3>\n<ol data-start=\"6621\" data-end=\"7012\">\n<li data-start=\"6621\" data-end=\"6720\">\n<p data-start=\"6624\" data-end=\"6720\"><strong data-start=\"6624\" data-end=\"6638\">Zach\u00e1zen\u00ed:<\/strong> Pouze k pou\u017eit\u00ed v schv\u00e1len\u00fdch laborato\u0159\u00edch s odpov\u00eddaj\u00edc\u00edm bezpe\u010dnostn\u00edm vybaven\u00edm.<\/p>\n<\/li>\n<li data-start=\"6721\" data-end=\"6807\">\n<p data-start=\"6724\" data-end=\"6807\"><strong data-start=\"6724\" data-end=\"6742\">P\u0159\u00edprava:<\/strong> P\u0159ipravte nebo z\u0159e\u010fte podle zaveden\u00fdch analytick\u00fdch protokol\u016f.<\/p>\n<\/li>\n<li data-start=\"6808\" data-end=\"6923\">\n<p data-start=\"6811\" data-end=\"6923\"><strong data-start=\"6811\" data-end=\"6822\">Skladov\u00e1n\u00ed:<\/strong> U\u0161et\u0159ete na <strong data-start=\"6837\" data-end=\"6869\">chladn\u00e9m, such\u00e9m a tmav\u00e9m m\u00edst\u011b<\/strong>, dob\u0159e uzav\u0159en\u00e9 v chemicky odoln\u00e9m obalu.<\/p>\n<\/li>\n<li data-start=\"6924\" data-end=\"7012\">\n<p data-start=\"6927\" data-end=\"7012\"><strong data-start=\"6927\" data-end=\"6938\">Likvidace:<\/strong> Zbytky zlikvidujte v souladu s m\u00edstn\u00edmi a environment\u00e1ln\u00edmi p\u0159edpisy pro chemick\u00fd odpad.<\/p>\n<\/li>\n<\/ol>\n<hr data-start=\"7014\" data-end=\"7017\" \/>\n<h3 data-start=\"7019\" data-end=\"7053\"><strong data-start=\"7023\" data-end=\"7053\">Bezpe\u010dnost a dodr\u017eov\u00e1n\u00ed p\u0159edpis\u016f<\/strong><\/h3>\n<ul data-start=\"7055\" data-end=\"7490\">\n<li data-start=\"7055\" data-end=\"7150\">\n<p data-start=\"7057\" data-end=\"7150\"><strong data-start=\"7057\" data-end=\"7093\">Pouze pro laboratorn\u00ed pou\u017eit\u00ed:<\/strong> Nen\u00ed vhodn\u00e9 pro lidskou ani zv\u00ed\u0159ec\u00ed spot\u0159ebu.<\/p>\n<\/li>\n<li data-start=\"7151\" data-end=\"7261\">\n<p data-start=\"7153\" data-end=\"7261\"><strong data-start=\"7153\" data-end=\"7181\">Pr\u00e1vn\u00ed aspekty:<\/strong> P\u0159ed zakoupen\u00edm nebo pou\u017eit\u00edm produktu 4C-MAR si v\u017edy ov\u011b\u0159te m\u00edstn\u00ed p\u0159edpisy.<\/p>\n<\/li>\n<li data-start=\"7262\" data-end=\"7365\">\n<p data-start=\"7264\" data-end=\"7365\"><strong data-start=\"7264\" data-end=\"7282\">Bezpe\u010dn\u00e1 pr\u00e1ce:<\/strong> Zabra\u0148te kontaktu s k\u016f\u017e\u00ed nebo o\u010dima a v\u017edy pou\u017e\u00edvejte osobn\u00ed ochrann\u00e9 prost\u0159edky.<\/p>\n<\/li>\n<li data-start=\"7366\" data-end=\"7490\">\n<p data-start=\"7368\" data-end=\"7490\"><strong data-start=\"7368\" data-end=\"7385\">Dokumentace:<\/strong> A <strong data-start=\"7390\" data-end=\"7426\">bezpe\u010dnostn\u00ed list (MSDS)<\/strong> a <strong data-start=\"7430\" data-end=\"7458\">certifik\u00e1t anal\u00fdzy (COA)<\/strong> jsou k dispozici na vy\u017e\u00e1d\u00e1n\u00ed.<\/p>\n<\/li>\n<\/ul>\n<hr data-start=\"7492\" data-end=\"7495\" \/>\n<h3 data-start=\"7497\" data-end=\"7532\"><strong data-start=\"7501\" data-end=\"7532\">\u010casto kladen\u00e9 ot\u00e1zky (FAQ)<\/strong><\/h3>\n<p data-start=\"7534\" data-end=\"7684\"><strong data-start=\"7534\" data-end=\"7572\">1. K \u010demu se 4C-MAR pou\u017e\u00edv\u00e1?<\/strong><br data-start=\"7572\" data-end=\"7575\" \/>4C-MAR se pou\u017e\u00edv\u00e1 jako <strong data-start=\"7601\" data-end=\"7619\">referen\u010dn\u00ed l\u00e1tka<\/strong> pro analytick\u00e9 a forenzn\u00ed studie analog\u016f aminorexu.<\/p>\n<p data-start=\"7686\" data-end=\"7879\"><strong data-start=\"7686\" data-end=\"7737\">2. Je 4C-MAR bezpe\u010dn\u00fd pro lidskou spot\u0159ebu?<\/strong><br data-start=\"7737\" data-end=\"7740\" \/>Ne. Tento produkt je <strong data-start=\"7760\" data-end=\"7815\">ur\u010den\u00e9 pouze pro v\u011bdeck\u00fd v\u00fdzkum<\/strong> a <strong data-start=\"7819\" data-end=\"7876\">nen\u00ed vhodn\u00e9 pro lidskou ani zv\u00ed\u0159ec\u00ed spot\u0159ebu<\/strong>.<\/p>\n<p data-start=\"7881\" data-end=\"8030\"><strong data-start=\"7881\" data-end=\"7922\">3. Jak by se m\u011bl 4C-MAR skladovat?<\/strong><br data-start=\"7922\" data-end=\"7925\" \/>U\u0161et\u0159ete na <strong data-start=\"7939\" data-end=\"7973\">chladn\u00e9m, such\u00e9m a tmav\u00e9m m\u00edst\u011b<\/strong>, \u0159\u00e1dn\u011b uzav\u0159en\u00e9 a mimo dosah neopr\u00e1vn\u011bn\u00fdch osob.<\/p>","protected":false},"excerpt":{"rendered":"<h2><span style=\"vertical-align: inherit;\"><span style=\"vertical-align: inherit;\">4C-MAR \/ <\/span><\/span><b><span style=\"vertical-align: inherit;\"><span style=\"vertical-align: inherit;\">4&#039;-Chlor-4-methylaminorex<\/span><\/span><\/b><span style=\"vertical-align: inherit;\"><span style=\"vertical-align: inherit;\"> vlastnosti<\/span><\/span><\/h2>\n<p><strong><span style=\"vertical-align: inherit;\"><span style=\"vertical-align: inherit;\">\u010c\u00edslo CAS<\/span><\/span><\/strong><span style=\"vertical-align: inherit;\"><span style=\"vertical-align: inherit;\"> Nen\u00ed k dispozici <\/span><\/span><br \/>\n<strong><span style=\"vertical-align: inherit;\"><span style=\"vertical-align: inherit;\">Vzorec<\/span><\/span><\/strong><span style=\"vertical-align: inherit;\"><span style=\"vertical-align: inherit;\"> : <\/span><\/span><span title=\"Uhl\u00edk\"><span style=\"vertical-align: inherit;\"><span style=\"vertical-align: inherit;\">C <\/span><\/span><\/span><sub><span style=\"vertical-align: inherit;\"><span style=\"vertical-align: inherit;\">10 <\/span><\/span><\/sub><span title=\"Vod\u00edk\"><span style=\"vertical-align: inherit;\"><span style=\"vertical-align: inherit;\">H <\/span><\/span><\/span><sub><span style=\"vertical-align: inherit;\"><span style=\"vertical-align: inherit;\">11 <\/span><\/span><\/sub><span title=\"Fluor\"><span style=\"vertical-align: inherit;\"><span style=\"vertical-align: inherit;\">F <\/span><\/span><\/span><span title=\"Dus\u00edk\"><span style=\"vertical-align: inherit;\"><span style=\"vertical-align: inherit;\">N <\/span><\/span><\/span><sub><span style=\"vertical-align: inherit;\"><span style=\"vertical-align: inherit;\">2 <\/span><\/span><\/sub><span title=\"Kysl\u00edk\"><span style=\"vertical-align: inherit;\"><span style=\"vertical-align: inherit;\">\u00d3 <\/span><\/span><\/span><br \/>\n<strong><span style=\"vertical-align: inherit;\"><span style=\"vertical-align: inherit;\">Mol\u00e1rn\u00ed hmotnost<\/span><\/span><\/strong><span style=\"vertical-align: inherit;\"><span style=\"vertical-align: inherit;\"> : <\/span><\/span><span class=\"nowrap\"><span style=\"vertical-align: inherit;\"><span style=\"vertical-align: inherit;\">195.039<\/span><\/span><\/span><span style=\"vertical-align: inherit;\"><span style=\"vertical-align: inherit;\"> g mol <\/span><\/span><br \/>\n<strong><span style=\"vertical-align: inherit;\"><span style=\"vertical-align: inherit;\">\u010cistota<\/span><\/span><\/strong><span style=\"vertical-align: inherit;\"><span style=\"vertical-align: inherit;\"> : \u226598%<\/span><\/span><\/p>","protected":false},"featured_media":29239,"comment_status":"closed","ping_status":"closed","template":"","meta":[],"product_brand":[],"product_cat":[552],"product_tag":[1108,1109,326],"class_list":{"0":"post-23813","1":"product","2":"type-product","3":"status-publish","4":"has-post-thumbnail","6":"product_cat-aminorex","7":"product_tag-4c-mar","8":"product_tag-4c-mar-kopen","9":"product_tag-nl","11":"first","12":"instock","13":"taxable","14":"shipping-taxable","15":"purchasable","16":"product-type-variable"},"_links":{"self":[{"href":"https:\/\/onderzoekschemicals.com\/cs\/wp-json\/wp\/v2\/product\/23813","targetHints":{"allow":["GET"]}}],"collection":[{"href":"https:\/\/onderzoekschemicals.com\/cs\/wp-json\/wp\/v2\/product"}],"about":[{"href":"https:\/\/onderzoekschemicals.com\/cs\/wp-json\/wp\/v2\/types\/product"}],"replies":[{"embeddable":true,"href":"https:\/\/onderzoekschemicals.com\/cs\/wp-json\/wp\/v2\/comments?post=23813"}],"version-history":[{"count":5,"href":"https:\/\/onderzoekschemicals.com\/cs\/wp-json\/wp\/v2\/product\/23813\/revisions"}],"predecessor-version":[{"id":27949,"href":"https:\/\/onderzoekschemicals.com\/cs\/wp-json\/wp\/v2\/product\/23813\/revisions\/27949"}],"wp:featuredmedia":[{"embeddable":true,"href":"https:\/\/onderzoekschemicals.com\/cs\/wp-json\/wp\/v2\/media\/29239"}],"wp:attachment":[{"href":"https:\/\/onderzoekschemicals.com\/cs\/wp-json\/wp\/v2\/media?parent=23813"}],"wp:term":[{"taxonomy":"product_brand","embeddable":true,"href":"https:\/\/onderzoekschemicals.com\/cs\/wp-json\/wp\/v2\/product_brand?post=23813"},{"taxonomy":"product_cat","embeddable":true,"href":"https:\/\/onderzoekschemicals.com\/cs\/wp-json\/wp\/v2\/product_cat?post=23813"},{"taxonomy":"product_tag","embeddable":true,"href":"https:\/\/onderzoekschemicals.com\/cs\/wp-json\/wp\/v2\/product_tag?post=23813"}],"curies":[{"name":"wp","href":"https:\/\/api.w.org\/{rel}","templated":true}]}}