{"id":23807,"date":"2025-04-13T17:40:27","date_gmt":"2025-04-13T17:40:27","guid":{"rendered":"https:\/\/onderzoekschemicals.com\/?post_type=product&#038;p=23807"},"modified":"2025-11-28T07:38:31","modified_gmt":"2025-11-28T07:38:31","slug":"4b-mar","status":"publish","type":"product","link":"https:\/\/onderzoekschemicals.com\/cs\/shop\/aminorex\/4b-mar\/","title":{"rendered":"4B-MAR (4-brom-4-methylaminorex)"},"content":{"rendered":"<p data-start=\"5051\" data-end=\"5284\"><strong data-start=\"5051\" data-end=\"5088\">4B-MAR (4-brom-4-methylaminorex)<\/strong> je a <strong data-start=\"5096\" data-end=\"5129\">syntetick\u00fd deriv\u00e1t aminorexu<\/strong> z <strong data-start=\"5137\" data-end=\"5157\">t\u0159\u00edda oxazolin\u016f<\/strong>Pou\u017e\u00edv\u00e1 se v <strong data-start=\"5181\" data-end=\"5218\">forenzn\u00ed a analytick\u00e1 chemie<\/strong> kv\u016fli jeho strukturn\u00ed podobnosti s jin\u00fdmi analogy aminorexu. <span class=\"___SBox_epc1q-ko_ ___SText_zko9t-ko_\" data-ui-name=\"Link.Text\">4b b\u0159ezen<\/span><\/p>\n<p data-start=\"5286\" data-end=\"5540\">Tento produkt je <strong data-start=\"5301\" data-end=\"5370\">ur\u010den\u00e9 v\u00fdhradn\u011b pro v\u011bdeck\u00fd a analytick\u00fd v\u00fdzkum<\/strong>Laborato\u0159e ho pou\u017e\u00edvaj\u00ed k <strong data-start=\"5401\" data-end=\"5441\">substituovan\u00e9 oxazolinov\u00e9 slou\u010deniny<\/strong> studovat, <strong data-start=\"5457\" data-end=\"5492\">vyvinout detek\u010dn\u00ed metody<\/strong> a <strong data-start=\"5496\" data-end=\"5537\">analyzovat spektr\u00e1ln\u00ed vlastnosti<\/strong>.<\/p>\n<p data-start=\"5542\" data-end=\"5689\">Produkt je <strong data-start=\"5557\" data-end=\"5614\">nen\u00ed vhodn\u00e9 pro lidskou ani zv\u00ed\u0159ec\u00ed spot\u0159ebu<\/strong> a m\u011bl by s nimi manipulovat pouze kvalifikovan\u00fd laboratorn\u00ed person\u00e1l.<\/p>\n<hr data-start=\"5691\" data-end=\"5694\" \/>\n<h3 data-start=\"5696\" data-end=\"5727\"><strong data-start=\"5700\" data-end=\"5727\">Kl\u00ed\u010dov\u00e9 vlastnosti<\/strong><\/h3>\n<ul data-start=\"5729\" data-end=\"6240\">\n<li data-start=\"5729\" data-end=\"5827\">\n<p data-start=\"5731\" data-end=\"5827\"><strong data-start=\"5731\" data-end=\"5751\">Vysok\u00e1 \u010distota:<\/strong> Vyrobeno pro p\u0159esnost a reprodukovateln\u00e9 v\u00fdsledky v\u00fdzkumu.<\/p>\n<\/li>\n<li data-start=\"5828\" data-end=\"5937\">\n<p data-start=\"5830\" data-end=\"5937\"><strong data-start=\"5830\" data-end=\"5869\">Certifikovan\u00fd referen\u010dn\u00ed materi\u00e1l:<\/strong> Dod\u00e1v\u00e1no s <strong data-start=\"5883\" data-end=\"5911\">certifik\u00e1t anal\u00fdzy (COA)<\/strong> pro zaji\u0161t\u011bn\u00ed kvality.<\/p>\n<\/li>\n<li data-start=\"5938\" data-end=\"6035\">\n<p data-start=\"5940\" data-end=\"6035\"><strong data-start=\"5940\" data-end=\"5972\">Analytick\u00e1 kompatibilita:<\/strong> Vhodn\u00e9 pro <strong data-start=\"5987\" data-end=\"5996\">GC-MS<\/strong>, <strong data-start=\"5998\" data-end=\"6007\">LC-MS<\/strong> a <strong data-start=\"6011\" data-end=\"6019\">HPLC<\/strong> aplikace.<\/p>\n<\/li>\n<li data-start=\"6036\" data-end=\"6141\">\n<p data-start=\"6038\" data-end=\"6141\"><strong data-start=\"6038\" data-end=\"6064\">Forenzn\u011b pou\u017eiteln\u00e9:<\/strong> Pou\u017e\u00edv\u00e1 se v toxikologii, identifikaci slou\u010denin a spektr\u00e1ln\u00edch referenc\u00edch.<\/p>\n<\/li>\n<li data-start=\"6142\" data-end=\"6240\">\n<p data-start=\"6144\" data-end=\"6240\"><strong data-start=\"6144\" data-end=\"6171\">Stabiln\u00ed slo\u017een\u00ed:<\/strong> Ur\u010deno pro dlouhodob\u00e9 skladov\u00e1n\u00ed v laboratorn\u00edch podm\u00ednk\u00e1ch.<\/p>\n<\/li>\n<\/ul>\n<hr data-start=\"6242\" data-end=\"6245\" \/>\n<h3 data-start=\"6247\" data-end=\"6264\"><strong data-start=\"6251\" data-end=\"6264\">V\u00fdhody<\/strong><\/h3>\n<ul data-start=\"6266\" data-end=\"6740\">\n<li data-start=\"6266\" data-end=\"6367\">\n<p data-start=\"6268\" data-end=\"6367\"><strong data-start=\"6268\" data-end=\"6305\">Podporuje forenzn\u00ed vy\u0161et\u0159ov\u00e1n\u00ed:<\/strong> Pom\u00e1h\u00e1 p\u0159i identifikaci a validaci analog\u016f aminorexu.<\/p>\n<\/li>\n<li data-start=\"6368\" data-end=\"6448\">\n<p data-start=\"6370\" data-end=\"6448\"><strong data-start=\"6370\" data-end=\"6397\">Spolehliv\u00e9 v\u00fdsledky:<\/strong> Poskytuje konzistentn\u00ed data pro analytick\u00e9 studie.<\/p>\n<\/li>\n<li data-start=\"6449\" data-end=\"6541\">\n<p data-start=\"6451\" data-end=\"6541\"><strong data-start=\"6451\" data-end=\"6477\">Vzd\u011bl\u00e1vac\u00ed aplikace:<\/strong> Vhodn\u00e9 pro akademick\u00fd v\u00fdzkum chemick\u00fdch struktur.<\/p>\n<\/li>\n<li data-start=\"6542\" data-end=\"6643\">\n<p data-start=\"6544\" data-end=\"6643\"><strong data-start=\"6544\" data-end=\"6574\">Toxikologick\u00e1 relevance:<\/strong> Podporuje studie detek\u010dn\u00edch metod v biologick\u00fdch vzorc\u00edch. <span class=\"___SBox_epc1q-ko_ ___SText_zko9t-ko_\" data-ui-name=\"Link.Text\">4b b\u0159ezen<\/span><\/p>\n<\/li>\n<li data-start=\"6644\" data-end=\"6740\">\n<p data-start=\"6646\" data-end=\"6740\"><strong data-start=\"6646\" data-end=\"6686\">Spl\u0148uje laboratorn\u00ed normy:<\/strong> Vyrobeno dle p\u0159\u00edsn\u00fdch v\u00fdzkumn\u00fdch sm\u011brnic.<\/p>\n<\/li>\n<\/ul>\n<hr data-start=\"6742\" data-end=\"6745\" \/>\n<h3 data-start=\"6747\" data-end=\"6808\"><strong data-start=\"6751\" data-end=\"6808\">N\u00e1vod k pou\u017eit\u00ed (pouze pro v\u00fdzkumn\u00e9 \u00fa\u010dely)<\/strong><\/h3>\n<ol data-start=\"6810\" data-end=\"7175\">\n<li data-start=\"6810\" data-end=\"6928\">\n<p data-start=\"6813\" data-end=\"6928\"><strong data-start=\"6813\" data-end=\"6831\">P\u0159\u00edprava:<\/strong> Pou\u017e\u00edvejte v akreditovan\u00fdch laborato\u0159\u00edch s vhodn\u00fdm ochrann\u00fdm vybaven\u00edm (rukavice, ochrann\u00e9 br\u00fdle, laboratorn\u00ed pl\u00e1\u0161\u0165).<\/p>\n<\/li>\n<li data-start=\"6929\" data-end=\"7018\">\n<p data-start=\"6932\" data-end=\"7018\"><strong data-start=\"6932\" data-end=\"6947\">Aplikace:<\/strong> Pou\u017e\u00edvejte v souladu s validovan\u00fdmi analytick\u00fdmi nebo forenzn\u00edmi protokoly.<\/p>\n<\/li>\n<li data-start=\"7019\" data-end=\"7095\">\n<p data-start=\"7022\" data-end=\"7095\"><strong data-start=\"7022\" data-end=\"7033\">Skladov\u00e1n\u00ed:<\/strong> Skladujte na chladn\u00e9m, such\u00e9m a tmav\u00e9m m\u00edst\u011b v t\u011bsn\u011b uzav\u0159en\u00fdch n\u00e1dob\u00e1ch.<\/p>\n<\/li>\n<li data-start=\"7096\" data-end=\"7175\">\n<p data-start=\"7099\" data-end=\"7175\"><strong data-start=\"7099\" data-end=\"7110\">Likvidace:<\/strong> Zbytky zlikvidujte v souladu s m\u00edstn\u00edmi p\u0159edpisy pro chemick\u00fd odpad.<\/p>\n<\/li>\n<\/ol>\n<hr data-start=\"7177\" data-end=\"7180\" \/>\n<h3 data-start=\"7182\" data-end=\"7216\"><strong data-start=\"7186\" data-end=\"7216\">Bezpe\u010dnost a dodr\u017eov\u00e1n\u00ed p\u0159edpis\u016f<\/strong><\/h3>\n<ul data-start=\"7218\" data-end=\"7645\">\n<li data-start=\"7218\" data-end=\"7313\">\n<p data-start=\"7220\" data-end=\"7313\"><strong data-start=\"7220\" data-end=\"7256\">Pouze pro laboratorn\u00ed pou\u017eit\u00ed:<\/strong> Nen\u00ed vhodn\u00e9 pro lidskou ani zv\u00ed\u0159ec\u00ed spot\u0159ebu.<\/p>\n<\/li>\n<li data-start=\"7314\" data-end=\"7436\">\n<p data-start=\"7316\" data-end=\"7436\"><strong data-start=\"7316\" data-end=\"7344\">Pr\u00e1vn\u00ed aspekty:<\/strong> Status 4B-MAR se m\u016f\u017ee v jednotliv\u00fdch zem\u00edch li\u0161it. V\u017edy si ov\u011b\u0159te p\u0159\u00edslu\u0161n\u00e9 p\u0159edpisy.<\/p>\n<\/li>\n<li data-start=\"7437\" data-end=\"7520\">\n<p data-start=\"7439\" data-end=\"7520\"><strong data-start=\"7439\" data-end=\"7457\">Bezpe\u010dn\u00e1 pr\u00e1ce:<\/strong> Zabra\u0148te kontaktu a pou\u017e\u00edvejte v dob\u0159e v\u011btran\u00e9m prostoru.<\/p>\n<\/li>\n<li data-start=\"7521\" data-end=\"7645\">\n<p data-start=\"7523\" data-end=\"7645\"><strong data-start=\"7523\" data-end=\"7540\">Dokumentace:<\/strong> A <strong data-start=\"7545\" data-end=\"7581\">bezpe\u010dnostn\u00ed list (MSDS)<\/strong> a <strong data-start=\"7585\" data-end=\"7613\">certifik\u00e1t anal\u00fdzy (COA)<\/strong> jsou k dispozici na vy\u017e\u00e1d\u00e1n\u00ed.<\/p>\n<\/li>\n<\/ul>\n<hr data-start=\"7647\" data-end=\"7650\" \/>\n<h3 data-start=\"7652\" data-end=\"7687\"><strong data-start=\"7656\" data-end=\"7687\">\u010casto kladen\u00e9 ot\u00e1zky (FAQ)<\/strong><\/h3>\n<p data-start=\"7689\" data-end=\"7838\"><strong data-start=\"7689\" data-end=\"7727\">1. K \u010demu se 4B-MAR pou\u017e\u00edv\u00e1?<\/strong><br data-start=\"7727\" data-end=\"7730\" \/>4B-MAR se pou\u017e\u00edv\u00e1 jako <strong data-start=\"7756\" data-end=\"7774\">referen\u010dn\u00ed l\u00e1tka<\/strong> v analytick\u00fdch a forenzn\u00edch studi\u00edch analog\u016f aminorexu.<\/p>\n<p data-start=\"7840\" data-end=\"8016\"><strong data-start=\"7840\" data-end=\"7891\">2. Je 4B-MAR bezpe\u010dn\u00fd pro lidskou spot\u0159ebu?<\/strong><br data-start=\"7891\" data-end=\"7894\" \/>Ne. Tento produkt je <strong data-start=\"7914\" data-end=\"7952\">ur\u010deno pouze pro v\u00fdzkumn\u00e9 \u00fa\u010dely<\/strong> a <strong data-start=\"7956\" data-end=\"8013\">nen\u00ed vhodn\u00e9 pro lidskou ani zv\u00ed\u0159ec\u00ed spot\u0159ebu<\/strong>.<\/p>\n<p data-start=\"8018\" data-end=\"8163\"><strong data-start=\"8018\" data-end=\"8059\">3. Jak by se m\u011bl 4B-MAR skladovat?<\/strong><br data-start=\"8059\" data-end=\"8062\" \/>U\u0161et\u0159ete na <strong data-start=\"8076\" data-end=\"8110\">chladn\u00e9m, such\u00e9m a tmav\u00e9m m\u00edst\u011b<\/strong>, \u0159\u00e1dn\u011b uzav\u0159en\u00e9 a mimo dosah neopr\u00e1vn\u011bn\u00fdch osob.<\/p>","protected":false},"excerpt":{"rendered":"<h2>4B-MAR \/ <b>4&#039;-brom-4-methylaminorex <\/b>vlastnosti<\/h2>\n<p><strong>Synonymum: 4-methyl-5-(4-bromfenyl)-4,5-dihydro-1,3-oxazol-2-amin<br \/>\n\u010c\u00edslo CAS<\/strong>: NVT<br \/>\n<strong>Vzorec<\/strong>: <span title=\"Uhl\u00edk\">C<\/span><sub>10<\/sub><span title=\"Vod\u00edk\">H<\/span><sub>11<\/sub><span title=\"Fluor\">F<\/span><span title=\"Dus\u00edk\">N<\/span><sub>2<\/sub><span title=\"Kysl\u00edk\">\u00d3<\/span><br \/>\n<strong>Mol\u00e1rn\u00ed hmotnost<\/strong>: <span class=\"nowrap\">195.039<\/span> g mol<br \/>\n<strong>\u010cistota<\/strong>: \u226598%<\/p>","protected":false},"featured_media":29235,"comment_status":"closed","ping_status":"closed","template":"","meta":[],"product_brand":[],"product_cat":[552],"product_tag":[1111,648,326],"class_list":{"0":"post-23807","1":"product","2":"type-product","3":"status-publish","4":"has-post-thumbnail","6":"product_cat-aminorex","7":"product_tag-4b-mar-kopen","8":"product_tag-4b-mar","9":"product_tag-nl","11":"first","12":"instock","13":"taxable","14":"shipping-taxable","15":"purchasable","16":"product-type-variable"},"_links":{"self":[{"href":"https:\/\/onderzoekschemicals.com\/cs\/wp-json\/wp\/v2\/product\/23807","targetHints":{"allow":["GET"]}}],"collection":[{"href":"https:\/\/onderzoekschemicals.com\/cs\/wp-json\/wp\/v2\/product"}],"about":[{"href":"https:\/\/onderzoekschemicals.com\/cs\/wp-json\/wp\/v2\/types\/product"}],"replies":[{"embeddable":true,"href":"https:\/\/onderzoekschemicals.com\/cs\/wp-json\/wp\/v2\/comments?post=23807"}],"version-history":[{"count":4,"href":"https:\/\/onderzoekschemicals.com\/cs\/wp-json\/wp\/v2\/product\/23807\/revisions"}],"predecessor-version":[{"id":27952,"href":"https:\/\/onderzoekschemicals.com\/cs\/wp-json\/wp\/v2\/product\/23807\/revisions\/27952"}],"wp:featuredmedia":[{"embeddable":true,"href":"https:\/\/onderzoekschemicals.com\/cs\/wp-json\/wp\/v2\/media\/29235"}],"wp:attachment":[{"href":"https:\/\/onderzoekschemicals.com\/cs\/wp-json\/wp\/v2\/media?parent=23807"}],"wp:term":[{"taxonomy":"product_brand","embeddable":true,"href":"https:\/\/onderzoekschemicals.com\/cs\/wp-json\/wp\/v2\/product_brand?post=23807"},{"taxonomy":"product_cat","embeddable":true,"href":"https:\/\/onderzoekschemicals.com\/cs\/wp-json\/wp\/v2\/product_cat?post=23807"},{"taxonomy":"product_tag","embeddable":true,"href":"https:\/\/onderzoekschemicals.com\/cs\/wp-json\/wp\/v2\/product_tag?post=23807"}],"curies":[{"name":"wp","href":"https:\/\/api.w.org\/{rel}","templated":true}]}}