{"id":23722,"date":"2025-04-13T17:40:18","date_gmt":"2025-04-13T17:40:18","guid":{"rendered":"https:\/\/onderzoekschemicals.com\/?post_type=product&#038;p=23722"},"modified":"2025-11-28T07:48:13","modified_gmt":"2025-11-28T07:48:13","slug":"eutylone-kopen","status":"publish","type":"product","link":"https:\/\/onderzoekschemicals.com\/cs\/shop\/verboden\/eutylone-kopen\/","title":{"rendered":"Eutyl\u00f3n"},"content":{"rendered":"<ul>\n<li>\n<p data-start=\"4883\" data-end=\"5071\"><strong data-start=\"4883\" data-end=\"4940\">Eutylon (\u03b2-keto-1,3-benzodioxolyl-N-ethylbutanamin)<\/strong> je a <strong data-start=\"4948\" data-end=\"4972\">syntetick\u00fd kathinon<\/strong> z <strong data-start=\"4980\" data-end=\"5006\">\u03b2-keto amfetaminov\u00e1 skupina<\/strong>, souvisej\u00edc\u00ed se slou\u010deninami, jako nap\u0159\u00edklad <strong data-start=\"5039\" data-end=\"5052\">Methylon<\/strong> a <strong data-start=\"5056\" data-end=\"5068\">Butylon<\/strong>koupit eutylon<\/p>\n<p data-start=\"5073\" data-end=\"5354\">Pou\u017e\u00edv\u00e1 se jako <strong data-start=\"5096\" data-end=\"5114\">referen\u010dn\u00ed l\u00e1tka<\/strong> v r\u00e1mci <strong data-start=\"5125\" data-end=\"5162\">forenzn\u00ed a analytick\u00e1 chemie<\/strong> validovat detek\u010dn\u00ed metody a porovnat spektra.<br data-start=\"5222\" data-end=\"5225\" \/>Eutyl\u00f3n je <strong data-start=\"5237\" data-end=\"5292\">ur\u010den\u00e9 pouze pro v\u011bdeck\u00fd v\u00fdzkum<\/strong> a <strong data-start=\"5296\" data-end=\"5353\">nen\u00ed vhodn\u00e9 pro lidskou ani zv\u00ed\u0159ec\u00ed spot\u0159ebu<\/strong>.<\/p>\n<hr data-start=\"5356\" data-end=\"5359\" \/>\n<h3 data-start=\"5361\" data-end=\"5392\"><strong data-start=\"5365\" data-end=\"5392\">Kl\u00ed\u010dov\u00e9 vlastnosti<\/strong><\/h3>\n<ul data-start=\"5394\" data-end=\"5851\">\n<li data-start=\"5394\" data-end=\"5480\">\n<p data-start=\"5396\" data-end=\"5480\"><strong data-start=\"5396\" data-end=\"5416\">Vysok\u00e1 \u010distota:<\/strong> Vyrobeno za kontrolovan\u00fdch laboratorn\u00edch podm\u00ednek.<\/p>\n<\/li>\n<li data-start=\"5481\" data-end=\"5584\">\n<p data-start=\"5483\" data-end=\"5584\"><strong data-start=\"5483\" data-end=\"5522\">Certifikovan\u00fd referen\u010dn\u00ed materi\u00e1l:<\/strong> Dod\u00e1v\u00e1no s <strong data-start=\"5536\" data-end=\"5564\">certifik\u00e1t anal\u00fdzy (COA)<\/strong> a d\u00e1vkov\u00e1 data.<\/p>\n<\/li>\n<li data-start=\"5585\" data-end=\"5676\">\n<p data-start=\"5587\" data-end=\"5676\"><strong data-start=\"5587\" data-end=\"5617\">Chemick\u00e1 charakterizace:<\/strong> Vhodn\u00e9 pro v\u00fdvoj metod a detek\u010dn\u00ed v\u00fdzkum.<\/p>\n<\/li>\n<li data-start=\"5677\" data-end=\"5763\">\n<p data-start=\"5679\" data-end=\"5763\"><strong data-start=\"5679\" data-end=\"5708\">\u0160irok\u00e9 analytick\u00e9 vyu\u017eit\u00ed:<\/strong> Kompatibiln\u00ed s <strong data-start=\"5724\" data-end=\"5733\">GC-MS<\/strong>, <strong data-start=\"5735\" data-end=\"5747\">LC-MS\/MS<\/strong>a <strong data-start=\"5752\" data-end=\"5760\">HPLC<\/strong>.<\/p>\n<\/li>\n<li data-start=\"5764\" data-end=\"5851\">\n<p data-start=\"5766\" data-end=\"5851\"><strong data-start=\"5766\" data-end=\"5791\">Stabiln\u00ed p\u0159i skladov\u00e1n\u00ed:<\/strong> Za spr\u00e1vn\u00fdch skladovac\u00edch podm\u00ednek si zachov\u00e1v\u00e1 chemickou integritu.<\/p>\n<\/li>\n<\/ul>\n<hr data-start=\"5853\" data-end=\"5856\" \/>\n<h3 data-start=\"5858\" data-end=\"5875\"><strong data-start=\"5862\" data-end=\"5875\">V\u00fdhody<\/strong><\/h3>\n<ul data-start=\"5877\" data-end=\"6345\">\n<li data-start=\"5877\" data-end=\"5985\">\n<p data-start=\"5879\" data-end=\"5985\"><strong data-start=\"5879\" data-end=\"5906\">Forenzn\u00ed aplikace:<\/strong> Podporuje identifikaci syntetick\u00fdch katinon\u016f v chemick\u00fdch anal\u00fdz\u00e1ch.<\/p>\n<\/li>\n<li data-start=\"5986\" data-end=\"6074\">\n<p data-start=\"5988\" data-end=\"6074\"><strong data-start=\"5988\" data-end=\"6015\">Spolehliv\u00e1 kalibrace:<\/strong> Vhodn\u00e9 pro validaci metod a kalibraci p\u0159\u00edstroj\u016f.<\/p>\n<\/li>\n<li data-start=\"6075\" data-end=\"6173\">\n<p data-start=\"6077\" data-end=\"6173\"><strong data-start=\"6077\" data-end=\"6099\">Vzd\u011bl\u00e1vac\u00ed hodnota:<\/strong> U\u017eite\u010dn\u00e9 pro akademick\u00e9 studium vztah\u016f mezi strukturou a aktivitou.<\/p>\n<\/li>\n<li data-start=\"6174\" data-end=\"6263\">\n<p data-start=\"6176\" data-end=\"6263\"><strong data-start=\"6176\" data-end=\"6203\">Konzistentn\u00ed v\u00fdsledky:<\/strong> Zaji\u0161\u0165uje p\u0159esn\u00e1 a reprodukovateln\u00e1 v\u00fdzkumn\u00e1 data.<\/p>\n<\/li>\n<li data-start=\"6264\" data-end=\"6345\">\n<p data-start=\"6266\" data-end=\"6345\"><strong data-start=\"6266\" data-end=\"6293\">\u00dapln\u00e1 dokumentace:<\/strong> Dod\u00e1v\u00e1no s bezpe\u010dnostn\u00edmi a analytick\u00fdmi certifik\u00e1ty.<\/p>\n<\/li>\n<\/ul>\n<hr data-start=\"6347\" data-end=\"6350\" \/>\n<h3 data-start=\"6352\" data-end=\"6413\"><strong data-start=\"6356\" data-end=\"6413\">N\u00e1vod k pou\u017eit\u00ed (pouze pro v\u00fdzkumn\u00e9 \u00fa\u010dely)<\/strong><\/h3>\n<ol data-start=\"6415\" data-end=\"6735\">\n<li data-start=\"6415\" data-end=\"6511\">\n<p data-start=\"6418\" data-end=\"6511\"><strong data-start=\"6418\" data-end=\"6432\">Zach\u00e1zen\u00ed:<\/strong> Pou\u017e\u00edvejte pouze v schv\u00e1len\u00fdch laborato\u0159\u00edch s odpov\u00eddaj\u00edc\u00edm bezpe\u010dnostn\u00edm vybaven\u00edm.<\/p>\n<\/li>\n<li data-start=\"6512\" data-end=\"6586\">\n<p data-start=\"6515\" data-end=\"6586\"><strong data-start=\"6515\" data-end=\"6533\">P\u0159\u00edprava:<\/strong> Na\u0159e\u010fte nebo p\u0159ipravte dle validovan\u00fdch protokol\u016f.<\/p>\n<\/li>\n<li data-start=\"6587\" data-end=\"6650\">\n<p data-start=\"6590\" data-end=\"6650\"><strong data-start=\"6590\" data-end=\"6601\">Skladov\u00e1n\u00ed:<\/strong> Skladujte na chladn\u00e9m, such\u00e9m a tmav\u00e9m m\u00edst\u011b, dob\u0159e uzav\u0159en\u00e9.<\/p>\n<\/li>\n<li data-start=\"6651\" data-end=\"6735\">\n<p data-start=\"6654\" data-end=\"6735\"><strong data-start=\"6654\" data-end=\"6665\">Likvidace:<\/strong> Zbytky zlikvidujte v souladu s m\u00edstn\u00edmi p\u0159edpisy pro chemick\u00fd odpad.<\/p>\n<\/li>\n<\/ol>\n<hr data-start=\"6737\" data-end=\"6740\" \/>\n<h3 data-start=\"6742\" data-end=\"6776\"><strong data-start=\"6746\" data-end=\"6776\">Bezpe\u010dnost a dodr\u017eov\u00e1n\u00ed p\u0159edpis\u016f<\/strong><\/h3>\n<ul data-start=\"6778\" data-end=\"7229\">\n<li data-start=\"6778\" data-end=\"6872\">\n<p data-start=\"6780\" data-end=\"6872\"><strong data-start=\"6780\" data-end=\"6816\">Pouze pro laboratorn\u00ed pou\u017eit\u00ed:<\/strong> Nen\u00ed ur\u010deno k lidsk\u00e9 ani zv\u00ed\u0159ec\u00ed spot\u0159eb\u011b.<\/p>\n<\/li>\n<li data-start=\"6873\" data-end=\"6998\">\n<p data-start=\"6875\" data-end=\"6998\"><strong data-start=\"6875\" data-end=\"6903\">Pr\u00e1vn\u00ed aspekty:<\/strong> Pr\u00e1vn\u00ed status Eutylone se li\u0161\u00ed v z\u00e1vislosti na zemi; v\u017edy si ov\u011b\u0159te m\u00edstn\u00ed z\u00e1kony.<\/p>\n<\/li>\n<li data-start=\"6999\" data-end=\"7104\">\n<p data-start=\"7001\" data-end=\"7104\"><strong data-start=\"7001\" data-end=\"7029\">Zdrav\u00ed a bezpe\u010dnost:<\/strong> Zabra\u0148te kontaktu a vdechov\u00e1n\u00ed; pou\u017e\u00edvejte standardn\u00ed laboratorn\u00ed bezpe\u010dnostn\u00ed vybaven\u00ed. Koupit eutylon<\/p>\n<\/li>\n<li data-start=\"7105\" data-end=\"7229\">\n<p data-start=\"7107\" data-end=\"7229\"><strong data-start=\"7107\" data-end=\"7124\">Dokumentace:<\/strong> A <strong data-start=\"7129\" data-end=\"7165\">bezpe\u010dnostn\u00ed list (MSDS)<\/strong> a <strong data-start=\"7169\" data-end=\"7197\">certifik\u00e1t anal\u00fdzy (COA)<\/strong> jsou k dispozici na vy\u017e\u00e1d\u00e1n\u00ed.<\/p>\n<\/li>\n<\/ul>\n<hr data-start=\"7231\" data-end=\"7234\" \/>\n<h3 data-start=\"7236\" data-end=\"7271\"><strong data-start=\"7240\" data-end=\"7271\">\u010casto kladen\u00e9 ot\u00e1zky (FAQ)<\/strong><\/h3>\n<p data-start=\"7273\" data-end=\"7408\"><strong data-start=\"7273\" data-end=\"7313\">1. K \u010demu se Eutylon pou\u017e\u00edv\u00e1?<\/strong><br data-start=\"7313\" data-end=\"7316\" \/>Eutylon se pou\u017e\u00edv\u00e1 jako <strong data-start=\"7344\" data-end=\"7367\">referen\u010dn\u00ed materi\u00e1l<\/strong> pro chemick\u00fd a forenzn\u00ed v\u00fdzkum.<\/p>\n<p data-start=\"7410\" data-end=\"7585\"><strong data-start=\"7410\" data-end=\"7465\">2. Je Eutylon vhodn\u00fd pro lidskou spot\u0159ebu?<\/strong><br data-start=\"7465\" data-end=\"7468\" \/>Ne. Je to <strong data-start=\"7480\" data-end=\"7535\">ur\u010den\u00e9 pouze pro v\u011bdeck\u00fd v\u00fdzkum<\/strong> a <strong data-start=\"7539\" data-end=\"7582\">nen\u00ed schv\u00e1len pro pou\u017eit\u00ed u lid\u00ed<\/strong>.<\/p>\n<p data-start=\"7587\" data-end=\"7714\"><strong data-start=\"7587\" data-end=\"7630\">3. Jak by se m\u011bl Eutylon skladovat?<\/strong><br data-start=\"7630\" data-end=\"7633\" \/>Skladujte na chladn\u00e9m, such\u00e9m a tmav\u00e9m m\u00edst\u011b, t\u011bsn\u011b uzav\u0159en\u00e9 a mimo dosah neopr\u00e1vn\u011bn\u00fdch osob.<\/p>\n<p class=\"ds-markdown-paragraph\"><span dir=\"auto\" style=\"vertical-align: inherit;\"><span dir=\"auto\" style=\"vertical-align: inherit;\">, <\/span><\/span><a href=\"https:\/\/onderzoekschemicals.com\/cs\/shop\/iboga-ibogaine\/buy-ibogaine-hcl-online\/\"><span dir=\"auto\" style=\"vertical-align: inherit;\"><span dir=\"auto\" style=\"vertical-align: inherit;\">Koupit ibogain hydrochlorid <\/span><\/span><\/a><a href=\"https:\/\/onderzoekschemicals.com\/cs\/shop\/iboga-ibogaine\/iboga-root-bark\/\"><span dir=\"auto\" style=\"vertical-align: inherit;\"><span dir=\"auto\" style=\"vertical-align: inherit;\">K\u016fra ko\u0159ene ibogy <\/span><\/span><\/a><a href=\"https:\/\/onderzoekschemicals.com\/cs\/shop\/lysergamides\/1cp-lsd\/\"><span dir=\"auto\" style=\"vertical-align: inherit;\"><span dir=\"auto\" style=\"vertical-align: inherit;\">Um\u011bleck\u00e9 blottery 1cP-LSD 150 MCG <\/span><\/span><\/a><a href=\"https:\/\/onderzoekschemicals.com\/cs\/shop\/pellets\/o-dsmt-50mg-pellets\/\"><span dir=\"auto\" style=\"vertical-align: inherit;\"><span dir=\"auto\" style=\"vertical-align: inherit;\">O-DSMT 50 mg pelety <\/span><\/span><\/a><a href=\"https:\/\/onderzoekschemicals.com\/cs\/shop\/lysergamides\/1v-lsd-150-mcg-blotters\/\"><span dir=\"auto\" style=\"vertical-align: inherit;\"><span dir=\"auto\" style=\"vertical-align: inherit;\">1V-LSD 150 MCG saje<\/span><\/span><\/a><\/p>\n<\/li>\n<\/ul>","protected":false},"excerpt":{"rendered":"<h2><span style=\"vertical-align: inherit;\"><span style=\"vertical-align: inherit;\"><span style=\"vertical-align: inherit;\"><span style=\"vertical-align: inherit;\"><span dir=\"auto\" style=\"vertical-align: inherit;\"><span dir=\"auto\" style=\"vertical-align: inherit;\">Nemovitosti v Eutylone<\/span><\/span><\/span><\/span><\/span><\/span><\/h2>\n<p><strong><span style=\"vertical-align: inherit;\"><span style=\"vertical-align: inherit;\"><span style=\"vertical-align: inherit;\"><span style=\"vertical-align: inherit;\"><span dir=\"auto\" style=\"vertical-align: inherit;\"><span dir=\"auto\" style=\"vertical-align: inherit;\">Synonymum<\/span><\/span><\/span><\/span><\/span><\/span><\/strong><span style=\"vertical-align: inherit;\"><span style=\"vertical-align: inherit;\"><span style=\"vertical-align: inherit;\"><span style=\"vertical-align: inherit;\"><span dir=\"auto\" style=\"vertical-align: inherit;\"><span dir=\"auto\" style=\"vertical-align: inherit;\"> : <\/span><\/span><\/span><\/span><\/span><\/span><b><span style=\"vertical-align: inherit;\"><span style=\"vertical-align: inherit;\"><span style=\"vertical-align: inherit;\"><span style=\"vertical-align: inherit;\"><span dir=\"auto\" style=\"vertical-align: inherit;\"><span dir=\"auto\" style=\"vertical-align: inherit;\">\u03b2-keto-1,3-benzodioxolyl-<\/span><\/span><\/span><\/span><\/span><\/span><i><\/i><\/b><span style=\"vertical-align: inherit;\"><sub><span style=\"vertical-align: inherit;\"><span style=\"vertical-align: inherit;\"><span style=\"vertical-align: inherit;\"><span dir=\"auto\" style=\"vertical-align: inherit;\"><span dir=\"auto\" style=\"vertical-align: inherit;\">N <\/span><\/span><\/span><\/span><\/span><\/sub><b><i><span style=\"vertical-align: inherit;\"><span style=\"vertical-align: inherit;\"><span style=\"vertical-align: inherit;\"><span dir=\"auto\" style=\"vertical-align: inherit;\"><span dir=\"auto\" style=\"vertical-align: inherit;\">-ethylbutanamin<\/span><\/span><\/span><\/span><\/span><\/i><\/b><b><span style=\"vertical-align: inherit;\"><span style=\"vertical-align: inherit;\"><span style=\"vertical-align: inherit;\"><span dir=\"auto\" style=\"vertical-align: inherit;\"><span dir=\"auto\" style=\"vertical-align: inherit;\"> hydrochlorid <\/span><\/span><\/span><\/span><\/span><\/b><\/span><br \/>\n<strong><span style=\"vertical-align: inherit;\"><span style=\"vertical-align: inherit;\"><span style=\"vertical-align: inherit;\"><span style=\"vertical-align: inherit;\"><span dir=\"auto\" style=\"vertical-align: inherit;\"><span dir=\"auto\" style=\"vertical-align: inherit;\">\u010c\u00edslo CAS<\/span><\/span><\/span><\/span><\/span><\/span><\/strong><span style=\"vertical-align: inherit;\"><span style=\"vertical-align: inherit;\"><span style=\"vertical-align: inherit;\"><span style=\"vertical-align: inherit;\"><span dir=\"auto\" style=\"vertical-align: inherit;\"><span dir=\"auto\" style=\"vertical-align: inherit;\"> : 17764-18-0 <\/span><\/span><\/span><\/span><\/span><\/span><br \/>\n<strong><span style=\"vertical-align: inherit;\"><span style=\"vertical-align: inherit;\"><span style=\"vertical-align: inherit;\"><span style=\"vertical-align: inherit;\"><span dir=\"auto\" style=\"vertical-align: inherit;\"><span dir=\"auto\" style=\"vertical-align: inherit;\">Vzorec<\/span><\/span><\/span><\/span><\/span><\/span><\/strong><span style=\"vertical-align: inherit;\"><span style=\"vertical-align: inherit;\"><span style=\"vertical-align: inherit;\"><span style=\"vertical-align: inherit;\"><span dir=\"auto\" style=\"vertical-align: inherit;\"><span dir=\"auto\" style=\"vertical-align: inherit;\"> : <\/span><\/span><\/span><\/span><\/span><\/span><span title=\"Uhl\u00edk\"><span style=\"vertical-align: inherit;\"><span style=\"vertical-align: inherit;\"><span style=\"vertical-align: inherit;\"><span style=\"vertical-align: inherit;\"><span dir=\"auto\" style=\"vertical-align: inherit;\"><span dir=\"auto\" style=\"vertical-align: inherit;\">C <\/span><\/span><\/span><\/span><\/span><\/span><\/span><sub><span style=\"vertical-align: inherit;\"><span style=\"vertical-align: inherit;\"><span style=\"vertical-align: inherit;\"><span style=\"vertical-align: inherit;\"><span dir=\"auto\" style=\"vertical-align: inherit;\"><span dir=\"auto\" style=\"vertical-align: inherit;\">13 <\/span><\/span><\/span><\/span><\/span><\/span><\/sub><span title=\"Vod\u00edk\"><span style=\"vertical-align: inherit;\"><span style=\"vertical-align: inherit;\"><span style=\"vertical-align: inherit;\"><span style=\"vertical-align: inherit;\"><span dir=\"auto\" style=\"vertical-align: inherit;\"><span dir=\"auto\" style=\"vertical-align: inherit;\">H <\/span><\/span><\/span><\/span><\/span><\/span><\/span><sub><span style=\"vertical-align: inherit;\"><span style=\"vertical-align: inherit;\"><span style=\"vertical-align: inherit;\"><span style=\"vertical-align: inherit;\"><span dir=\"auto\" style=\"vertical-align: inherit;\"><span dir=\"auto\" style=\"vertical-align: inherit;\">17 <\/span><\/span><\/span><\/span><\/span><\/span><\/sub><span title=\"Dus\u00edk\"><span style=\"vertical-align: inherit;\"><span style=\"vertical-align: inherit;\"><span style=\"vertical-align: inherit;\"><span style=\"vertical-align: inherit;\"><span dir=\"auto\" style=\"vertical-align: inherit;\"><span dir=\"auto\" style=\"vertical-align: inherit;\">\u017d\u00c1DN\u00dd <\/span><\/span><\/span><\/span><\/span><\/span><\/span><span title=\"Kysl\u00edk\"><span style=\"vertical-align: inherit;\"><span style=\"vertical-align: inherit;\"><span style=\"vertical-align: inherit;\"><span style=\"vertical-align: inherit;\"><span dir=\"auto\" style=\"vertical-align: inherit;\"><span dir=\"auto\" style=\"vertical-align: inherit;\">3<\/span><\/span><\/span><\/span><\/span><\/span><\/span><span style=\"vertical-align: inherit;\"><span style=\"vertical-align: inherit;\"><span style=\"vertical-align: inherit;\"><span style=\"vertical-align: inherit;\"><span dir=\"auto\" style=\"vertical-align: inherit;\"><span dir=\"auto\" style=\"vertical-align: inherit;\"> \u2022 HCl <\/span><\/span><\/span><\/span><\/span><strong><span style=\"vertical-align: inherit;\"><span style=\"vertical-align: inherit;\"><span style=\"vertical-align: inherit;\"><span dir=\"auto\" style=\"vertical-align: inherit;\"><span dir=\"auto\" style=\"vertical-align: inherit;\">Mol\u00e1rn\u00ed hmotnost<\/span><\/span><\/span><\/span><\/span><\/strong><span style=\"vertical-align: inherit;\"><span style=\"vertical-align: inherit;\"><span style=\"vertical-align: inherit;\"><span dir=\"auto\" style=\"vertical-align: inherit;\"><span dir=\"auto\" style=\"vertical-align: inherit;\"> : 235.283 <\/span><\/span><\/span><\/span><\/span><strong><span style=\"vertical-align: inherit;\"><span style=\"vertical-align: inherit;\"><span style=\"vertical-align: inherit;\"><span dir=\"auto\" style=\"vertical-align: inherit;\"><span dir=\"auto\" style=\"vertical-align: inherit;\">\u010cistota<\/span><\/span><\/span><\/span><\/span><\/strong><span style=\"vertical-align: inherit;\"><span style=\"vertical-align: inherit;\"><span style=\"vertical-align: inherit;\"><span dir=\"auto\" style=\"vertical-align: inherit;\"><span dir=\"auto\" style=\"vertical-align: inherit;\"> : \u226598%<\/span><\/span><\/span><\/span><\/span><\/span><\/p>","protected":false},"featured_media":29331,"comment_status":"closed","ping_status":"closed","template":"","meta":[],"product_brand":[],"product_cat":[488],"product_tag":[1125,584,326],"class_list":{"0":"post-23722","1":"product","2":"type-product","3":"status-publish","4":"has-post-thumbnail","6":"product_cat-verboden","7":"product_tag-eutylone-2","8":"product_tag-eutylone-kopen","9":"product_tag-nl","11":"first","12":"instock","13":"taxable","14":"shipping-taxable","15":"purchasable","16":"product-type-variable"},"_links":{"self":[{"href":"https:\/\/onderzoekschemicals.com\/cs\/wp-json\/wp\/v2\/product\/23722","targetHints":{"allow":["GET"]}}],"collection":[{"href":"https:\/\/onderzoekschemicals.com\/cs\/wp-json\/wp\/v2\/product"}],"about":[{"href":"https:\/\/onderzoekschemicals.com\/cs\/wp-json\/wp\/v2\/types\/product"}],"replies":[{"embeddable":true,"href":"https:\/\/onderzoekschemicals.com\/cs\/wp-json\/wp\/v2\/comments?post=23722"}],"version-history":[{"count":5,"href":"https:\/\/onderzoekschemicals.com\/cs\/wp-json\/wp\/v2\/product\/23722\/revisions"}],"predecessor-version":[{"id":27971,"href":"https:\/\/onderzoekschemicals.com\/cs\/wp-json\/wp\/v2\/product\/23722\/revisions\/27971"}],"wp:featuredmedia":[{"embeddable":true,"href":"https:\/\/onderzoekschemicals.com\/cs\/wp-json\/wp\/v2\/media\/29331"}],"wp:attachment":[{"href":"https:\/\/onderzoekschemicals.com\/cs\/wp-json\/wp\/v2\/media?parent=23722"}],"wp:term":[{"taxonomy":"product_brand","embeddable":true,"href":"https:\/\/onderzoekschemicals.com\/cs\/wp-json\/wp\/v2\/product_brand?post=23722"},{"taxonomy":"product_cat","embeddable":true,"href":"https:\/\/onderzoekschemicals.com\/cs\/wp-json\/wp\/v2\/product_cat?post=23722"},{"taxonomy":"product_tag","embeddable":true,"href":"https:\/\/onderzoekschemicals.com\/cs\/wp-json\/wp\/v2\/product_tag?post=23722"}],"curies":[{"name":"wp","href":"https:\/\/api.w.org\/{rel}","templated":true}]}}