{"id":23557,"date":"2025-04-13T17:39:57","date_gmt":"2025-04-13T17:39:57","guid":{"rendered":"https:\/\/onderzoekschemicals.com\/?post_type=product&#038;p=23557"},"modified":"2025-10-19T11:11:31","modified_gmt":"2025-10-19T11:11:31","slug":"1p-mipla-l-tartrat-cisty","status":"publish","type":"product","link":"https:\/\/onderzoekschemicals.com\/cs\/nakupovat\/1p-mipla\/1p-mipla-l-tartrat-cisty\/","title":{"rendered":"1P-MiPLA L-tartr\u00e1t \u010dist\u00fd"},"content":{"rendered":"<p data-start=\"3810\" data-end=\"3994\"><strong data-start=\"3810\" data-end=\"3868\">1P-MiPLA (1-propionyl-N-methyl-N-isopropyllysergamid)<\/strong> je a <strong data-start=\"3876\" data-end=\"3920\">vysoce \u010dist\u00e1 v\u00fdzkumn\u00e1 slou\u010denina<\/strong>, vyvinut\u00fd pro <strong data-start=\"3938\" data-end=\"3991\">neurov\u011bdeck\u00fd a farmakologick\u00fd v\u00fdzkum<\/strong>1p-mipla<\/p>\n<p data-start=\"3996\" data-end=\"4334\">Li <strong data-start=\"4000\" data-end=\"4060\">strukturn\u00ed analog LSD (diethylamid kyseliny lysergov\u00e9)<\/strong> a <strong data-start=\"4064\" data-end=\"4073\">MiPLA<\/strong>1P-MiPLA obsahuje <strong data-start=\"4094\" data-end=\"4112\">propionylov\u00e1 skupina<\/strong> na indolov\u00fd dus\u00edk. Tato mal\u00e1 strukturn\u00ed zm\u011bna \u010din\u00ed slou\u010deninu obzvl\u00e1\u0161t\u011b zaj\u00edmavou pro <strong data-start=\"4217\" data-end=\"4257\">v\u00fdzkum serotoninov\u00fdch receptor\u016f<\/strong> a <strong data-start=\"4261\" data-end=\"4303\">vztahy mezi strukturou a aktivitou (SAR)<\/strong> v r\u00e1mci t\u0159\u00eddy lysergamidu.<\/p>\n<p data-start=\"4336\" data-end=\"4491\">Ka\u017ed\u00e1 \u0161ar\u017ee je vyr\u00e1b\u011bna za p\u0159\u00edsn\u00fdch laboratorn\u00edch podm\u00ednek, aby <strong data-start=\"4410\" data-end=\"4474\">stabilita, reprodukovatelnost a chemick\u00e1 p\u0159esnost<\/strong> zaru\u010dit.<\/p>\n<blockquote data-start=\"4493\" data-end=\"4644\">\n<p data-start=\"4495\" data-end=\"4644\">\u26a0\ufe0f <strong data-start=\"4498\" data-end=\"4509\">Pozn.:<\/strong> Tento produkt je <strong data-start=\"4525\" data-end=\"4580\">ur\u010den\u00e9 pouze pro v\u011bdeck\u00fd v\u00fdzkum<\/strong> a <strong data-start=\"4584\" data-end=\"4641\">nen\u00ed vhodn\u00e9 pro lidskou ani zv\u00ed\u0159ec\u00ed spot\u0159ebu<\/strong>.<\/p>\n<\/blockquote>\n<hr data-start=\"4646\" data-end=\"4649\" \/>\n<h3 data-start=\"4651\" data-end=\"4682\"><strong data-start=\"4655\" data-end=\"4682\">Kl\u00ed\u010dov\u00e9 vlastnosti<\/strong><\/h3>\n<ul data-start=\"4683\" data-end=\"5079\">\n<li data-start=\"4683\" data-end=\"4768\">\n<p data-start=\"4685\" data-end=\"4768\"><strong data-start=\"4685\" data-end=\"4711\">Vysok\u00e1 \u010distota (\u226599%)<\/strong> \u2013 Laboratorn\u011b testov\u00e1no na identitu a slo\u017een\u00ed.<\/p>\n<\/li>\n<li data-start=\"4769\" data-end=\"4866\">\n<p data-start=\"4771\" data-end=\"4866\"><strong data-start=\"4771\" data-end=\"4810\">Standard farmakologick\u00e9ho v\u00fdzkumu<\/strong> \u2013 Vhodn\u00e9 pro v\u00fdzkum receptor\u016f a neurochemie. 1p-mipla<\/p>\n<\/li>\n<li data-start=\"4867\" data-end=\"4939\">\n<p data-start=\"4869\" data-end=\"4939\"><strong data-start=\"4869\" data-end=\"4893\">Stabiln\u00ed slo\u017een\u00ed<\/strong> \u2013 Zvy\u0161uje odolnost a spolehlivost.<\/p>\n<\/li>\n<li data-start=\"4940\" data-end=\"5012\">\n<p data-start=\"4942\" data-end=\"5012\"><strong data-start=\"4942\" data-end=\"4967\">V\u00fdroba podobn\u00e1 GMP<\/strong> \u2013 Zaru\u010den\u00e1 kvalita a konzistence.<\/p>\n<\/li>\n<li data-start=\"5013\" data-end=\"5079\">\n<p data-start=\"5015\" data-end=\"5079\"><strong data-start=\"5015\" data-end=\"5037\">Bezpe\u010dn\u00e9 balen\u00ed<\/strong> \u2013 Vzduchot\u011bsn\u00e9 a odoln\u00e9 proti vlhkosti.<\/p>\n<\/li>\n<\/ul>\n<hr data-start=\"5081\" data-end=\"5084\" \/>\n<h3 data-start=\"5086\" data-end=\"5103\"><strong data-start=\"5090\" data-end=\"5103\">V\u00fdhody<\/strong><\/h3>\n<ul data-start=\"5104\" data-end=\"5376\">\n<li data-start=\"5104\" data-end=\"5185\">\n<p data-start=\"5106\" data-end=\"5185\">Podporuje <strong data-start=\"5118\" data-end=\"5182\">v\u00fdzkum serotoninov\u00fdch receptor\u016f a analog\u016f lysergamidu<\/strong>.<\/p>\n<\/li>\n<li data-start=\"5186\" data-end=\"5257\">\n<p data-start=\"5188\" data-end=\"5257\">Zaji\u0161\u0165uje <strong data-start=\"5199\" data-end=\"5254\">spolehliv\u00e9 a reprodukovateln\u00e9 v\u00fdsledky v\u00fdzkumu<\/strong>.<\/p>\n<\/li>\n<li data-start=\"5258\" data-end=\"5320\">\n<p data-start=\"5260\" data-end=\"5320\"><strong data-start=\"5260\" data-end=\"5286\">Vylep\u0161en\u00e1 stabilita<\/strong> pro bezpe\u010dn\u00e9 skladov\u00e1n\u00ed a pou\u017eit\u00ed.<\/p>\n<\/li>\n<li data-start=\"5321\" data-end=\"5376\">\n<p data-start=\"5323\" data-end=\"5376\">Ide\u00e1ln\u00ed pro <strong data-start=\"5335\" data-end=\"5373\">akademick\u00fd a analytick\u00fd v\u00fdzkum<\/strong>.<\/p>\n<\/li>\n<\/ul>\n<hr data-start=\"5378\" data-end=\"5381\" \/>\n<h3 data-start=\"5383\" data-end=\"5398\"><strong data-start=\"5387\" data-end=\"5398\">Pou\u017e\u00edv\u00e1n\u00ed<\/strong><\/h3>\n<ul data-start=\"5399\" data-end=\"5670\">\n<li data-start=\"5399\" data-end=\"5469\">\n<p data-start=\"5401\" data-end=\"5469\">Pouze k pou\u017eit\u00ed <strong data-start=\"5426\" data-end=\"5466\">kvalifikovan\u00fd laboratorn\u00ed person\u00e1l<\/strong>.<\/p>\n<\/li>\n<li data-start=\"5470\" data-end=\"5546\">\n<p data-start=\"5472\" data-end=\"5546\">Pou\u017eijte vhodn\u00e9 <strong data-start=\"5490\" data-end=\"5514\">ochrann\u00e9 vybaven\u00ed<\/strong> (rukavice, ochrann\u00e9 br\u00fdle, laboratorn\u00ed pl\u00e1\u0161\u0165).<\/p>\n<\/li>\n<li data-start=\"5547\" data-end=\"5611\">\n<p data-start=\"5549\" data-end=\"5611\">U\u0161et\u0159ete na <strong data-start=\"5564\" data-end=\"5598\">chladn\u00e9m, such\u00e9m a tmav\u00e9m m\u00edst\u011b<\/strong> (15\u201325 \u00b0C).<\/p>\n<\/li>\n<li data-start=\"5612\" data-end=\"5670\">\n<p data-start=\"5614\" data-end=\"5670\">Nen\u00ed vhodn\u00e9 pro lidskou ani zv\u00ed\u0159ec\u00ed spot\u0159ebu.<\/p>\n<\/li>\n<\/ul>\n<hr data-start=\"5672\" data-end=\"5675\" \/>\n<h3 data-start=\"5677\" data-end=\"5712\"><strong data-start=\"5681\" data-end=\"5712\">\u010casto kladen\u00e9 ot\u00e1zky (FAQ)<\/strong><\/h3>\n<p data-start=\"5714\" data-end=\"5885\"><strong data-start=\"5714\" data-end=\"5754\">1. K \u010demu se pou\u017e\u00edv\u00e1 1P-MiPLA?<\/strong><br data-start=\"5754\" data-end=\"5757\" \/>1P-MiPLA se pou\u017e\u00edv\u00e1 pro <strong data-start=\"5786\" data-end=\"5831\">farmakologick\u00fd a neurochemick\u00fd v\u00fdzkum<\/strong> na analogy lysergamidu a serotoninov\u00e9 receptory.<\/p>\n<p data-start=\"5887\" data-end=\"6058\"><strong data-start=\"5887\" data-end=\"5936\">2. Je 1P-MiPLA bezpe\u010dn\u00e1 pro lidsk\u00e9 pou\u017eit\u00ed?<\/strong><br data-start=\"5936\" data-end=\"5939\" \/>Ne. Tento produkt je <strong data-start=\"5959\" data-end=\"6008\">ur\u010den\u00e9 pouze pro v\u00fdzkumn\u00e9 \u00fa\u010dely<\/strong> a nen\u00ed schv\u00e1leno pro lidskou spot\u0159ebu.<\/p>\n<p data-start=\"6060\" data-end=\"6214\"><strong data-start=\"6060\" data-end=\"6100\">3. Jak by se m\u011bl 1P-MiPLA skladovat?<\/strong><br data-start=\"6100\" data-end=\"6103\" \/>Skladujte v <strong data-start=\"6118\" data-end=\"6148\">dob\u0159e uzav\u0159en\u00e9 balen\u00ed<\/strong> p\u0159i pokojov\u00e9 teplot\u011b (15\u201325 \u00b0C), chr\u00e1n\u011bno p\u0159ed sv\u011btlem a vlhkost\u00ed.<\/p>","protected":false},"excerpt":{"rendered":"<h3><span dir=\"auto\" style=\"vertical-align: inherit;\"><span dir=\"auto\" style=\"vertical-align: inherit;\">1P-MiPLA L-tartrate properties<\/span><\/span><\/h3>\n<p><strong><span style=\"vertical-align: inherit;\"><span style=\"vertical-align: inherit;\"><span dir=\"auto\" style=\"vertical-align: inherit;\"><span dir=\"auto\" style=\"vertical-align: inherit;\">Synonymum:<\/span><\/span><\/span><\/span><\/strong><span style=\"vertical-align: inherit;\"><span style=\"vertical-align: inherit;\"><span dir=\"auto\" style=\"vertical-align: inherit;\"><span dir=\"auto\" style=\"vertical-align: inherit;\"> 1-propionyl-methylisopropyl-sergamid hemi-L-tartr\u00e1t <\/span><\/span><\/span><\/span><br \/>\n<strong><span style=\"vertical-align: inherit;\"><span style=\"vertical-align: inherit;\"><span dir=\"auto\" style=\"vertical-align: inherit;\"><span dir=\"auto\" style=\"vertical-align: inherit;\">\u010c\u00edslo CAS:<\/span><\/span><\/span><\/span><\/strong><span style=\"vertical-align: inherit;\"><span style=\"vertical-align: inherit;\"><span dir=\"auto\" style=\"vertical-align: inherit;\"><span dir=\"auto\" style=\"vertical-align: inherit;\"> po <\/span><\/span><\/span><\/span><br \/>\n<strong><span style=\"vertical-align: inherit;\"><span style=\"vertical-align: inherit;\"><span dir=\"auto\" style=\"vertical-align: inherit;\"><span dir=\"auto\" style=\"vertical-align: inherit;\">Vzorec:<\/span><\/span><\/span><\/span><\/strong><span style=\"vertical-align: inherit;\"><span style=\"vertical-align: inherit;\"><span dir=\"auto\" style=\"vertical-align: inherit;\"><span dir=\"auto\" style=\"vertical-align: inherit;\"> (8\u03b2)-1-propionyl-N-isopropyl-N,6-dimethyl-9,10-didehydroergoline-8-carboxamide hemi-L-tartrate <\/span><\/span><\/span><\/span><br \/>\n<strong><span style=\"vertical-align: inherit;\"><span style=\"vertical-align: inherit;\"><span dir=\"auto\" style=\"vertical-align: inherit;\"><span dir=\"auto\" style=\"vertical-align: inherit;\">Mol\u00e1rn\u00ed hmotnost:<\/span><\/span><\/span><\/span><\/strong><span style=\"vertical-align: inherit;\"><span style=\"vertical-align: inherit;\"><span dir=\"auto\" style=\"vertical-align: inherit;\"><span dir=\"auto\" style=\"vertical-align: inherit;\"> 454,5 g\/mol <\/span><\/span><\/span><\/span><br \/>\n<strong><span style=\"vertical-align: inherit;\"><span style=\"vertical-align: inherit;\"><span dir=\"auto\" style=\"vertical-align: inherit;\"><span dir=\"auto\" style=\"vertical-align: inherit;\">\u010cistota:<\/span><\/span><\/span><\/span><\/strong><span style=\"vertical-align: inherit;\"><span style=\"vertical-align: inherit;\"><span dir=\"auto\" style=\"vertical-align: inherit;\"><span dir=\"auto\" style=\"vertical-align: inherit;\"> &gt;97%<\/span><\/span><\/span><\/span><\/p>","protected":false},"featured_media":20451,"comment_status":"closed","ping_status":"closed","template":"","meta":[],"product_brand":[],"product_cat":[546,358],"product_tag":[1154,1155,326],"class_list":{"0":"post-23557","1":"product","2":"type-product","3":"status-publish","4":"has-post-thumbnail","6":"product_cat-1p-mipla","7":"product_cat-lysergamides","8":"product_tag-1p-mipla","9":"product_tag-1p-mipla-kopen","10":"product_tag-nl","12":"first","13":"instock","14":"taxable","15":"shipping-taxable","16":"purchasable","17":"product-type-variable"},"_links":{"self":[{"href":"https:\/\/onderzoekschemicals.com\/cs\/wp-json\/wp\/v2\/product\/23557","targetHints":{"allow":["GET"]}}],"collection":[{"href":"https:\/\/onderzoekschemicals.com\/cs\/wp-json\/wp\/v2\/product"}],"about":[{"href":"https:\/\/onderzoekschemicals.com\/cs\/wp-json\/wp\/v2\/types\/product"}],"replies":[{"embeddable":true,"href":"https:\/\/onderzoekschemicals.com\/cs\/wp-json\/wp\/v2\/comments?post=23557"}],"version-history":[{"count":4,"href":"https:\/\/onderzoekschemicals.com\/cs\/wp-json\/wp\/v2\/product\/23557\/revisions"}],"predecessor-version":[{"id":28017,"href":"https:\/\/onderzoekschemicals.com\/cs\/wp-json\/wp\/v2\/product\/23557\/revisions\/28017"}],"wp:featuredmedia":[{"embeddable":true,"href":"https:\/\/onderzoekschemicals.com\/cs\/wp-json\/wp\/v2\/media\/20451"}],"wp:attachment":[{"href":"https:\/\/onderzoekschemicals.com\/cs\/wp-json\/wp\/v2\/media?parent=23557"}],"wp:term":[{"taxonomy":"product_brand","embeddable":true,"href":"https:\/\/onderzoekschemicals.com\/cs\/wp-json\/wp\/v2\/product_brand?post=23557"},{"taxonomy":"product_cat","embeddable":true,"href":"https:\/\/onderzoekschemicals.com\/cs\/wp-json\/wp\/v2\/product_cat?post=23557"},{"taxonomy":"product_tag","embeddable":true,"href":"https:\/\/onderzoekschemicals.com\/cs\/wp-json\/wp\/v2\/product_tag?post=23557"}],"curies":[{"name":"wp","href":"https:\/\/api.w.org\/{rel}","templated":true}]}}