{"id":23335,"date":"2025-04-13T17:39:34","date_gmt":"2025-04-13T17:39:34","guid":{"rendered":"https:\/\/onderzoekschemicals.com\/?post_type=product&#038;p=23335"},"modified":"2025-06-24T06:25:49","modified_gmt":"2025-06-24T06:25:49","slug":"4-aco-det-20mg-pellets","status":"publish","type":"product","link":"https:\/\/onderzoekschemicals.com\/cs\/shop\/4-aco-det\/4-aco-det-20mg-pellets\/","title":{"rendered":"4-AcO-DET 20mg pelety"},"content":{"rendered":"<h1>4-AcO-DET 20mg pelety \u2013 profesion\u00e1ln\u00ed kvalita pro v\u011bdeck\u00fd v\u00fdzkum<\/h1>\n<h2>Zaveden\u00ed<\/h2>\n<p>The <strong>4-AcO-DET 20mg pelety<\/strong> jsou vysoce kvalitn\u00ed v\u00fdzkumn\u00fd materi\u00e1l pro v\u011bdce a analytiky, kte\u0159\u00ed hledaj\u00ed spolehliv\u00e9 a p\u0159esn\u00e9 d\u00e1vkov\u00e1n\u00ed. Tyto pelety se vyr\u00e1b\u011bj\u00ed za p\u0159\u00edsn\u00fdch kontrol kvality, kter\u00e9 zaji\u0161\u0165uj\u00ed, \u017ee ka\u017ed\u00e1 jednotka je p\u0159esn\u011b <strong>20 mg 4-AcO-DET<\/strong> obsahuje. To zaji\u0161\u0165uje reprodukovateln\u00e9 a konzistentn\u00ed v\u00fdsledky p\u0159i zkoum\u00e1n\u00ed vlastnost\u00ed t\u00e9to slou\u010deniny.<\/p>\n<h2>Vlastnosti produktu<\/h2>\n<ul>\n<li><strong>P\u0159esn\u00e9 d\u00e1vkov\u00e1n\u00ed<\/strong>Ka\u017ed\u00e1 peleta obsahuje p\u0159esn\u00e9 mno\u017estv\u00ed <strong>20 mg 4-AcO-DET<\/strong>, co\u017e zaji\u0161\u0165uje spolehliv\u00e9 v\u00fdsledky v\u00fdzkumu<\/li>\n<li><strong>Optimalizovan\u00e9 slo\u017een\u00ed<\/strong>Vyrobeno s farmaceutickou p\u0159esnost\u00ed pro maxim\u00e1ln\u00ed stabilitu a \u010distotu<\/li>\n<li><strong>Snadn\u00e9 pou\u017eit\u00ed<\/strong>Jednotn\u00fd tvar pelet umo\u017e\u0148uje snadn\u00e9 d\u00e1vkov\u00e1n\u00ed a zpracov\u00e1n\u00ed<\/li>\n<li><strong>Dlouhotrvaj\u00edc\u00ed trvanlivost<\/strong>Speci\u00e1ln\u011b baleno, aby se zabr\u00e1nilo degradaci sv\u011btlem, vlhkost\u00ed nebo kysl\u00edkem<\/li>\n<\/ul>\n<h2>Technick\u00e9 specifikace<\/h2>\n<h3>Obecn\u00e9 informace<\/h3>\n<ul>\n<li>L\u00e9\u010div\u00e1 l\u00e1tka: 4-acetoxy-N,N-diethyltryptamin (4-AcO-DET)<\/li>\n<li>D\u00e1vkov\u00e1n\u00ed na peletu: 20 mg (tolerance \u00b1 0,5 mg)<\/li>\n<li>Fyzik\u00e1ln\u00ed forma: Kulat\u00e9, kompaktn\u00ed pelety<\/li>\n<li>Doporu\u010den\u00e9 skladov\u00e1n\u00ed: Sucho, p\u0159i pokojov\u00e9 teplot\u011b (15\u201325 \u00b0C), chr\u00e1n\u011bno p\u0159ed sv\u011btlem<\/li>\n<\/ul>\n<h2>Oblasti pou\u017eit\u00ed<\/h2>\n<p>Tyto pelety jsou ur\u010deny v\u00fdhradn\u011b pro:<\/p>\n<ul>\n<li>V\u011bdeck\u00fd v\u00fdzkum farmakologick\u00fdch vlastnost\u00ed<\/li>\n<li>Analytick\u00e9 chemick\u00e9 studie<\/li>\n<li>P\u0159edklinick\u00e9 hodnocen\u00ed v kontrolovan\u00e9m prost\u0159ed\u00ed<\/li>\n<\/ul>\n<h2>Bezpe\u010dnostn\u00ed p\u0159edpisy<\/h2>\n<ul>\n<li>Pouze pro pou\u017eit\u00ed v profesion\u00e1ln\u00edm laboratorn\u00edm prost\u0159ed\u00ed<\/li>\n<li>Jsou vy\u017eadov\u00e1ny osobn\u00ed ochrann\u00e9 prost\u0159edky (laboratorn\u00ed pl\u00e1\u0161\u0165, rukavice, ochrann\u00e9 br\u00fdle)<\/li>\n<li>Nen\u00ed vhodn\u00e9 pro aplikace in vivo<\/li>\n<li>Zabra\u0148te kontaktu s k\u016f\u017e\u00ed a o\u010dima<\/li>\n<\/ul>\n<h2>Rady pro skladov\u00e1n\u00ed<\/h2>\n<p>Skladujte v p\u016fvodn\u00edm obalu p\u0159i teplot\u011b:<\/p>\n<ul>\n<li>Teplota mezi 15\u201325 \u00b0C<\/li>\n<li>Relativn\u00ed vlhkost &lt;60%<\/li>\n<li>Chr\u00e1n\u011bno p\u0159ed p\u0159\u00edm\u00fdm slune\u010dn\u00edm z\u00e1\u0159en\u00edm<\/li>\n<li>Krom\u011b j\u00eddla a l\u00e9k\u016f<\/li>\n<\/ul>\n<h2>Informace o balen\u00ed<\/h2>\n<ul>\n<li>Standardn\u00ed balen\u00ed: 10 pelet v blistru<\/li>\n<li>Sekund\u00e1rn\u00ed obal: Sv\u011btlot\u011bsn\u00e1 hlin\u00edkov\u00e1 f\u00f3lie<\/li>\n<li>Vn\u011bj\u0161\u00ed obal: \u010cern\u00e1 plastov\u00e1 n\u00e1doba odoln\u00e1 v\u016f\u010di UV z\u00e1\u0159en\u00ed<\/li>\n<\/ul>\n<h2>D\u016fle\u017eit\u00e1 pozn\u00e1mka<\/h2>\n<p>Tento produkt je ur\u010den pouze pro v\u00fdzkumn\u00e9 \u00fa\u010dely kvalifikovan\u00fdmi odborn\u00edky. V\u00fdslovn\u011b nen\u00ed ur\u010den k lidsk\u00e9 ani zv\u00ed\u0159ec\u00ed spot\u0159eb\u011b. Kupuj\u00edc\u00ed prohla\u0161uje, \u017ee si je v\u011bdom v\u0161ech m\u00edstn\u00edch z\u00e1kon\u016f a p\u0159edpis\u016f t\u00fdkaj\u00edc\u00edch se n\u00e1kupu, dr\u017een\u00ed a pou\u017e\u00edv\u00e1n\u00ed t\u00e9to l\u00e1tky a \u017ee je za n\u011b odpov\u011bdn\u00fd.<\/p>\n<h2>Pr\u00e1vn\u00ed status<\/h2>\n<p>Status 4-AcO-DET se li\u0161\u00ed v z\u00e1vislosti na jurisdikci. Kupuj\u00edc\u00ed by si m\u011bl p\u0159ed n\u00e1kupem ov\u011b\u0159it platn\u00e9 z\u00e1kony ve sv\u00e9 zemi\/regionu. Prod\u00e1vaj\u00edc\u00ed nep\u0159eb\u00edr\u00e1 \u017e\u00e1dnou odpov\u011bdnost za jak\u00e9koli pr\u00e1vn\u00ed d\u016fsledky vypl\u00fdvaj\u00edc\u00ed z n\u00e1kupu nebo dr\u017een\u00ed tohoto produktu.<\/p>\n<h2>Z\u00e1ruka kvality<\/h2>\n<p>Na\u0161e v\u00fdrobky proch\u00e1zej\u00ed:<\/p>\n<ul>\n<li>HPLC anal\u00fdza pro stanoven\u00ed \u010distoty<\/li>\n<li>Hmotnostn\u00ed spektrometrie pro potvrzen\u00ed identity<\/li>\n<li>Testy mikrobiologick\u00e9 kontaminace<\/li>\n<li>Studie stability<\/li>\n<\/ul>\n<p>Pro v\u00fdzkumn\u00e9 \u00fastavy a laborato\u0159e nab\u00edz\u00edme na vy\u017e\u00e1d\u00e1n\u00ed podrobn\u00e9 certifik\u00e1ty kvality a analytick\u00e9 zpr\u00e1vy.<\/p>\n<h2>Informace o objedn\u00e1vce<\/h2>\n<p>K dispozici v r\u016fzn\u00fdch velikostech balen\u00ed:<\/p>\n<ul>\n<li>10 pelet (z\u00e1kladn\u00ed balen\u00ed)<\/li>\n<li>50 pelet (v\u00fdzkumn\u00e9 balen\u00ed)<\/li>\n<li>100 pelet (laboratorn\u00ed z\u00e1soba)<\/li>\n<\/ul>\n<p>Pro akreditovan\u00e9 v\u00fdzkumn\u00e9 instituce je na vy\u017e\u00e1d\u00e1n\u00ed k dispozici zak\u00e1zkov\u00e9 balen\u00ed a velkoobchodn\u00ed mno\u017estv\u00ed.<a href=\"https:\/\/onderzoekschemicals.com\/cs\/shop\/lysergamides\/1cp-lsd\/\">Um\u011bleck\u00e9 blottery 1cP-LSD 150 MCG<\/a><\/p>\n<h2>Technick\u00e1 podpora<\/h2>\n<p>N\u00e1\u0161 v\u011bdeck\u00fd person\u00e1l je p\u0159ipraven na:<\/p>\n<ul>\n<li>D\u00e1vkov\u00e1n\u00ed<\/li>\n<li>Ot\u00e1zky stability<\/li>\n<li>\u00dadaje o rozpustnosti<\/li>\n<li>Interak\u010dn\u00ed studie<\/li>\n<\/ul>\n<p>S konkr\u00e9tn\u00edmi technick\u00fdmi dotazy k tomuto produktu se pros\u00edm obra\u0165te na na\u0161e v\u00fdzkumn\u00e9 odd\u011blen\u00ed.<\/p>\n<h2>P\u0159epravn\u00ed podm\u00ednky<\/h2>\n<p>V\u0161echny z\u00e1silky obsahuj\u00ed:<\/p>\n<ul>\n<li>Bezpe\u010dnostn\u00ed listy materi\u00e1l\u016f (MSDS)<\/li>\n<li>Analytick\u00e9 certifik\u00e1ty<\/li>\n<li>Povinn\u00e1 pr\u00e1vn\u00ed upozorn\u011bn\u00ed<\/li>\n<\/ul>\n<p>P\u0159eprava prob\u00edh\u00e1 v souladu s mezin\u00e1rodn\u00edmi sm\u011brnicemi pro chemick\u00e9 l\u00e1tky.<a href=\"https:\/\/onderzoekschemicals.com\/cs\/shop\/pellets\/o-dsmt-50mg-pellets\/\">O-DSMT 50 mg pelety<\/a><\/p>\n<h2>Z\u0159eknut\u00ed se odpov\u011bdnosti<\/h2>\n<p>Tento produkt nen\u00ed ur\u010den k lidsk\u00e9 spot\u0159eb\u011b a m\u011bl by b\u00fdt pou\u017e\u00edv\u00e1n pouze vy\u0161kolen\u00fdm person\u00e1lem v kontrolovan\u00e9m v\u00fdzkumn\u00e9m prost\u0159ed\u00ed. Prodejce nep\u0159eb\u00edr\u00e1 \u017e\u00e1dnou odpov\u011bdnost za neopr\u00e1vn\u011bn\u00e9 pou\u017eit\u00ed nebo nedbalost p\u0159i aplikaci tohoto produktu.<a href=\"https:\/\/onderzoekschemicals.com\/cs\/shop\/iboga-ibogaine\/buy-ibogaine-hcl-online\/\">Koupit ibogain hydrochlorid<\/a><\/p>\n<p>&nbsp;<\/p>","protected":false},"excerpt":{"rendered":"<p>Pelety 4-AcO-DET 20 mg \u2013 profesion\u00e1ln\u00ed kvalita pro v\u011bdeck\u00fd v\u00fdzkum \u00davod Pelety 4-AcO-DET 20 mg jsou vysoce kvalitn\u00edm v\u00fdzkumn\u00fdm materi\u00e1lem pro v\u011bdce.<\/p>","protected":false},"featured_media":20182,"comment_status":"closed","ping_status":"closed","template":"","meta":[],"product_brand":[82],"product_cat":[533,534,324,381],"product_tag":[628,626,326],"class_list":{"0":"post-23335","1":"product","2":"type-product","3":"status-publish","4":"has-post-thumbnail","6":"product_brand-research-chemical","7":"product_cat-4-aco-det","8":"product_cat-4-aco-det-pellets","9":"product_cat-pellets-for-pellet","10":"product_cat-tryptamines","11":"product_tag-4-aco-det","12":"product_tag-bromazolam-pellets","13":"product_tag-nl","15":"first","16":"instock","17":"taxable","18":"shipping-taxable","19":"purchasable","20":"product-type-variable"},"_links":{"self":[{"href":"https:\/\/onderzoekschemicals.com\/cs\/wp-json\/wp\/v2\/product\/23335","targetHints":{"allow":["GET"]}}],"collection":[{"href":"https:\/\/onderzoekschemicals.com\/cs\/wp-json\/wp\/v2\/product"}],"about":[{"href":"https:\/\/onderzoekschemicals.com\/cs\/wp-json\/wp\/v2\/types\/product"}],"replies":[{"embeddable":true,"href":"https:\/\/onderzoekschemicals.com\/cs\/wp-json\/wp\/v2\/comments?post=23335"}],"version-history":[{"count":4,"href":"https:\/\/onderzoekschemicals.com\/cs\/wp-json\/wp\/v2\/product\/23335\/revisions"}],"predecessor-version":[{"id":26344,"href":"https:\/\/onderzoekschemicals.com\/cs\/wp-json\/wp\/v2\/product\/23335\/revisions\/26344"}],"wp:featuredmedia":[{"embeddable":true,"href":"https:\/\/onderzoekschemicals.com\/cs\/wp-json\/wp\/v2\/media\/20182"}],"wp:attachment":[{"href":"https:\/\/onderzoekschemicals.com\/cs\/wp-json\/wp\/v2\/media?parent=23335"}],"wp:term":[{"taxonomy":"product_brand","embeddable":true,"href":"https:\/\/onderzoekschemicals.com\/cs\/wp-json\/wp\/v2\/product_brand?post=23335"},{"taxonomy":"product_cat","embeddable":true,"href":"https:\/\/onderzoekschemicals.com\/cs\/wp-json\/wp\/v2\/product_cat?post=23335"},{"taxonomy":"product_tag","embeddable":true,"href":"https:\/\/onderzoekschemicals.com\/cs\/wp-json\/wp\/v2\/product_tag?post=23335"}],"curies":[{"name":"wp","href":"https:\/\/api.w.org\/{rel}","templated":true}]}}