{"id":23304,"date":"2025-04-13T17:39:31","date_gmt":"2025-04-13T17:39:31","guid":{"rendered":"https:\/\/onderzoekschemicals.com\/?post_type=product&#038;p=23304"},"modified":"2025-11-28T11:35:47","modified_gmt":"2025-11-28T11:35:47","slug":"etizolam-kopen","status":"publish","type":"product","link":"https:\/\/onderzoekschemicals.com\/cs\/shop\/verboden\/etizolam-kopen\/","title":{"rendered":"Etizolam 1mg blottery"},"content":{"rendered":"<h1><span dir=\"auto\" style=\"vertical-align: inherit;\"><span dir=\"auto\" style=\"vertical-align: inherit;\">Etizolamov\u00e9 sav\u00e9 pap\u00edrky 1 mg \u2013 profesion\u00e1ln\u00ed v\u00fdzkumn\u00fd materi\u00e1l pro v\u011bdeck\u00e9 aplikace<\/span><\/span><\/h1>\n<p data-start=\"3736\" data-end=\"3880\"><strong data-start=\"3736\" data-end=\"3761\">Etizolam 1mg blottery<\/strong> obsahovat <strong data-start=\"3771\" data-end=\"3807\">1 miligram etizolamu na sav\u00fd pap\u00edr<\/strong>p\u0159esn\u011b d\u00e1vkovan\u00fd pro <strong data-start=\"3835\" data-end=\"3877\">farmakologick\u00fd a analytick\u00fd v\u00fdzkum<\/strong>koupit etizolam<\/p>\n<p data-start=\"3882\" data-end=\"4147\">Etizolam je <strong data-start=\"3898\" data-end=\"3928\">thienodiazepinov\u00e1 slou\u010denina<\/strong>, struktur\u00e1ln\u011b p\u0159\u00edbuzn\u00fd benzodiazepin\u016fm a je zkoum\u00e1n jeho vliv na <strong data-start=\"4015\" data-end=\"4036\">GABA-A receptory<\/strong>\u010casto se pou\u017e\u00edv\u00e1 v <strong data-start=\"4065\" data-end=\"4098\">neurofarmakologick\u00fd v\u00fdzkum<\/strong> k anxiolytick\u00fdm a sedativn\u00edm vlastnostem.<\/p>\n<p data-start=\"4149\" data-end=\"4377\">Ka\u017ed\u00fd sav\u00fd pap\u00edr je vyroben pod <strong data-start=\"4186\" data-end=\"4224\">p\u0159\u00edsn\u00e9 laboratorn\u00ed podm\u00ednky<\/strong>, z <strong data-start=\"4230\" data-end=\"4265\">Etizolam s vysokou \u010distotou (\u226599%)<\/strong> na <strong data-start=\"4269\" data-end=\"4297\">\u010dl\u00e1nek hodn\u00fd v\u00fdzkumu<\/strong>, co\u017e zaji\u0161\u0165uje <strong data-start=\"4314\" data-end=\"4374\">rovnom\u011brn\u00e1 absorpce a konzistentn\u00ed analytick\u00fd v\u00fdkon<\/strong>.<\/p>\n<blockquote data-start=\"4379\" data-end=\"4534\">\n<p data-start=\"4381\" data-end=\"4534\">\u26a0\ufe0f <strong data-start=\"4384\" data-end=\"4395\">Pozn.:<\/strong> Tyto blo\u010dky jsou <strong data-start=\"4415\" data-end=\"4470\">ur\u010den\u00e9 pouze pro v\u011bdeck\u00fd v\u00fdzkum<\/strong> a <strong data-start=\"4474\" data-end=\"4531\">nen\u00ed vhodn\u00e9 pro lidskou ani zv\u00ed\u0159ec\u00ed spot\u0159ebu<\/strong>.<\/p>\n<\/blockquote>\n<hr data-start=\"4536\" data-end=\"4539\" \/>\n<h3 data-start=\"4541\" data-end=\"4572\"><strong data-start=\"4545\" data-end=\"4572\">Kl\u00ed\u010dov\u00e9 vlastnosti<\/strong><\/h3>\n<ul data-start=\"4573\" data-end=\"5008\">\n<li data-start=\"4573\" data-end=\"4662\">\n<p data-start=\"4575\" data-end=\"4662\"><strong data-start=\"4575\" data-end=\"4617\">P\u0159esn\u00e9 d\u00e1vkov\u00e1n\u00ed (1 mg na blotter)<\/strong> \u2013 Pro spolehliv\u00e9 analytick\u00e9 v\u00fdsledky.<\/p>\n<\/li>\n<li data-start=\"4663\" data-end=\"4737\">\n<p data-start=\"4665\" data-end=\"4737\"><strong data-start=\"4665\" data-end=\"4691\">Vysok\u00e1 \u010distota (\u226599%)<\/strong> \u2013 Ov\u011b\u0159eno anal\u00fdzou HPLC a GC-MS.<\/p>\n<\/li>\n<li data-start=\"4738\" data-end=\"4820\">\n<p data-start=\"4740\" data-end=\"4820\"><strong data-start=\"4740\" data-end=\"4762\">Rovnom\u011brn\u00e9 rozd\u011blen\u00ed<\/strong> \u2013 Rovnom\u011brn\u00fd povlak pro konzistentn\u00ed v\u00fdsledky test\u016f.<\/p>\n<\/li>\n<li data-start=\"4821\" data-end=\"4918\">\n<p data-start=\"4823\" data-end=\"4918\"><strong data-start=\"4823\" data-end=\"4862\">Standard farmakologick\u00e9ho v\u00fdzkumu<\/strong> \u2013 Vhodn\u00e9 pro v\u00fdzkum receptor\u016f a bioanalytiky.<\/p>\n<\/li>\n<li data-start=\"4919\" data-end=\"5008\">\n<p data-start=\"4921\" data-end=\"5008\"><strong data-start=\"4921\" data-end=\"4943\">Bezpe\u010dn\u00e9 balen\u00ed<\/strong> \u2013 Chra\u0148te p\u0159ed sv\u011btlem a vlhkost\u00ed pro dlouhodobou trvanlivost. Kupte si etizolam.<\/p>\n<\/li>\n<\/ul>\n<hr data-start=\"5010\" data-end=\"5013\" \/>\n<h3 data-start=\"5015\" data-end=\"5032\"><strong data-start=\"5019\" data-end=\"5032\">V\u00fdhody<\/strong><\/h3>\n<ul data-start=\"5033\" data-end=\"5328\">\n<li data-start=\"5033\" data-end=\"5120\">\n<p data-start=\"5035\" data-end=\"5120\">Podporuje <strong data-start=\"5047\" data-end=\"5117\">v\u00fdzkum receptor\u016f GABA-A a neurofarmakologick\u00fdch proces\u016f<\/strong>.<\/p>\n<\/li>\n<li data-start=\"5121\" data-end=\"5181\">\n<p data-start=\"5123\" data-end=\"5181\"><strong data-start=\"5123\" data-end=\"5178\">P\u0159esn\u00e9 a reprodukovateln\u00e9 v\u00fdsledky v\u00fdzkumu<\/strong>.<\/p>\n<\/li>\n<li data-start=\"5182\" data-end=\"5254\">\n<p data-start=\"5184\" data-end=\"5254\"><strong data-start=\"5184\" data-end=\"5226\">Snadn\u00e1 manipulace a skladov\u00e1n\u00ed<\/strong> pro laboratorn\u00ed pou\u017eit\u00ed.<\/p>\n<\/li>\n<li data-start=\"5255\" data-end=\"5328\">\n<p data-start=\"5257\" data-end=\"5328\">Vhodn\u00e9 pro <strong data-start=\"5271\" data-end=\"5325\">akademick\u00fd, farmakologick\u00fd a analytick\u00fd v\u00fdzkum<\/strong>.<\/p>\n<\/li>\n<\/ul>\n<hr data-start=\"5330\" data-end=\"5333\" \/>\n<h3 data-start=\"5335\" data-end=\"5350\"><strong data-start=\"5339\" data-end=\"5350\">Pou\u017e\u00edv\u00e1n\u00ed<\/strong><\/h3>\n<ul data-start=\"5351\" data-end=\"5622\">\n<li data-start=\"5351\" data-end=\"5421\">\n<p data-start=\"5353\" data-end=\"5421\">Pouze k pou\u017eit\u00ed <strong data-start=\"5378\" data-end=\"5418\">kvalifikovan\u00fd laboratorn\u00ed person\u00e1l<\/strong>.<\/p>\n<\/li>\n<li data-start=\"5422\" data-end=\"5498\">\n<p data-start=\"5424\" data-end=\"5498\">Pou\u017eijte vhodn\u00e9 <strong data-start=\"5442\" data-end=\"5466\">ochrann\u00e9 vybaven\u00ed<\/strong> (rukavice, ochrann\u00e9 br\u00fdle, laboratorn\u00ed pl\u00e1\u0161\u0165).<\/p>\n<\/li>\n<li data-start=\"5499\" data-end=\"5563\">\n<p data-start=\"5501\" data-end=\"5563\">U\u0161et\u0159ete na <strong data-start=\"5516\" data-end=\"5550\">chladn\u00e9m, such\u00e9m a tmav\u00e9m m\u00edst\u011b<\/strong> (15\u201325 \u00b0C).<\/p>\n<\/li>\n<li data-start=\"5564\" data-end=\"5622\">\n<p data-start=\"5566\" data-end=\"5622\">Nen\u00ed vhodn\u00e9 pro lidskou ani zv\u00ed\u0159ec\u00ed spot\u0159ebu.<\/p>\n<\/li>\n<\/ul>\n<hr data-start=\"5624\" data-end=\"5627\" \/>\n<h3 data-start=\"5629\" data-end=\"5664\"><strong data-start=\"5633\" data-end=\"5664\">\u010casto kladen\u00e9 ot\u00e1zky (FAQ)<\/strong><\/h3>\n<p data-start=\"5666\" data-end=\"5841\"><strong data-start=\"5666\" data-end=\"5720\">1. K \u010demu se pou\u017e\u00edvaj\u00ed 1mg sav\u00e9 tampony Etizolam?<\/strong><br data-start=\"5720\" data-end=\"5723\" \/>Etizolam 1mg blottery se pou\u017e\u00edvaj\u00ed v <strong data-start=\"5764\" data-end=\"5806\">analytick\u00fd a farmakologick\u00fd v\u00fdzkum<\/strong> k interakc\u00edm s receptory GABA-A.<\/p>\n<p data-start=\"5843\" data-end=\"6029\"><strong data-start=\"5843\" data-end=\"5903\">2. Jsou Etizolam Blotters bezpe\u010dn\u00e9 pro lidsk\u00e9 pou\u017eit\u00ed?<\/strong><br data-start=\"5903\" data-end=\"5906\" \/>Ne. Tyto pijavice jsou <strong data-start=\"5930\" data-end=\"5979\">ur\u010den\u00e9 pouze pro v\u00fdzkumn\u00e9 \u00fa\u010dely<\/strong> a nen\u00ed schv\u00e1leno pro lidskou spot\u0159ebu.<\/p>\n<p data-start=\"6031\" data-end=\"6169\"><strong data-start=\"6031\" data-end=\"6082\">3. Jak by se m\u011bly skladovat Etizolamov\u00e9 blottery?<\/strong><br data-start=\"6082\" data-end=\"6085\" \/>Skladujte v <strong data-start=\"6100\" data-end=\"6135\">obal bez sv\u011btla a vlhkosti<\/strong> p\u0159i pokojov\u00e9 teplot\u011b (15\u201325 \u00b0C).<\/p>","protected":false},"excerpt":{"rendered":"<h2><strong><span dir=\"auto\" style=\"vertical-align: inherit;\"><span dir=\"auto\" style=\"vertical-align: inherit;\">Etizolam 1mg Blotters<\/span><\/span><\/strong><\/h2>\n<p><span dir=\"auto\" style=\"vertical-align: inherit;\"><span dir=\"auto\" style=\"vertical-align: inherit;\">CAS Number: 40054-69-1 <\/span><\/span><br \/>\n<span dir=\"auto\" style=\"vertical-align: inherit;\"><span dir=\"auto\" style=\"vertical-align: inherit;\">Formula: 4-(2-chlorophenyl)-2-ethyl-9-methyl-6H-thieno[3,2-f][1,2,4]triazolo[4,3-a][1,4]diazepine <\/span><\/span><br \/>\n<span dir=\"auto\" style=\"vertical-align: inherit;\"><span dir=\"auto\" style=\"vertical-align: inherit;\">Molecular mass: 342.8 g\/mol <\/span><\/span><br \/>\n<span dir=\"auto\" style=\"vertical-align: inherit;\"><span dir=\"auto\" style=\"vertical-align: inherit;\">Purity: \u2265 99%<\/span><\/span><\/p>\n","protected":false},"featured_media":29329,"comment_status":"closed","ping_status":"closed","template":"","meta":[],"product_brand":[82],"product_cat":[488],"product_tag":[917,922,1130,326],"class_list":{"0":"post-23304","1":"product","2":"type-product","3":"status-publish","4":"has-post-thumbnail","6":"product_brand-research-chemical","7":"product_cat-verboden","8":"product_tag-etizolam","9":"product_tag-etizolam-blotters","10":"product_tag-etizolam-kopen","11":"product_tag-nl","13":"first","14":"instock","15":"taxable","16":"shipping-taxable","17":"purchasable","18":"product-type-simple"},"_links":{"self":[{"href":"https:\/\/onderzoekschemicals.com\/cs\/wp-json\/wp\/v2\/product\/23304","targetHints":{"allow":["GET"]}}],"collection":[{"href":"https:\/\/onderzoekschemicals.com\/cs\/wp-json\/wp\/v2\/product"}],"about":[{"href":"https:\/\/onderzoekschemicals.com\/cs\/wp-json\/wp\/v2\/types\/product"}],"replies":[{"embeddable":true,"href":"https:\/\/onderzoekschemicals.com\/cs\/wp-json\/wp\/v2\/comments?post=23304"}],"version-history":[{"count":6,"href":"https:\/\/onderzoekschemicals.com\/cs\/wp-json\/wp\/v2\/product\/23304\/revisions"}],"predecessor-version":[{"id":28043,"href":"https:\/\/onderzoekschemicals.com\/cs\/wp-json\/wp\/v2\/product\/23304\/revisions\/28043"}],"wp:featuredmedia":[{"embeddable":true,"href":"https:\/\/onderzoekschemicals.com\/cs\/wp-json\/wp\/v2\/media\/29329"}],"wp:attachment":[{"href":"https:\/\/onderzoekschemicals.com\/cs\/wp-json\/wp\/v2\/media?parent=23304"}],"wp:term":[{"taxonomy":"product_brand","embeddable":true,"href":"https:\/\/onderzoekschemicals.com\/cs\/wp-json\/wp\/v2\/product_brand?post=23304"},{"taxonomy":"product_cat","embeddable":true,"href":"https:\/\/onderzoekschemicals.com\/cs\/wp-json\/wp\/v2\/product_cat?post=23304"},{"taxonomy":"product_tag","embeddable":true,"href":"https:\/\/onderzoekschemicals.com\/cs\/wp-json\/wp\/v2\/product_tag?post=23304"}],"curies":[{"name":"wp","href":"https:\/\/api.w.org\/{rel}","templated":true}]}}