{"id":23266,"date":"2025-04-13T17:39:27","date_gmt":"2025-04-13T17:39:27","guid":{"rendered":"https:\/\/onderzoekschemicals.com\/?post_type=product&#038;p=23266"},"modified":"2025-11-28T14:51:35","modified_gmt":"2025-11-28T14:51:35","slug":"o-pce","status":"publish","type":"product","link":"https:\/\/onderzoekschemicals.com\/cs\/shop\/arylcyclohexylamine\/o-pce\/","title":{"rendered":"O-PCE"},"content":{"rendered":"<h1><span dir=\"auto\" style=\"vertical-align: inherit;\"><span dir=\"auto\" style=\"vertical-align: inherit;\"><span dir=\"auto\" style=\"vertical-align: inherit;\"><span dir=\"auto\" style=\"vertical-align: inherit;\">O-PCE \u2013 Komplexn\u00ed informace o produktech pro v\u011bdeck\u00fd v\u00fdzkum<\/span><\/span><\/span><\/span><\/h1>\n<p data-start=\"6501\" data-end=\"6751\"><strong data-start=\"6501\" data-end=\"6510\"><span dir=\"auto\" style=\"vertical-align: inherit;\"><span dir=\"auto\" style=\"vertical-align: inherit;\">O-PCE<\/span><\/span><\/strong><span dir=\"auto\" style=\"vertical-align: inherit;\"><span dir=\"auto\" style=\"vertical-align: inherit;\"> , tak\u00e9 zn\u00e1m\u00fd jako <\/span><\/span><strong data-start=\"6531\" data-end=\"6545\"><span dir=\"auto\" style=\"vertical-align: inherit;\"><span dir=\"auto\" style=\"vertical-align: inherit;\">2\u2032-Oxo-PCE<\/span><\/span><\/strong><span dir=\"auto\" style=\"vertical-align: inherit;\"><span dir=\"auto\" style=\"vertical-align: inherit;\"> nebo <\/span><\/span><strong data-start=\"6549\" data-end=\"6565\"><span dir=\"auto\" style=\"vertical-align: inherit;\"><span dir=\"auto\" style=\"vertical-align: inherit;\">Eticyklidon<\/span><\/span><\/strong><span dir=\"auto\" style=\"vertical-align: inherit;\"><span dir=\"auto\" style=\"vertical-align: inherit;\"> , je <\/span><\/span><strong data-start=\"6574\" data-end=\"6602\"><span dir=\"auto\" style=\"vertical-align: inherit;\"><span dir=\"auto\" style=\"vertical-align: inherit;\">disociativn\u00ed slou\u010denina<\/span><\/span><\/strong><span dir=\"auto\" style=\"vertical-align: inherit;\"><span dir=\"auto\" style=\"vertical-align: inherit;\"> v <\/span><\/span><strong data-start=\"6610\" data-end=\"6640\"><span dir=\"auto\" style=\"vertical-align: inherit;\"><span dir=\"auto\" style=\"vertical-align: inherit;\">rodina arylcyklohexylamin\u016f<\/span><\/span><\/strong><span dir=\"auto\" style=\"vertical-align: inherit;\"><span dir=\"auto\" style=\"vertical-align: inherit;\"> Struktur\u00e1ln\u011b to souvis\u00ed s <\/span><\/span><strong data-start=\"6673\" data-end=\"6685\"><span dir=\"auto\" style=\"vertical-align: inherit;\"><span dir=\"auto\" style=\"vertical-align: inherit;\">ketamin<\/span><\/span><\/strong><span dir=\"auto\" style=\"vertical-align: inherit;\"><span dir=\"auto\" style=\"vertical-align: inherit;\"> a <\/span><\/span><strong data-start=\"6689\" data-end=\"6696\"><span dir=\"auto\" style=\"vertical-align: inherit;\"><span dir=\"auto\" style=\"vertical-align: inherit;\">PCE<\/span><\/span><\/strong><span dir=\"auto\" style=\"vertical-align: inherit;\"><span dir=\"auto\" style=\"vertical-align: inherit;\"> , p\u0159i\u010dem\u017e oba funguj\u00ed jako <\/span><\/span><strong data-start=\"6719\" data-end=\"6748\"><span dir=\"auto\" style=\"vertical-align: inherit;\"><span dir=\"auto\" style=\"vertical-align: inherit;\">Antagonist\u00e9 NMDA receptor\u016f<\/span><\/span><\/strong><span dir=\"auto\" style=\"vertical-align: inherit;\"><span dir=\"auto\" style=\"vertical-align: inherit;\"> . <\/span><\/span><span class=\"___SBox_epc1q-ko_ ___SText_zko9t-ko_\" data-ui-name=\"Link.Text\"><span dir=\"auto\" style=\"vertical-align: inherit;\"><span dir=\"auto\" style=\"vertical-align: inherit;\">o-pce<\/span><\/span><\/span><\/p>\n<p data-start=\"6753\" data-end=\"7049\"><span dir=\"auto\" style=\"vertical-align: inherit;\"><span dir=\"auto\" style=\"vertical-align: inherit;\">A\u010dkoli je O-PCE n\u011bkdy spojov\u00e1n s <\/span><\/span><strong data-start=\"6798\" data-end=\"6836\"><span dir=\"auto\" style=\"vertical-align: inherit;\"><span dir=\"auto\" style=\"vertical-align: inherit;\">nov\u00e9 psychoaktivn\u00ed l\u00e1tky (NPS)<\/span><\/span><\/strong><span dir=\"auto\" style=\"vertical-align: inherit;\"><span dir=\"auto\" style=\"vertical-align: inherit;\"> , je to <\/span><\/span><strong data-start=\"6845\" data-end=\"6900\"><span dir=\"auto\" style=\"vertical-align: inherit;\"><span dir=\"auto\" style=\"vertical-align: inherit;\">nen\u00ed schv\u00e1leno pro pou\u017eit\u00ed u lid\u00ed ani zv\u00ed\u0159at<\/span><\/span><\/strong><span dir=\"auto\" style=\"vertical-align: inherit;\"><span dir=\"auto\" style=\"vertical-align: inherit;\"> Studuje se za \u00fa\u010delem lep\u0161\u00edho pochopen\u00ed <\/span><\/span><strong data-start=\"6953\" data-end=\"6997\"><span dir=\"auto\" style=\"vertical-align: inherit;\"><span dir=\"auto\" style=\"vertical-align: inherit;\">vazba na receptor, chemick\u00e9 vlastnosti<\/span><\/span><\/strong><span dir=\"auto\" style=\"vertical-align: inherit;\"><span dir=\"auto\" style=\"vertical-align: inherit;\"> a <\/span><\/span><strong data-start=\"7001\" data-end=\"7048\"><span dir=\"auto\" style=\"vertical-align: inherit;\"><span dir=\"auto\" style=\"vertical-align: inherit;\">detek\u010dn\u00ed metody ve forenzn\u00edch laborato\u0159\u00edch<\/span><\/span><\/strong><span dir=\"auto\" style=\"vertical-align: inherit;\"><span dir=\"auto\" style=\"vertical-align: inherit;\"> .<\/span><\/span><\/p>\n<hr data-start=\"7051\" data-end=\"7054\" \/>\n<h2 data-start=\"7056\" data-end=\"7103\"><strong data-start=\"7059\" data-end=\"7103\"><span dir=\"auto\" style=\"vertical-align: inherit;\"><span dir=\"auto\" style=\"vertical-align: inherit;\">Chemick\u00e9 a farmakologick\u00e9 pozad\u00ed<\/span><\/span><\/strong><\/h2>\n<p data-start=\"7105\" data-end=\"7128\"><strong data-start=\"7105\" data-end=\"7128\"><span dir=\"auto\" style=\"vertical-align: inherit;\"><span dir=\"auto\" style=\"vertical-align: inherit;\">Chemick\u00e9 \u00fadaje:<\/span><\/span><\/strong><\/p>\n<ul data-start=\"7129\" data-end=\"7361\">\n<li data-start=\"7129\" data-end=\"7194\">\n<p data-start=\"7131\" data-end=\"7194\"><strong data-start=\"7131\" data-end=\"7146\"><span dir=\"auto\" style=\"vertical-align: inherit;\"><span dir=\"auto\" style=\"vertical-align: inherit;\">N\u00e1zev IUPAC:<\/span><\/span><\/strong><span dir=\"auto\" style=\"vertical-align: inherit;\"><span dir=\"auto\" style=\"vertical-align: inherit;\"> N-ethyl-1-(2-oxo-2-fenylethyl)cyklohexanamin<\/span><\/span><\/p>\n<\/li>\n<li data-start=\"7195\" data-end=\"7228\">\n<p data-start=\"7197\" data-end=\"7228\"><strong data-start=\"7197\" data-end=\"7217\"><span dir=\"auto\" style=\"vertical-align: inherit;\"><span dir=\"auto\" style=\"vertical-align: inherit;\">Molekul\u00e1rn\u00ed vzorec:<\/span><\/span><\/strong><span dir=\"auto\" style=\"vertical-align: inherit;\"><span dir=\"auto\" style=\"vertical-align: inherit;\"> C14H21NO<\/span><\/span><\/p>\n<\/li>\n<li data-start=\"7229\" data-end=\"7265\">\n<p data-start=\"7231\" data-end=\"7265\"><strong data-start=\"7231\" data-end=\"7249\"><span dir=\"auto\" style=\"vertical-align: inherit;\"><span dir=\"auto\" style=\"vertical-align: inherit;\">Molekulov\u00e1 hmotnost:<\/span><\/span><\/strong><span dir=\"auto\" style=\"vertical-align: inherit;\"><span dir=\"auto\" style=\"vertical-align: inherit;\"> \u00b1219,32 g\/mol<\/span><\/span><\/p>\n<\/li>\n<li data-start=\"7266\" data-end=\"7312\">\n<p data-start=\"7268\" data-end=\"7312\"><strong data-start=\"7268\" data-end=\"7289\"><span dir=\"auto\" style=\"vertical-align: inherit;\"><span dir=\"auto\" style=\"vertical-align: inherit;\">Chemick\u00e1 t\u0159\u00edda:<\/span><\/span><\/strong><span dir=\"auto\" style=\"vertical-align: inherit;\"><span dir=\"auto\" style=\"vertical-align: inherit;\"> Arylcyklohexylaminy<\/span><\/span><\/p>\n<\/li>\n<li data-start=\"7313\" data-end=\"7361\">\n<p data-start=\"7315\" data-end=\"7361\"><strong data-start=\"7315\" data-end=\"7335\"><span dir=\"auto\" style=\"vertical-align: inherit;\"><span dir=\"auto\" style=\"vertical-align: inherit;\">P\u016fsoben\u00ed receptoru:<\/span><\/span><\/strong><span dir=\"auto\" style=\"vertical-align: inherit;\"><span dir=\"auto\" style=\"vertical-align: inherit;\"> Antagonista NMDA receptoru<\/span><\/span><\/p>\n<\/li>\n<\/ul>\n<p data-start=\"7363\" data-end=\"7534\"><span dir=\"auto\" style=\"vertical-align: inherit;\"><span dir=\"auto\" style=\"vertical-align: inherit;\">Ten\/Ta\/To <\/span><\/span><strong data-start=\"7366\" data-end=\"7379\"><span dir=\"auto\" style=\"vertical-align: inherit;\"><span dir=\"auto\" style=\"vertical-align: inherit;\">oxo skupina<\/span><\/span><\/strong><span dir=\"auto\" style=\"vertical-align: inherit;\"><span dir=\"auto\" style=\"vertical-align: inherit;\"> v molekul\u00e1rn\u00ed struktu\u0159e \u010din\u00ed z O-PCE zaj\u00edmav\u00fd objekt studia pro <\/span><\/span><strong data-start=\"7454\" data-end=\"7501\"><span dir=\"auto\" style=\"vertical-align: inherit;\"><span dir=\"auto\" style=\"vertical-align: inherit;\">farmakologick\u00e9 a analytick\u00e9 srovn\u00e1n\u00ed<\/span><\/span><\/strong><span dir=\"auto\" style=\"vertical-align: inherit;\"><span dir=\"auto\" style=\"vertical-align: inherit;\"> s l\u00e1tkami, jako je PCP a ketamin.<\/span><\/span><\/p>\n<hr data-start=\"7536\" data-end=\"7539\" \/>\n<h2 data-start=\"7541\" data-end=\"7581\"><strong data-start=\"7544\" data-end=\"7581\"><span dir=\"auto\" style=\"vertical-align: inherit;\"><span dir=\"auto\" style=\"vertical-align: inherit;\">Kl\u00ed\u010dov\u00e9 studijn\u00ed vlastnosti<\/span><\/span><\/strong><\/h2>\n<ul data-start=\"7583\" data-end=\"7825\">\n<li data-start=\"7583\" data-end=\"7632\">\n<p data-start=\"7585\" data-end=\"7632\"><strong data-start=\"7585\" data-end=\"7609\"><span dir=\"auto\" style=\"vertical-align: inherit;\"><span dir=\"auto\" style=\"vertical-align: inherit;\">Struktur\u00e1ln\u00ed analogie<\/span><\/span><\/strong><span dir=\"auto\" style=\"vertical-align: inherit;\"><span dir=\"auto\" style=\"vertical-align: inherit;\"> s ketaminem a PCE.<\/span><\/span><\/p>\n<\/li>\n<li data-start=\"7633\" data-end=\"7690\">\n<p data-start=\"7635\" data-end=\"7690\"><strong data-start=\"7635\" data-end=\"7661\"><span dir=\"auto\" style=\"vertical-align: inherit;\"><span dir=\"auto\" style=\"vertical-align: inherit;\">Forenzn\u00ed relevance<\/span><\/span><\/strong><span dir=\"auto\" style=\"vertical-align: inherit;\"><span dir=\"auto\" style=\"vertical-align: inherit;\"> p\u0159i identifikaci NPS. <\/span><\/span><span class=\"___SBox_epc1q-ko_ ___SText_zko9t-ko_\" data-ui-name=\"Link.Text\"><span dir=\"auto\" style=\"vertical-align: inherit;\"><span dir=\"auto\" style=\"vertical-align: inherit;\">o-pce<\/span><\/span><\/span><\/p>\n<\/li>\n<li data-start=\"7691\" data-end=\"7745\">\n<p data-start=\"7693\" data-end=\"7745\"><strong data-start=\"7693\" data-end=\"7721\"><span dir=\"auto\" style=\"vertical-align: inherit;\"><span dir=\"auto\" style=\"vertical-align: inherit;\">V\u011bdeck\u00e1 hodnota<\/span><\/span><\/strong><span dir=\"auto\" style=\"vertical-align: inherit;\"><span dir=\"auto\" style=\"vertical-align: inherit;\"> ve v\u00fdzkumu receptor\u016f.<\/span><\/span><\/p>\n<\/li>\n<li data-start=\"7746\" data-end=\"7825\">\n<p data-start=\"7748\" data-end=\"7825\"><strong data-start=\"7748\" data-end=\"7771\"><span dir=\"auto\" style=\"vertical-align: inherit;\"><span dir=\"auto\" style=\"vertical-align: inherit;\">Referen\u010dn\u00ed materi\u00e1l<\/span><\/span><\/strong><span dir=\"auto\" style=\"vertical-align: inherit;\"><span dir=\"auto\" style=\"vertical-align: inherit;\"> pro chromatografickou a spektroskopickou anal\u00fdzu.<\/span><\/span><\/p>\n<\/li>\n<\/ul>\n<hr data-start=\"7827\" data-end=\"7830\" \/>\n<h2 data-start=\"7832\" data-end=\"7859\"><strong data-start=\"7835\" data-end=\"7859\"><span dir=\"auto\" style=\"vertical-align: inherit;\"><span dir=\"auto\" style=\"vertical-align: inherit;\">V\u00fdzkumn\u00e9 \u00fa\u010dely<\/span><\/span><\/strong><\/h2>\n<p data-start=\"7861\" data-end=\"7889\"><span dir=\"auto\" style=\"vertical-align: inherit;\"><span dir=\"auto\" style=\"vertical-align: inherit;\">O-PCE je vy\u0161et\u0159ov\u00e1n z d\u016fvodu:<\/span><\/span><\/p>\n<ul data-start=\"7890\" data-end=\"8150\">\n<li data-start=\"7890\" data-end=\"7948\">\n<p data-start=\"7892\" data-end=\"7948\"><strong data-start=\"7892\" data-end=\"7921\"><span dir=\"auto\" style=\"vertical-align: inherit;\"><span dir=\"auto\" style=\"vertical-align: inherit;\">Forenzn\u00ed identifikace<\/span><\/span><\/strong><span dir=\"auto\" style=\"vertical-align: inherit;\"><span dir=\"auto\" style=\"vertical-align: inherit;\"> v biologick\u00fdch vzorc\u00edch.<\/span><\/span><\/p>\n<\/li>\n<li data-start=\"7949\" data-end=\"8010\">\n<p data-start=\"7951\" data-end=\"8010\"><strong data-start=\"7951\" data-end=\"7977\"><span dir=\"auto\" style=\"vertical-align: inherit;\"><span dir=\"auto\" style=\"vertical-align: inherit;\">Analytick\u00e1 kalibrace<\/span><\/span><\/strong><span dir=\"auto\" style=\"vertical-align: inherit;\"><span dir=\"auto\" style=\"vertical-align: inherit;\"> za\u0159\u00edzen\u00ed pro GC-MS a LC-MS.<\/span><\/span><\/p>\n<\/li>\n<li data-start=\"8011\" data-end=\"8068\">\n<p data-start=\"8013\" data-end=\"8068\"><strong data-start=\"8013\" data-end=\"8030\"><span dir=\"auto\" style=\"vertical-align: inherit;\"><span dir=\"auto\" style=\"vertical-align: inherit;\">SAR<\/span><\/span><\/strong><span dir=\"auto\" style=\"vertical-align: inherit;\"><span dir=\"auto\" style=\"vertical-align: inherit;\"> (v\u00fdzkum vztah\u016f mezi strukturou a aktivitou).<\/span><\/span><\/p>\n<\/li>\n<li data-start=\"8069\" data-end=\"8150\">\n<p data-start=\"8071\" data-end=\"8150\"><strong data-start=\"8071\" data-end=\"8118\"><span dir=\"auto\" style=\"vertical-align: inherit;\"><span dir=\"auto\" style=\"vertical-align: inherit;\">Monitorov\u00e1n\u00ed nov\u00fdch psychoaktivn\u00edch l\u00e1tek<\/span><\/span><\/strong><span dir=\"auto\" style=\"vertical-align: inherit;\"><span dir=\"auto\" style=\"vertical-align: inherit;\"> ve v\u00fdzkumu ve\u0159ejn\u00e9ho zdrav\u00ed.<\/span><\/span><\/p>\n<\/li>\n<\/ul>\n<hr data-start=\"8152\" data-end=\"8155\" \/>\n<h2 data-start=\"8157\" data-end=\"8201\"><strong data-start=\"8160\" data-end=\"8201\"><span dir=\"auto\" style=\"vertical-align: inherit;\"><span dir=\"auto\" style=\"vertical-align: inherit;\">Bezpe\u010dnostn\u00ed a pr\u00e1vn\u00ed aspekty<\/span><\/span><\/strong><\/h2>\n<p data-start=\"8203\" data-end=\"8220\"><strong data-start=\"8203\" data-end=\"8218\"><span dir=\"auto\" style=\"vertical-align: inherit;\"><span dir=\"auto\" style=\"vertical-align: inherit;\">Bezpe\u010dnost:<\/span><\/span><\/strong><\/p>\n<ul data-start=\"8221\" data-end=\"8511\">\n<li data-start=\"8221\" data-end=\"8279\">\n<p data-start=\"8223\" data-end=\"8279\"><span dir=\"auto\" style=\"vertical-align: inherit;\"><span dir=\"auto\" style=\"vertical-align: inherit;\">Pro manipulaci <\/span><\/span><strong data-start=\"8244\" data-end=\"8276\"><span dir=\"auto\" style=\"vertical-align: inherit;\"><span dir=\"auto\" style=\"vertical-align: inherit;\">kvalifikovan\u00ed v\u00fdzkumn\u00edci<\/span><\/span><\/strong><span dir=\"auto\" style=\"vertical-align: inherit;\"><span dir=\"auto\" style=\"vertical-align: inherit;\"> pouze .<\/span><\/span><\/p>\n<\/li>\n<li data-start=\"8280\" data-end=\"8352\">\n<p data-start=\"8282\" data-end=\"8352\"><span dir=\"auto\" style=\"vertical-align: inherit;\"><span dir=\"auto\" style=\"vertical-align: inherit;\">Nosit <\/span><\/span><strong data-start=\"8288\" data-end=\"8349\"><span dir=\"auto\" style=\"vertical-align: inherit;\"><span dir=\"auto\" style=\"vertical-align: inherit;\">ochrann\u00fd od\u011bv, rukavice a ochrann\u00e9 br\u00fdle<\/span><\/span><\/strong><span dir=\"auto\" style=\"vertical-align: inherit;\"><span dir=\"auto\" style=\"vertical-align: inherit;\"> .<\/span><\/span><\/p>\n<\/li>\n<li data-start=\"8353\" data-end=\"8401\">\n<p data-start=\"8355\" data-end=\"8401\"><span dir=\"auto\" style=\"vertical-align: inherit;\"><span dir=\"auto\" style=\"vertical-align: inherit;\">Zabra\u0148te kontaktu s k\u016f\u017e\u00ed nebo vdechnut\u00ed.<\/span><\/span><\/p>\n<\/li>\n<li data-start=\"8402\" data-end=\"8463\">\n<p data-start=\"8404\" data-end=\"8463\"><span dir=\"auto\" style=\"vertical-align: inherit;\"><span dir=\"auto\" style=\"vertical-align: inherit;\">Uskladn\u011bte produkt <\/span><\/span><strong data-start=\"8423\" data-end=\"8460\"><span dir=\"auto\" style=\"vertical-align: inherit;\"><span dir=\"auto\" style=\"vertical-align: inherit;\">uzav\u0159en\u00e9 a p\u0159i pokojov\u00e9 teplot\u011b<\/span><\/span><\/strong><span dir=\"auto\" style=\"vertical-align: inherit;\"><span dir=\"auto\" style=\"vertical-align: inherit;\"> .<\/span><\/span><\/p>\n<\/li>\n<li data-start=\"8464\" data-end=\"8511\">\n<p data-start=\"8466\" data-end=\"8511\"><span dir=\"auto\" style=\"vertical-align: inherit;\"><span dir=\"auto\" style=\"vertical-align: inherit;\">Odpad zlikvidujte v souladu s <\/span><\/span><strong data-start=\"8488\" data-end=\"8510\"><span dir=\"auto\" style=\"vertical-align: inherit;\"><span dir=\"auto\" style=\"vertical-align: inherit;\">m\u00edstn\u00ed p\u0159edpisy<\/span><\/span><\/strong><span dir=\"auto\" style=\"vertical-align: inherit;\"><span dir=\"auto\" style=\"vertical-align: inherit;\"> .<\/span><\/span><\/p>\n<\/li>\n<\/ul>\n<p data-start=\"8513\" data-end=\"8674\"><strong data-start=\"8513\" data-end=\"8535\"><span dir=\"auto\" style=\"vertical-align: inherit;\"><span dir=\"auto\" style=\"vertical-align: inherit;\">Pr\u00e1vn\u00ed status:<\/span><\/span><\/strong><br data-start=\"8535\" data-end=\"8538\" \/><span dir=\"auto\" style=\"vertical-align: inherit;\"><span dir=\"auto\" style=\"vertical-align: inherit;\"> O-PCE je regulov\u00e1no podle <\/span><\/span><strong data-start=\"8573\" data-end=\"8606\"><span dir=\"auto\" style=\"vertical-align: inherit;\"><span dir=\"auto\" style=\"vertical-align: inherit;\">Z\u00e1kon o opiu nebo analogick\u00e9 pr\u00e1vn\u00ed p\u0159edpisy<\/span><\/span><\/strong><span dir=\"auto\" style=\"vertical-align: inherit;\"><span dir=\"auto\" style=\"vertical-align: inherit;\"> v mnoha zem\u00edch. Pouze <\/span><\/span><strong data-start=\"8615\" data-end=\"8639\"><span dir=\"auto\" style=\"vertical-align: inherit;\"><span dir=\"auto\" style=\"vertical-align: inherit;\">licencovan\u00e9 laborato\u0159e<\/span><\/span><\/strong><span dir=\"auto\" style=\"vertical-align: inherit;\"><span dir=\"auto\" style=\"vertical-align: inherit;\"> m\u016f\u017ee ho vlastnit nebo testovat.<\/span><\/span><\/p>\n<hr data-start=\"8676\" data-end=\"8679\" \/>\n<h2 data-start=\"8681\" data-end=\"8715\"><strong data-start=\"8684\" data-end=\"8715\"><span dir=\"auto\" style=\"vertical-align: inherit;\"><span dir=\"auto\" style=\"vertical-align: inherit;\">\u010casto kladen\u00e9 ot\u00e1zky (FAQ)<\/span><\/span><\/strong><\/h2>\n<h3 data-start=\"8717\" data-end=\"8760\"><strong data-start=\"8721\" data-end=\"8760\"><span dir=\"auto\" style=\"vertical-align: inherit;\"><span dir=\"auto\" style=\"vertical-align: inherit;\">1. K \u010demu se O-PCE zkoum\u00e1?<\/span><\/span><\/strong><\/h3>\n<p data-start=\"8761\" data-end=\"8859\"><span dir=\"auto\" style=\"vertical-align: inherit;\"><span dir=\"auto\" style=\"vertical-align: inherit;\">O-PCE se pou\u017e\u00edv\u00e1 v <\/span><\/span><strong data-start=\"8785\" data-end=\"8827\"><span dir=\"auto\" style=\"vertical-align: inherit;\"><span dir=\"auto\" style=\"vertical-align: inherit;\">forenzn\u00ed a farmakologick\u00fd v\u00fdzkum<\/span><\/span><\/strong><span dir=\"auto\" style=\"vertical-align: inherit;\"><span dir=\"auto\" style=\"vertical-align: inherit;\"> na antagonisty NMDA receptor\u016f.<\/span><\/span><\/p>\n<h3 data-start=\"8861\" data-end=\"8888\"><strong data-start=\"8865\" data-end=\"8888\"><span dir=\"auto\" style=\"vertical-align: inherit;\"><span dir=\"auto\" style=\"vertical-align: inherit;\">2. Je O-PCE leg\u00e1ln\u00ed?<\/span><\/span><\/strong><\/h3>\n<p data-start=\"8889\" data-end=\"8974\"><span dir=\"auto\" style=\"vertical-align: inherit;\"><span dir=\"auto\" style=\"vertical-align: inherit;\">Ve v\u011bt\u0161in\u011b zem\u00ed je O-PCE <\/span><\/span><strong data-start=\"8918\" data-end=\"8945\"><span dir=\"auto\" style=\"vertical-align: inherit;\"><span dir=\"auto\" style=\"vertical-align: inherit;\">zak\u00e1zan\u00e9 nebo regulovan\u00e9<\/span><\/span><\/strong><span dir=\"auto\" style=\"vertical-align: inherit;\"><span dir=\"auto\" style=\"vertical-align: inherit;\"> jako kontrolovan\u00e1 l\u00e1tka.<\/span><\/span><\/p>\n<h3 data-start=\"8976\" data-end=\"9026\"><strong data-start=\"8980\" data-end=\"9026\"><span dir=\"auto\" style=\"vertical-align: inherit;\"><span dir=\"auto\" style=\"vertical-align: inherit;\">3. Jak lze bezpe\u010dn\u011b manipulovat s O-PCE?<\/span><\/span><\/strong><\/h3>\n<p data-start=\"9027\" data-end=\"9151\"><span dir=\"auto\" style=\"vertical-align: inherit;\"><span dir=\"auto\" style=\"vertical-align: inherit;\">Pouze <\/span><\/span><strong data-start=\"9034\" data-end=\"9064\"><span dir=\"auto\" style=\"vertical-align: inherit;\"><span dir=\"auto\" style=\"vertical-align: inherit;\">profesion\u00e1ln\u00ed v\u00fdzkumn\u00edci<\/span><\/span><\/strong><span dir=\"auto\" style=\"vertical-align: inherit;\"><span dir=\"auto\" style=\"vertical-align: inherit;\"> V laboratorn\u00edm prost\u0159ed\u00ed by m\u011bl b\u00fdt O-PCE pou\u017e\u00edv\u00e1n v souladu s p\u0159\u00edslu\u0161n\u00fdmi bezpe\u010dnostn\u00edmi protokoly.<\/span><\/span><\/p>","protected":false},"excerpt":{"rendered":"<h3><span dir=\"auto\" style=\"vertical-align: inherit;\"><span dir=\"auto\" style=\"vertical-align: inherit;\"><span dir=\"auto\" style=\"vertical-align: inherit;\"><span dir=\"auto\" style=\"vertical-align: inherit;\">Vlastnosti O-PCE<\/span><\/span><\/span><\/span><\/h3>\n<p><strong><span dir=\"auto\" style=\"vertical-align: inherit;\"><span dir=\"auto\" style=\"vertical-align: inherit;\"><span dir=\"auto\" style=\"vertical-align: inherit;\"><span dir=\"auto\" style=\"vertical-align: inherit;\">Synonymum:<\/span><\/span><\/span><\/span><\/strong><span dir=\"auto\" style=\"vertical-align: inherit;\"><span dir=\"auto\" style=\"vertical-align: inherit;\"><span dir=\"auto\" style=\"vertical-align: inherit;\"><span dir=\"auto\" style=\"vertical-align: inherit;\"> 2&#039;-oxo-PCE, eticyklidon hydrochlorid <\/span><\/span><\/span><\/span><br \/>\n<strong><span dir=\"auto\" style=\"vertical-align: inherit;\"><span dir=\"auto\" style=\"vertical-align: inherit;\"><span dir=\"auto\" style=\"vertical-align: inherit;\"><span dir=\"auto\" style=\"vertical-align: inherit;\">\u010c\u00edslo CAS:<\/span><\/span><\/span><\/span><\/strong><span dir=\"auto\" style=\"vertical-align: inherit;\"><span dir=\"auto\" style=\"vertical-align: inherit;\"><span dir=\"auto\" style=\"vertical-align: inherit;\"><span dir=\"auto\" style=\"vertical-align: inherit;\"> 4551-92-2 <\/span><\/span><\/span><\/span><br \/>\n<strong><span dir=\"auto\" style=\"vertical-align: inherit;\"><span dir=\"auto\" style=\"vertical-align: inherit;\"><span dir=\"auto\" style=\"vertical-align: inherit;\"><span dir=\"auto\" style=\"vertical-align: inherit;\">Vzorec:<\/span><\/span><\/span><\/span><\/strong><span dir=\"auto\" style=\"vertical-align: inherit;\"><span dir=\"auto\" style=\"vertical-align: inherit;\"><span dir=\"auto\" style=\"vertical-align: inherit;\"><span dir=\"auto\" style=\"vertical-align: inherit;\"> 2-(ethylamino)-2-fenyl-cyklohexanon hydrochlorid <\/span><\/span><\/span><\/span><br \/>\n<strong><span dir=\"auto\" style=\"vertical-align: inherit;\"><span dir=\"auto\" style=\"vertical-align: inherit;\"><span dir=\"auto\" style=\"vertical-align: inherit;\"><span dir=\"auto\" style=\"vertical-align: inherit;\">Mol\u00e1rn\u00ed hmotnost:<\/span><\/span><\/span><\/span><\/strong><span dir=\"auto\" style=\"vertical-align: inherit;\"><span dir=\"auto\" style=\"vertical-align: inherit;\"><span dir=\"auto\" style=\"vertical-align: inherit;\"><span dir=\"auto\" style=\"vertical-align: inherit;\"> 253,8 g\/mol <\/span><\/span><\/span><\/span><br \/>\n<strong><span dir=\"auto\" style=\"vertical-align: inherit;\"><span dir=\"auto\" style=\"vertical-align: inherit;\"><span dir=\"auto\" style=\"vertical-align: inherit;\"><span dir=\"auto\" style=\"vertical-align: inherit;\">\u010cistota:<\/span><\/span><\/span><\/span><\/strong><span dir=\"auto\" style=\"vertical-align: inherit;\"><span dir=\"auto\" style=\"vertical-align: inherit;\"><span dir=\"auto\" style=\"vertical-align: inherit;\"><span dir=\"auto\" style=\"vertical-align: inherit;\"> &gt;97%<\/span><\/span><\/span><\/span><\/p>","protected":false},"featured_media":29393,"comment_status":"closed","ping_status":"closed","template":"","meta":[],"product_brand":[82],"product_cat":[71,425],"product_tag":[326,738,1184],"class_list":{"0":"post-23266","1":"product","2":"type-product","3":"status-publish","4":"has-post-thumbnail","6":"product_brand-research-chemical","7":"product_cat-arylcyclohexylamine","8":"product_cat-o-pce","9":"product_tag-nl","10":"product_tag-o-pce","11":"product_tag-o-pce-kopen","13":"first","14":"instock","15":"taxable","16":"shipping-taxable","17":"purchasable","18":"product-type-variable"},"_links":{"self":[{"href":"https:\/\/onderzoekschemicals.com\/cs\/wp-json\/wp\/v2\/product\/23266","targetHints":{"allow":["GET"]}}],"collection":[{"href":"https:\/\/onderzoekschemicals.com\/cs\/wp-json\/wp\/v2\/product"}],"about":[{"href":"https:\/\/onderzoekschemicals.com\/cs\/wp-json\/wp\/v2\/types\/product"}],"replies":[{"embeddable":true,"href":"https:\/\/onderzoekschemicals.com\/cs\/wp-json\/wp\/v2\/comments?post=23266"}],"version-history":[{"count":6,"href":"https:\/\/onderzoekschemicals.com\/cs\/wp-json\/wp\/v2\/product\/23266\/revisions"}],"predecessor-version":[{"id":28754,"href":"https:\/\/onderzoekschemicals.com\/cs\/wp-json\/wp\/v2\/product\/23266\/revisions\/28754"}],"wp:featuredmedia":[{"embeddable":true,"href":"https:\/\/onderzoekschemicals.com\/cs\/wp-json\/wp\/v2\/media\/29393"}],"wp:attachment":[{"href":"https:\/\/onderzoekschemicals.com\/cs\/wp-json\/wp\/v2\/media?parent=23266"}],"wp:term":[{"taxonomy":"product_brand","embeddable":true,"href":"https:\/\/onderzoekschemicals.com\/cs\/wp-json\/wp\/v2\/product_brand?post=23266"},{"taxonomy":"product_cat","embeddable":true,"href":"https:\/\/onderzoekschemicals.com\/cs\/wp-json\/wp\/v2\/product_cat?post=23266"},{"taxonomy":"product_tag","embeddable":true,"href":"https:\/\/onderzoekschemicals.com\/cs\/wp-json\/wp\/v2\/product_tag?post=23266"}],"curies":[{"name":"wp","href":"https:\/\/api.w.org\/{rel}","templated":true}]}}