{"id":23140,"date":"2025-04-13T17:39:14","date_gmt":"2025-04-13T17:39:14","guid":{"rendered":"https:\/\/onderzoekschemicals.com\/?post_type=product&#038;p=23140"},"modified":"2025-11-28T21:06:22","modified_gmt":"2025-11-28T21:06:22","slug":"3-mmc-kopen-2","status":"publish","type":"product","link":"https:\/\/onderzoekschemicals.com\/cs\/shop\/verboden\/3-mmc-kopen-2\/","title":{"rendered":"3-MMC (3-methylmethcathinone)"},"content":{"rendered":"<h3><strong><span dir=\"auto\" style=\"vertical-align: inherit;\"><span dir=\"auto\" style=\"vertical-align: inherit;\">3-MMC (3-methylmethcathinon) \u2013 popis produktu, pou\u017eit\u00ed, vedlej\u0161\u00ed \u00fa\u010dinky a nej\u010dast\u011bj\u0161\u00ed dotazy<\/span><\/span><\/strong><\/h3>\n<p data-start=\"7198\" data-end=\"7512\"><strong data-start=\"7198\" data-end=\"7207\">3-MMC<\/strong>, nebo <strong data-start=\"7212\" data-end=\"7237\">3-methylmethcathinon<\/strong>, je <strong data-start=\"7246\" data-end=\"7281\">syntetick\u00e1 katinonov\u00e1 slou\u010denina<\/strong> z <strong data-start=\"7289\" data-end=\"7316\">Rodina \u03b2-ketoamfetaminu<\/strong>, souvisej\u00edc\u00ed s <strong data-start=\"7330\" data-end=\"7352\">mefedron (4-MMC)<\/strong>. <span class=\"___SBox_epc1q-ko_ ___SText_zko9t-ko_\" data-ui-name=\"Link.Text\">koupit 3mmc<\/span><br data-start=\"7353\" data-end=\"7356\" \/>Vy\u0161et\u0159uje se to uvnit\u0159 <strong data-start=\"7384\" data-end=\"7411\">forenzn\u00ed toxikologie<\/strong> a <strong data-start=\"7415\" data-end=\"7437\">analytick\u00e1 chemie<\/strong> jako sou\u010d\u00e1st studie o <strong data-start=\"7471\" data-end=\"7509\">nov\u00e9 psychoaktivn\u00ed l\u00e1tky (NPS)<\/strong>.<\/p>\n<p data-start=\"7514\" data-end=\"7604\">3-MMC m\u00e1 <strong data-start=\"7526\" data-end=\"7554\">\u017e\u00e1dn\u00e9 l\u00e9ka\u0159sk\u00e9 vyu\u017eit\u00ed<\/strong> a je v mnoha zem\u00edch <strong data-start=\"7576\" data-end=\"7603\">regulovan\u00e9 nebo zak\u00e1zan\u00e9<\/strong>.<\/p>\n<hr data-start=\"7606\" data-end=\"7609\" \/>\n<h2 data-start=\"7611\" data-end=\"7658\"><strong data-start=\"7614\" data-end=\"7658\">Chemick\u00e9 a farmakologick\u00e9 pozad\u00ed<\/strong><\/h2>\n<p data-start=\"7660\" data-end=\"7685\"><strong data-start=\"7660\" data-end=\"7685\">D\u016fle\u017eit\u00e9 informace:<\/strong><\/p>\n<ul data-start=\"7686\" data-end=\"7959\">\n<li data-start=\"7686\" data-end=\"7750\">\n<p data-start=\"7688\" data-end=\"7750\"><strong data-start=\"7688\" data-end=\"7703\">N\u00e1zev IUPAC:<\/strong> 2-(methylamino)-1-(3-methylfenyl)propan-1-on<\/p>\n<\/li>\n<li data-start=\"7751\" data-end=\"7784\">\n<p data-start=\"7753\" data-end=\"7784\"><strong data-start=\"7753\" data-end=\"7773\">Molekul\u00e1rn\u00ed vzorec:<\/strong> C11H15NO<\/p>\n<\/li>\n<li data-start=\"7785\" data-end=\"7821\">\n<p data-start=\"7787\" data-end=\"7821\"><strong data-start=\"7787\" data-end=\"7805\">Molekulov\u00e1 hmotnost:<\/strong> \u00b1177,25 g\/mol<\/p>\n<\/li>\n<li data-start=\"7822\" data-end=\"7871\">\n<p data-start=\"7824\" data-end=\"7871\"><strong data-start=\"7824\" data-end=\"7845\">Chemick\u00e1 t\u0159\u00edda:<\/strong> Syntetick\u00e9 katinony<\/p>\n<\/li>\n<li data-start=\"7872\" data-end=\"7959\">\n<p data-start=\"7874\" data-end=\"7959\"><strong data-start=\"7874\" data-end=\"7894\">Funkce receptoru:<\/strong> Nep\u0159\u00edm\u00e9 sympatomimetikum (p\u016fsob\u00ed na transport\u00e9ry monoamin\u016f).<\/p>\n<\/li>\n<\/ul>\n<p data-start=\"7961\" data-end=\"8076\">The <strong data-start=\"7964\" data-end=\"7995\">methylov\u00e1 skupina v poloze 3<\/strong> odli\u0161uje 3-MMC od 4-MMC a ovliv\u0148uje <strong data-start=\"8042\" data-end=\"8075\">farmakologick\u00e9 vlastnosti<\/strong>. <a href=\"https:\/\/onderzoekschemicals.com\/cs\/shop\/lysergamides\/1cp-lsd\/\">1 cp lsd<\/a><\/p>\n<hr data-start=\"8078\" data-end=\"8081\" \/>\n<h2 data-start=\"8083\" data-end=\"8110\"><strong data-start=\"8086\" data-end=\"8110\">V\u00fdzkumn\u00e9 \u00fa\u010dely<\/strong><\/h2>\n<p data-start=\"8112\" data-end=\"8138\">3-MMC se pou\u017e\u00edv\u00e1 pro:<\/p>\n<ul data-start=\"8139\" data-end=\"8417\">\n<li data-start=\"8139\" data-end=\"8199\">\n<p data-start=\"8141\" data-end=\"8199\"><strong data-start=\"8141\" data-end=\"8177\">V\u00fdvoj analytick\u00fdch metod<\/strong> pomoc\u00ed GC-MS a LC-MS. <span class=\"___SBox_epc1q-ko_ ___SText_zko9t-ko_\" data-ui-name=\"Link.Text\">koupit 3mmc<\/span><\/p>\n<\/li>\n<li data-start=\"8200\" data-end=\"8273\">\n<p data-start=\"8202\" data-end=\"8273\"><strong data-start=\"8202\" data-end=\"8226\">Forenzn\u00ed detekce<\/strong> v biologick\u00fdch i nebiologick\u00fdch vzorc\u00edch.<\/p>\n<\/li>\n<li data-start=\"8274\" data-end=\"8339\">\n<p data-start=\"8276\" data-end=\"8339\"><strong data-start=\"8276\" data-end=\"8314\">Struktur\u00e1ln\u00ed srovn\u00e1vac\u00ed v\u00fdzkum<\/strong> s dal\u0161\u00edmi katinony.<\/p>\n<\/li>\n<li data-start=\"8340\" data-end=\"8417\">\n<p data-start=\"8342\" data-end=\"8417\"><strong data-start=\"8342\" data-end=\"8371\">V\u00fdzkum ve\u0159ejn\u00e9ho zdrav\u00ed<\/strong> k trend\u016fm v oblasti nov\u00fdch stimulant\u016f.<\/p>\n<\/li>\n<\/ul>\n<hr data-start=\"8419\" data-end=\"8422\" \/>\n<h2 data-start=\"8424\" data-end=\"8468\"><strong data-start=\"8427\" data-end=\"8468\">Bezpe\u010dnostn\u00ed a pr\u00e1vn\u00ed aspekty<\/strong><\/h2>\n<p data-start=\"8470\" data-end=\"8487\"><strong data-start=\"8470\" data-end=\"8485\">Bezpe\u010dnost:<\/strong><\/p>\n<ul data-start=\"8488\" data-end=\"8718\">\n<li data-start=\"8488\" data-end=\"8554\">\n<p data-start=\"8490\" data-end=\"8554\">Manipulovat pouze <strong data-start=\"8511\" data-end=\"8551\">kvalifikovan\u00fd laboratorn\u00ed person\u00e1l<\/strong>.<\/p>\n<\/li>\n<li data-start=\"8555\" data-end=\"8628\">\n<p data-start=\"8557\" data-end=\"8628\">Pou\u017e\u00edv\u00e1n\u00ed <strong data-start=\"8565\" data-end=\"8625\">rukavice, ochrann\u00e9 br\u00fdle a ochrann\u00fd od\u011bv<\/strong>.<\/p>\n<\/li>\n<li data-start=\"8629\" data-end=\"8669\">\n<p data-start=\"8631\" data-end=\"8669\">Zabra\u0148te p\u0159\u00edm\u00e9mu kontaktu nebo vdechnut\u00ed.<\/p>\n<\/li>\n<li data-start=\"8670\" data-end=\"8718\">\n<p data-start=\"8672\" data-end=\"8718\">Sledovat v\u0161e <strong data-start=\"8682\" data-end=\"8715\">p\u0159edpisy o odpadech a skladov\u00e1n\u00ed<\/strong>.<\/p>\n<\/li>\n<\/ul>\n<p data-start=\"8720\" data-end=\"8895\"><strong data-start=\"8720\" data-end=\"8742\">Pr\u00e1vn\u00ed status:<\/strong><br data-start=\"8742\" data-end=\"8745\" \/>3-MMC je k dispozici v mnoha zem\u00edch <strong data-start=\"8769\" data-end=\"8796\">zak\u00e1zan\u00e9 nebo regulovan\u00e9<\/strong> pod <strong data-start=\"8806\" data-end=\"8818\">Opiov\u00fd z\u00e1kon<\/strong> nebo <strong data-start=\"8822\" data-end=\"8843\">analogick\u00e1 legislativa<\/strong>. <a href=\"https:\/\/onderzoekschemicals.com\/cs\/shop\/pellets-for-pellet\/o-dsmt-50mg-pellets\/\">o-dsmt<\/a><br data-start=\"8844\" data-end=\"8847\" \/>Pou\u017e\u00edv\u00e1n\u00ed nebo dr\u017een\u00ed bez povolen\u00ed je trestn\u00e9 ze z\u00e1kona.<\/p>\n<hr data-start=\"8897\" data-end=\"8900\" \/>\n<h2 data-start=\"8902\" data-end=\"8936\"><strong data-start=\"8905\" data-end=\"8936\">\u010casto kladen\u00e9 ot\u00e1zky (FAQ)<\/strong><\/h2>\n<h3 data-start=\"8938\" data-end=\"8981\"><strong data-start=\"8942\" data-end=\"8981\">1. K \u010demu se 3-MMC studuje?<\/strong><\/h3>\n<p data-start=\"8982\" data-end=\"9058\">Pro <strong data-start=\"8987\" data-end=\"9025\">analytick\u00fd a forenzn\u00ed v\u00fdzkum<\/strong> na detekci katinon\u016f a NPS.<\/p>\n<h3 data-start=\"9060\" data-end=\"9087\"><strong data-start=\"9064\" data-end=\"9087\">2. Je 3-MMC leg\u00e1ln\u00ed?<\/strong><\/h3>\n<p data-start=\"9088\" data-end=\"9150\">Ne, ve v\u011bt\u0161in\u011b zem\u00ed je 3-MMC <strong data-start=\"9122\" data-end=\"9149\">regulovan\u00e9 nebo zak\u00e1zan\u00e9<\/strong>.<\/p>\n<h3 data-start=\"9152\" data-end=\"9203\"><strong data-start=\"9156\" data-end=\"9203\">3. Jak by se m\u011blo bezpe\u010dn\u011b zach\u00e1zet s 3-MMC?<\/strong><\/h3>\n<p data-start=\"9204\" data-end=\"9308\">Pouze <strong data-start=\"9211\" data-end=\"9241\">profesion\u00e1ln\u00ed v\u00fdzkumn\u00edci<\/strong> m\u016f\u017ee s touto l\u00e1tkou manipulovat <strong data-start=\"9271\" data-end=\"9307\">vhodn\u00e1 bezpe\u010dnostn\u00ed opat\u0159en\u00ed<\/strong>.<\/p>\n<hr data-start=\"9310\" data-end=\"9313\" \/>\n<h2 data-start=\"9315\" data-end=\"9331\"><strong data-start=\"9318\" data-end=\"9331\">Z\u00e1v\u011br<\/strong><\/h2>\n<p data-start=\"9333\" data-end=\"9603\"><em data-start=\"9333\" data-end=\"9364\">3-MMC (3-methylmethcathinone)<\/em> je d\u016fle\u017eit\u00fdm p\u0159edm\u011btem studia v r\u00e1mci <strong data-start=\"9403\" data-end=\"9425\">forenzn\u00ed chemie<\/strong> a <strong data-start=\"9429\" data-end=\"9456\">toxikologick\u00fd v\u00fdzkum<\/strong>.<br data-start=\"9457\" data-end=\"9460\" \/>Pom\u00e1h\u00e1 to v\u011bdc\u016fm <strong data-start=\"9485\" data-end=\"9516\">nov\u00e9 stimula\u010dn\u00ed l\u00e1tky<\/strong> identifikovat a pochopit, za p\u0159edpokladu <strong data-start=\"9556\" data-end=\"9591\">bezpe\u010dn\u00e9 a pr\u00e1vn\u011b odpov\u011bdn\u00e9<\/strong> vy\u0161et\u0159ov\u00e1n.<\/p>","protected":false},"excerpt":{"rendered":"<h2><span dir=\"auto\" style=\"vertical-align: inherit;\"><span dir=\"auto\" style=\"vertical-align: inherit;\">Vlastnosti 3-MMC<\/span><\/span><\/h2>\n<p><strong><span dir=\"auto\" style=\"vertical-align: inherit;\"><span dir=\"auto\" style=\"vertical-align: inherit;\">Synonymum<\/span><\/span><\/strong><span dir=\"auto\" style=\"vertical-align: inherit;\"><span dir=\"auto\" style=\"vertical-align: inherit;\"> 2-(methylamino)-1-(3-methylfenyl)-1-propanon, monohydrochlorid <\/span><\/span><br \/>\n<strong><span dir=\"auto\" style=\"vertical-align: inherit;\"><span dir=\"auto\" style=\"vertical-align: inherit;\">\u010c\u00edslo CAS<\/span><\/span><\/strong><span dir=\"auto\" style=\"vertical-align: inherit;\"><span dir=\"auto\" style=\"vertical-align: inherit;\"> : 1246816-62-5 <\/span><\/span><br \/>\n<strong><span dir=\"auto\" style=\"vertical-align: inherit;\"><span dir=\"auto\" style=\"vertical-align: inherit;\">Vzorec<\/span><\/span><\/strong><span dir=\"auto\" style=\"vertical-align: inherit;\"><span dir=\"auto\" style=\"vertical-align: inherit;\"> : C11h15NO \u2022 HCL <\/span><\/span><br \/>\n<strong><span dir=\"auto\" style=\"vertical-align: inherit;\"><span dir=\"auto\" style=\"vertical-align: inherit;\">Mol\u00e1rn\u00ed hmotnost<\/span><\/span><\/strong><span dir=\"auto\" style=\"vertical-align: inherit;\"><span dir=\"auto\" style=\"vertical-align: inherit;\"> : 213.7 <\/span><\/span><br \/>\n<strong><span dir=\"auto\" style=\"vertical-align: inherit;\"><span dir=\"auto\" style=\"vertical-align: inherit;\">\u010cistota<\/span><\/span><\/strong><span dir=\"auto\" style=\"vertical-align: inherit;\"><span dir=\"auto\" style=\"vertical-align: inherit;\"> : \u226599%<\/span><\/span><\/p>","protected":false},"featured_media":29227,"comment_status":"closed","ping_status":"closed","template":"","meta":[],"product_brand":[],"product_cat":[488],"product_tag":[1147,930,326],"class_list":{"0":"post-23140","1":"product","2":"type-product","3":"status-publish","4":"has-post-thumbnail","6":"product_cat-verboden","7":"product_tag-3-mmc","8":"product_tag-3-mmc-kopen","9":"product_tag-nl","11":"first","12":"instock","13":"taxable","14":"shipping-taxable","15":"purchasable","16":"product-type-variable"},"_links":{"self":[{"href":"https:\/\/onderzoekschemicals.com\/cs\/wp-json\/wp\/v2\/product\/23140","targetHints":{"allow":["GET"]}}],"collection":[{"href":"https:\/\/onderzoekschemicals.com\/cs\/wp-json\/wp\/v2\/product"}],"about":[{"href":"https:\/\/onderzoekschemicals.com\/cs\/wp-json\/wp\/v2\/types\/product"}],"replies":[{"embeddable":true,"href":"https:\/\/onderzoekschemicals.com\/cs\/wp-json\/wp\/v2\/comments?post=23140"}],"version-history":[{"count":5,"href":"https:\/\/onderzoekschemicals.com\/cs\/wp-json\/wp\/v2\/product\/23140\/revisions"}],"predecessor-version":[{"id":28056,"href":"https:\/\/onderzoekschemicals.com\/cs\/wp-json\/wp\/v2\/product\/23140\/revisions\/28056"}],"wp:featuredmedia":[{"embeddable":true,"href":"https:\/\/onderzoekschemicals.com\/cs\/wp-json\/wp\/v2\/media\/29227"}],"wp:attachment":[{"href":"https:\/\/onderzoekschemicals.com\/cs\/wp-json\/wp\/v2\/media?parent=23140"}],"wp:term":[{"taxonomy":"product_brand","embeddable":true,"href":"https:\/\/onderzoekschemicals.com\/cs\/wp-json\/wp\/v2\/product_brand?post=23140"},{"taxonomy":"product_cat","embeddable":true,"href":"https:\/\/onderzoekschemicals.com\/cs\/wp-json\/wp\/v2\/product_cat?post=23140"},{"taxonomy":"product_tag","embeddable":true,"href":"https:\/\/onderzoekschemicals.com\/cs\/wp-json\/wp\/v2\/product_tag?post=23140"}],"curies":[{"name":"wp","href":"https:\/\/api.w.org\/{rel}","templated":true}]}}