{"id":27220,"date":"2025-08-14T11:24:18","date_gmt":"2025-08-14T11:24:18","guid":{"rendered":"https:\/\/onderzoekschemicals.com\/?page_id=27220"},"modified":"2025-10-11T17:55:59","modified_gmt":"2025-10-11T17:55:59","slug":"bestellen-en-levering-2","status":"publish","type":"page","link":"https:\/\/onderzoekschemicals.com\/cs\/bestellen-en-levering-2\/","title":{"rendered":"Objedn\u00e1n\u00ed a doru\u010den\u00ed"},"content":{"rendered":"<p><strong>Informace o objedn\u00e1vce<\/strong><br>Po zad\u00e1n\u00ed objedn\u00e1vky p\u0159es na\u0161e webov\u00e9 str\u00e1nky obdr\u017e\u00edte obratem potvrzovac\u00ed email. M\u016f\u017ee to skon\u010dit ve va\u0161\u00ed spamov\u00e9 schr\u00e1nce, tak\u017ee pokud ve sv\u00e9 doru\u010den\u00e9 po\u0161t\u011b nevid\u00edte potvrzen\u00ed, zkontrolujte to. V potvrzovac\u00edm e-mailu naleznete \u010d\u00edslo va\u0161\u00ed objedn\u00e1vky, pomoc\u00ed kter\u00e9ho m\u016f\u017eete sledovat stav va\u0161\u00ed objedn\u00e1vky. Jakmile bude va\u0161e objedn\u00e1vka odesl\u00e1na, obdr\u017e\u00edte e-mailem \u010d\u00edslo sledov\u00e1n\u00ed. Upozor\u0148ujeme, \u017ee tento proces m\u016f\u017ee b\u011bhem v\u00edkendu trvat trochu d\u00e9le. Pokud jste po jednom pracovn\u00edm dni neobdr\u017eeli \u010d\u00edslo sledov\u00e1n\u00ed, kontaktujte pros\u00edm n\u00e1\u0161 z\u00e1kaznick\u00fd servis p\u0159es WhatsApp dne 06.<\/p>\n\n\n\n<p><strong>Zp\u016fsoby dopravy<\/strong><br>Nab\u00edz\u00edme r\u016fzn\u00e9 mo\u017enosti dopravy, v\u010detn\u011b bal\u00edkov\u00e9 po\u0161ty a po\u0161tovn\u00ed schr\u00e1nky.<\/p>\n\n\n\n<p><strong>Bal\u00edkov\u00e1 po\u0161ta<\/strong><\/p>\n\n\n\n<ol class=\"wp-block-list\">\n<li>Bez spolu\u00fa\u010dasti: onderzoekschemicals.com je zodpov\u011bdn\u00fd, pokud v\u00e1\u0161 bal\u00edk nen\u00ed doru\u010den v souladu se syst\u00e9mem sledov\u00e1n\u00ed z\u00e1silky.<\/li>\n\n\n\n<li>Doru\u010den\u00ed na odb\u011brn\u00e9 m\u00edsto: M\u016f\u017eete si zvolit doru\u010den\u00ed objedn\u00e1vky na odb\u011brn\u00e9 m\u00edsto.<\/li>\n\n\n\n<li>Sledovat a sledovat: V\u017edy k dispozici.<\/li>\n\n\n\n<li>Doru\u010den\u00ed v pond\u011bl\u00ed: Bal\u00edk po\u0161tou je doru\u010dov\u00e1n tak\u00e9 v pond\u011bl\u00ed.<\/li>\n\n\n\n<li>Objedn\u00e1vky zadan\u00e9 do 19:30 budou odesl\u00e1ny t\u00fd\u017e pracovn\u00ed den.<\/li>\n<\/ol>\n\n\n\n<p>Upozorn\u011bn\u00ed: Pro p\u0159evzet\u00ed z\u00e1silky mus\u00edte b\u00fdt doma. Pokud nejste doma, m\u016f\u017eete si bal\u00ed\u010dek vyzvednout na nejbli\u017e\u0161\u00edm sb\u011brn\u00e9m m\u00edst\u011b. Garantujeme doru\u010den\u00ed na odb\u011brn\u00e9 m\u00edsto; Pot\u00e9 jste odpov\u011bdn\u00ed za vyzvednut\u00ed objedn\u00e1vky sami.<\/p>\n\n\n\n<p><strong>Po\u0161tovn\u00ed schr\u00e1nka<\/strong><\/p>\n\n\n\n<ol class=\"wp-block-list\">\n<li>Na vlastn\u00ed nebezpe\u010d\u00ed: onderzoekschemicals.com nenese odpov\u011bdnost za \u017e\u00e1dn\u00e9 probl\u00e9my s po\u0161tou do schr\u00e1nky.<\/li>\n\n\n\n<li>\u017d\u00e1dn\u00e1 mo\u017enost vyzvednut\u00ed bod\u016f.<\/li>\n\n\n\n<li>Omezen\u00e9 sledov\u00e1n\u00ed a sledov\u00e1n\u00ed: Prvn\u00ed skenov\u00e1n\u00ed je v\u017edy provedeno spr\u00e1vn\u011b, tak\u017ee si m\u016f\u017eete b\u00fdt jisti, \u017ee jsme dopis odeslali.<\/li>\n\n\n\n<li>\u017d\u00e1dn\u00e9 dod\u00e1vky v ned\u011bli a pond\u011bl\u00ed.<\/li>\n\n\n\n<li>Objedn\u00e1vky zadan\u00e9 do 17:00 budou odesl\u00e1ny t\u00fd\u017e pracovn\u00ed den.<\/li>\n<\/ol>\n\n\n\n<p>V\u00fdhoda: Pro p\u0159evzet\u00ed z\u00e1silky nemus\u00edte b\u00fdt doma.<\/p>\n\n\n\n<p><strong>Informace o p\u0159eprav\u011b<\/strong><\/p>\n\n\n\n<ul class=\"wp-block-list\">\n<li><strong>Bal\u00edkov\u00e1 po\u0161ta:<\/strong>&nbsp;Objedn\u00e1vky prost\u0159ednictv\u00edm bal\u00edkov\u00e9 po\u0161ty odes\u00edl\u00e1me ka\u017ed\u00fd pracovn\u00ed den v 19:30.<\/li>\n\n\n\n<li><strong>Po\u0161tovn\u00ed schr\u00e1nka:<\/strong>&nbsp;Objedn\u00e1vky zaslan\u00e9 po\u0161tovn\u00ed schr\u00e1nkou expedujeme ka\u017ed\u00fd pracovn\u00ed den v 17:00.<\/li>\n<\/ul>\n\n\n\n<p><strong>Ceny<\/strong><\/p>\n\n\n\n<ul class=\"wp-block-list\">\n<li>Doru\u010den\u00ed bal\u00edkem: 6,95 \u20ac<\/li>\n\n\n\n<li>Doru\u010den\u00ed po\u0161tovn\u00ed schr\u00e1nkou: 3,95 \u20ac<\/li>\n<\/ul>\n\n\n\n<p><strong>Diskr\u00e9tn\u00ed balen\u00ed<\/strong><br>V\u0161echny objedn\u00e1vky jsou diskr\u00e9tn\u011b zabaleny. Jedin\u00e9 informace na vn\u011bj\u0161\u00ed stran\u011b jsou va\u0161e adresa a na\u0161e zp\u00e1te\u010dn\u00ed adresa. Zp\u00e1te\u010dn\u00ed adresa je \u010d\u00edslo po\u0161tovn\u00ed schr\u00e1nky (k dispozici u z\u00e1kaznick\u00e9ho servisu), nikoli logo onderzoekschemicals.com.<br><\/p>\n\n\n\n<p><strong>Objedn\u00e1vky odes\u00edl\u00e1me pouze do n\u00e1sleduj\u00edc\u00edch zem\u00ed:<br><em>(pouze pevnina, \u017e\u00e1dn\u00e9 ostrovy)<\/em><\/strong><\/p>\n\n\n\n<ul class=\"wp-block-list\">\n<li>Nizozemsko<\/li>\n\n\n\n<li>Belgie<\/li>\n\n\n\n<li>Bulharsko<\/li>\n\n\n\n<li>Estonsko<\/li>\n\n\n\n<li>Francie<\/li>\n\n\n\n<li>\u0158ecko<\/li>\n\n\n\n<li>Ma\u010farsko<\/li>\n\n\n\n<li>Irsko<\/li>\n\n\n\n<li>It\u00e1lie<\/li>\n\n\n\n<li>Chorvatsko<\/li>\n\n\n\n<li>Loty\u0161sko<\/li>\n\n\n\n<li>Litva<\/li>\n\n\n\n<li>Lucembursko<\/li>\n\n\n\n<li>Rakousko<\/li>\n\n\n\n<li>Polsko<\/li>\n\n\n\n<li>Portugalsko<\/li>\n\n\n\n<li>Rumunsko<\/li>\n\n\n\n<li>Slovinsko<\/li>\n\n\n\n<li>Slovensko<\/li>\n\n\n\n<li>\u010cesk\u00e1 republika<\/li>\n\n\n\n<li>\u010c\u00edna<\/li>\n\n\n\n<li>D\u00e1nsko<\/li>\n\n\n\n<li>N\u011bmecko&nbsp;<em>(Brzy bude schv\u00e1leno: 1D-LSD \/ NB-5-MeO-DALT oxal\u00e1t \/ NB-5-MeO-MiPT oxal\u00e1t)<\/em><\/li>\n\n\n\n<li>Finsko<\/li>\n\n\n\n<li>Velk\u00e1 Brit\u00e1nie<\/li>\n\n\n\n<li>Norsko<\/li>\n\n\n\n<li>\u0160pan\u011blsko<\/li>\n\n\n\n<li>Spojen\u00e9 st\u00e1ty<\/li>\n\n\n\n<li>Ji\u017en\u00ed Korea<\/li>\n\n\n\n<li>\u0160v\u00e9dsko<\/li>\n\n\n\n<li>\u0160v\u00fdcarsko<\/li>\n<\/ul>\n\n\n\n<p><strong>Z\u0159eknut\u00ed se odpov\u011bdnosti<\/strong><\/p>\n\n\n\n<p>Jako z\u00e1kazn\u00edk webu onderzoekschemicals.com jste zodpov\u011bdn\u00ed za uveden\u00ed spr\u00e1vn\u00e9 dodac\u00ed adresy v r\u00e1mci povolen\u00fdch zem\u00ed. Jste zodpov\u011bdn\u00ed za ov\u011b\u0159en\u00ed, zda je produkt, kter\u00fd si objedn\u00e1te, ve va\u0161\u00ed zemi povolen.<\/p>\n\n\n\n<p><strong>N\u00e1vraty<\/strong><br>M\u016f\u017eete pou\u017e\u00edt PO Box, kter\u00fd jsme um\u00edstili na ka\u017edou z\u00e1silku, abyste v p\u0159\u00edpad\u011b pot\u0159eby vr\u00e1tili sv\u00e9 produkty. Do 2 t\u00fddn\u016f od obdr\u017een\u00ed m\u016f\u017eete neotev\u0159en\u00e9 produkty vr\u00e1tit a z\u00edskat plnou n\u00e1hradu nebo v\u00fdm\u011bnu.<\/p>\n\n\n\n<p><strong>Obal<\/strong><br>Produkty bal\u00edme do s\u00e1\u010dk\u016f s r\u016fzn\u00fdmi barvami a obsahem:<\/p>\n\n\n\n<ul class=\"wp-block-list\">\n<li>St\u0159\u00edbrn\u00e1 ta\u0161ka: 1 polo\u017eka<\/li>\n\n\n\n<li>Zlat\u00e1 ta\u0161ka: 2 polo\u017eky<\/li>\n\n\n\n<li>Fialov\u00e1 ta\u0161ka: 5 polo\u017eek<\/li>\n\n\n\n<li>Modr\u00e1 ta\u0161ka: 10 polo\u017eek<\/li>\n\n\n\n<li>\u010cern\u00e1 ta\u0161ka: 25 polo\u017eek<\/li>\n<\/ul>\n\n\n\n<p><strong>Platebn\u00ed metody<\/strong><br>Moment\u00e1ln\u011b je probl\u00e9m s iDEAL, ale st\u00e1le m\u016f\u017eete platit bankovn\u00edm p\u0159evodem. P\u0159eve\u010fte \u010d\u00e1stku n\u00e1kupu na n\u00e1\u0161 \u00fa\u010det a jako popis uve\u010fte prvn\u00ed \u010d\u00edslice \u010d\u00edsla objedn\u00e1vky.<\/p>","protected":false},"excerpt":{"rendered":"<p>Informace o objedn\u00e1vce Po odesl\u00e1n\u00ed objedn\u00e1vky prost\u0159ednictv\u00edm na\u0161ich webov\u00fdch str\u00e1nek obdr\u017e\u00edte neprodlen\u011b potvrzovac\u00ed e-mail. Tento e-mail se m\u016f\u017ee nach\u00e1zet ve va\u0161\u00ed schr\u00e1nce s nevy\u017e\u00e1danou po\u0161tou.<\/p>","protected":false},"author":1,"featured_media":0,"parent":0,"menu_order":0,"comment_status":"closed","ping_status":"closed","template":"","meta":{"footnotes":""},"class_list":["post-27220","page","type-page","status-publish","hentry"],"_links":{"self":[{"href":"https:\/\/onderzoekschemicals.com\/cs\/wp-json\/wp\/v2\/pages\/27220","targetHints":{"allow":["GET"]}}],"collection":[{"href":"https:\/\/onderzoekschemicals.com\/cs\/wp-json\/wp\/v2\/pages"}],"about":[{"href":"https:\/\/onderzoekschemicals.com\/cs\/wp-json\/wp\/v2\/types\/page"}],"author":[{"embeddable":true,"href":"https:\/\/onderzoekschemicals.com\/cs\/wp-json\/wp\/v2\/users\/1"}],"replies":[{"embeddable":true,"href":"https:\/\/onderzoekschemicals.com\/cs\/wp-json\/wp\/v2\/comments?post=27220"}],"version-history":[{"count":2,"href":"https:\/\/onderzoekschemicals.com\/cs\/wp-json\/wp\/v2\/pages\/27220\/revisions"}],"predecessor-version":[{"id":27725,"href":"https:\/\/onderzoekschemicals.com\/cs\/wp-json\/wp\/v2\/pages\/27220\/revisions\/27725"}],"wp:attachment":[{"href":"https:\/\/onderzoekschemicals.com\/cs\/wp-json\/wp\/v2\/media?parent=27220"}],"curies":[{"name":"wp","href":"https:\/\/api.w.org\/{rel}","templated":true}]}}